{"id":3913,"date":"2024-11-27T14:00:17","date_gmt":"2024-11-27T13:00:17","guid":{"rendered":"https:\/\/www.carimatech.com\/assistance-technique\/"},"modified":"2025-12-16T14:11:05","modified_gmt":"2025-12-16T13:11:05","slug":"assistance-technique","status":"publish","type":"page","link":"https:\/\/www.carimatech.com\/fr\/assistance-technique\/","title":{"rendered":"<b>Assistance technique<\/b>"},"content":{"rendered":"\t\t<div data-elementor-type=\"wp-page\" data-elementor-id=\"3913\" class=\"elementor elementor-3913 elementor-346\">\n\t\t\t\t<div class=\"elementor-element elementor-element-b79d525 e-flex e-con-boxed e-con e-parent\" data-id=\"b79d525\" data-element_type=\"container\" data-e-type=\"container\">\n\t\t\t\t\t<div class=\"e-con-inner\">\n\t\t<div class=\"elementor-element elementor-element-d3f451e e-con-full e-flex e-con e-child\" data-id=\"d3f451e\" data-element_type=\"container\" data-e-type=\"container\">\n\t\t\t\t<div class=\"elementor-element elementor-element-1e078b8 elementor-widget elementor-widget-text-editor\" data-id=\"1e078b8\" data-element_type=\"widget\" data-e-type=\"widget\" data-widget_type=\"text-editor.default\">\n\t\t\t\t<div class=\"elementor-widget-container\">\n\t\t\t\t\t\t\t\t\t<h3 class=\"p1\">Nous vous aidons \u00e0 trouver les <strong>solutions les plus adapt\u00e9es \u00e0 votre espace<\/strong><\/h3>\t\t\t\t\t\t\t\t<\/div>\n\t\t\t\t<\/div>\n\t\t\t\t<div class=\"elementor-element elementor-element-ee5b284 elementor-widget elementor-widget-text-editor\" data-id=\"ee5b284\" data-element_type=\"widget\" data-e-type=\"widget\" data-widget_type=\"text-editor.default\">\n\t\t\t\t<div class=\"elementor-widget-container\">\n\t\t\t\t\t\t\t\t\t<p>Notre \u00e9quipe de professionnels vous accompagne dans le choix des <strong>meilleures solutions et produits<\/strong> pour votre domicile, centre, r\u00e9sidence ou h\u00f4pital, qu\u2019il s\u2019agisse d\u2019une construction neuve ou d\u2019un projet de r\u00e9novation.<\/p>\t\t\t\t\t\t\t\t<\/div>\n\t\t\t\t<\/div>\n\t\t\t\t<\/div>\n\t\t\t\t\t<\/div>\n\t\t\t\t<\/div>\n\t\t<div class=\"elementor-element elementor-element-9bec6cc e-flex e-con-boxed e-con e-parent\" data-id=\"9bec6cc\" data-element_type=\"container\" data-e-type=\"container\">\n\t\t\t\t\t<div class=\"e-con-inner\">\n\t\t<div class=\"elementor-element elementor-element-261ec50 e-con-full e-flex e-con e-child\" data-id=\"261ec50\" data-element_type=\"container\" data-e-type=\"container\">\n\t\t<div class=\"elementor-element elementor-element-8862fc6 e-con-full marco-gris e-flex e-con e-child\" data-id=\"8862fc6\" data-element_type=\"container\" data-e-type=\"container\">\n\t\t\t\t<div class=\"elementor-element elementor-element-eab8108 elementor-widget elementor-widget-heading\" data-id=\"eab8108\" data-element_type=\"widget\" data-e-type=\"widget\" data-widget_type=\"heading.default\">\n\t\t\t\t<div class=\"elementor-widget-container\">\n\t\t\t\t\t<h3 class=\"elementor-heading-title elementor-size-default\">Besoin d\u2019une assistance technique ou de<b> service apr\u00e8s-vente<\/b> ?<span style=\"font-size: 2.18rem\"> <\/span><\/h3>\t\t\t\t<\/div>\n\t\t\t\t<\/div>\n\t\t\t\t<div class=\"elementor-element elementor-element-cbd2875 elementor-widget elementor-widget-text-editor\" data-id=\"cbd2875\" data-element_type=\"widget\" data-e-type=\"widget\" data-widget_type=\"text-editor.default\">\n\t\t\t\t<div class=\"elementor-widget-container\">\n\t\t\t\t\t\t\t\t\t<p><span style=\"font-weight: 400;\">Tous les produits Carima, \u00e0 l\u2019exception des batteries, b\u00e9n\u00e9ficient d\u2019une garantie de 3 ans.<\/span><\/p><p class=\"p1\">Pour demander la r\u00e9paration d\u2019un mat\u00e9riel sous garantie, il est indispensable de remplir le <b>formulaire de r\u00e9parations<\/b><b> <\/b><b> <\/b>et de joindre une copie de la preuve d\u2019achat du produit. <span class=\"Apple-converted-space\"> <\/span><\/p>\t\t\t\t\t\t\t\t<\/div>\n\t\t\t\t<\/div>\n\t\t\t\t<div class=\"elementor-element elementor-element-ec8f68c button-container elementor-widget elementor-widget-button\" data-id=\"ec8f68c\" data-element_type=\"widget\" data-e-type=\"widget\" data-widget_type=\"button.default\">\n\t\t\t\t<div class=\"elementor-widget-container\">\n\t\t\t\t\t\t\t\t\t<div class=\"elementor-button-wrapper\">\n\t\t\t\t\t<a class=\"elementor-button elementor-button-link elementor-size-sm\" href=\"https:\/\/www.carimatech.com\/fr\/formulaire-de-reparations\/\">\n\t\t\t\t\t\t<span class=\"elementor-button-content-wrapper\">\n\t\t\t\t\t\t\t\t\t<span class=\"elementor-button-text\">Formulaire de r\u00e9parations<\/span>\n\t\t\t\t\t<\/span>\n\t\t\t\t\t<\/a>\n\t\t\t\t<\/div>\n\t\t\t\t\t\t\t\t<\/div>\n\t\t\t\t<\/div>\n\t\t\t\t<\/div>\n\t\t<div class=\"elementor-element elementor-element-73e2e4a e-con-full bg-radius e-flex e-con e-child\" data-id=\"73e2e4a\" data-element_type=\"container\" data-e-type=\"container\" data-settings=\"{&quot;background_background&quot;:&quot;classic&quot;}\">\n\t\t\t\t<\/div>\n\t\t\t\t<\/div>\n\t\t\t\t\t<\/div>\n\t\t\t\t<\/div>\n\t\t<div class=\"elementor-element elementor-element-964b660 e-flex e-con-boxed e-con e-parent\" data-id=\"964b660\" data-element_type=\"container\" data-e-type=\"container\">\n\t\t\t\t\t<div class=\"e-con-inner\">\n\t\t<div class=\"elementor-element elementor-element-42151ae e-con-full e-flex e-con e-child\" data-id=\"42151ae\" data-element_type=\"container\" data-e-type=\"container\">\n\t\t<div class=\"elementor-element elementor-element-1055378 e-con-full bg-radius e-flex e-con e-child\" data-id=\"1055378\" data-element_type=\"container\" data-e-type=\"container\" data-settings=\"{&quot;background_background&quot;:&quot;classic&quot;}\">\n\t\t\t\t<\/div>\n\t\t<div class=\"elementor-element elementor-element-686e207 e-con-full marco-gris-oscuro e-flex e-con e-child\" data-id=\"686e207\" data-element_type=\"container\" data-e-type=\"container\">\n\t\t\t\t<div class=\"elementor-element elementor-element-4db0d46 elementor-widget elementor-widget-heading\" data-id=\"4db0d46\" data-element_type=\"widget\" data-e-type=\"widget\" data-widget_type=\"heading.default\">\n\t\t\t\t<div class=\"elementor-widget-container\">\n\t\t\t\t\t<h3 class=\"elementor-heading-title elementor-size-default\">Assistance technique pour les produits hors <b>garantie<\/b><\/h3>\t\t\t\t<\/div>\n\t\t\t\t<\/div>\n\t\t\t\t<div class=\"elementor-element elementor-element-a8135f1 elementor-widget elementor-widget-text-editor\" data-id=\"a8135f1\" data-element_type=\"widget\" data-e-type=\"widget\" data-widget_type=\"text-editor.default\">\n\t\t\t\t<div class=\"elementor-widget-container\">\n\t\t\t\t\t\t\t\t\t<p class=\"p1\">Si vous avez besoin d\u2019une r\u00e9paration sur un produit hors garantie, il vous suffit de <a href=\"https:\/\/www.carimatech.com\/fr\/contactez-nous\/\"><span class=\"s1\"><b>contacter notre \u00e9quipe technique <\/b><\/span><\/a>. <br \/>Nos professionnels \u00e9tabliront rapidement un diagnostic de l\u2019incident et vous proposeront la solution adapt\u00e9e ainsi qu\u2019un devis d\u00e9taill\u00e9 pour validation.<\/p><p class=\"p1\">Notre \u00e9quipe d\u2019assistance technique est \u00e0 votre disposition pour r\u00e9pondre \u00e0 toute question ou incident li\u00e9 aux produits Carima. Elle propose des solutions rapides et efficaces afin d\u2019assurer la continuit\u00e9 et la fiabilit\u00e9 de vos \u00e9quipements.<\/p>\t\t\t\t\t\t\t\t<\/div>\n\t\t\t\t<\/div>\n\t\t\t\t<\/div>\n\t\t\t\t<\/div>\n\t\t\t\t\t<\/div>\n\t\t\t\t<\/div>\n\t\t<div class=\"elementor-element elementor-element-13e29ba e-flex e-con-boxed e-con e-parent\" data-id=\"13e29ba\" data-element_type=\"container\" data-e-type=\"container\">\n\t\t\t\t\t<div class=\"e-con-inner\">\n\t\t<div class=\"elementor-element elementor-element-e1dfdd0 e-con-full e-flex e-con e-child\" data-id=\"e1dfdd0\" data-element_type=\"container\" data-e-type=\"container\">\n\t\t<div class=\"elementor-element elementor-element-fb6df41 e-con-full e-flex e-con e-child\" data-id=\"fb6df41\" data-element_type=\"container\" data-e-type=\"container\" data-settings=\"{&quot;background_background&quot;:&quot;classic&quot;}\">\n\t\t<div class=\"elementor-element elementor-element-64c928f e-con-full e-flex e-con e-child\" data-id=\"64c928f\" data-element_type=\"container\" data-e-type=\"container\">\n\t\t\t\t<div class=\"elementor-element elementor-element-ac23f86 elementor-widget elementor-widget-image\" data-id=\"ac23f86\" data-element_type=\"widget\" data-e-type=\"widget\" data-widget_type=\"image.default\">\n\t\t\t\t<div class=\"elementor-widget-container\">\n\t\t\t\t\t\t\t\t\t\t\t\t\t\t\t<img fetchpriority=\"high\" decoding=\"async\" width=\"789\" height=\"609\" src=\"https:\/\/www.carimatech.com\/app\/uploads\/2024\/11\/ctabanner.jpg\" class=\"attachment-large size-large wp-image-3909\" alt=\"\" srcset=\"https:\/\/www.carimatech.com\/app\/uploads\/2024\/11\/ctabanner.jpg 789w, https:\/\/www.carimatech.com\/app\/uploads\/2024\/11\/ctabanner-300x232.jpg 300w, https:\/\/www.carimatech.com\/app\/uploads\/2024\/11\/ctabanner-768x593.jpg 768w\" sizes=\"(max-width: 789px) 100vw, 789px\" \/>\t\t\t\t\t\t\t\t\t\t\t\t\t\t\t<\/div>\n\t\t\t\t<\/div>\n\t\t\t\t<\/div>\n\t\t<div class=\"elementor-element elementor-element-7fb25d6 e-con-full e-flex e-con e-child\" data-id=\"7fb25d6\" data-element_type=\"container\" data-e-type=\"container\">\n\t\t\t\t<div class=\"elementor-element elementor-element-c803323 elementor-widget__width-initial elementor-widget elementor-widget-heading\" data-id=\"c803323\" data-element_type=\"widget\" data-e-type=\"widget\" data-widget_type=\"heading.default\">\n\t\t\t\t<div class=\"elementor-widget-container\">\n\t\t\t\t\t<h2 class=\"elementor-heading-title elementor-size-default\">Nous sommes l\u00e0 pour<b> vous aider<\/b><\/h2>\t\t\t\t<\/div>\n\t\t\t\t<\/div>\n\t\t\t\t<div class=\"elementor-element elementor-element-0dd6a97 elementor-widget elementor-widget-text-editor\" data-id=\"0dd6a97\" data-element_type=\"widget\" data-e-type=\"widget\" data-widget_type=\"text-editor.default\">\n\t\t\t\t<div class=\"elementor-widget-container\">\n\t\t\t\t\t\t\t\t\t<p class=\"p1\">Pour toute autre question concernant nos produits ou services, vous pouvez nous contacter ou nous \u00e9crire \u00e0 l\u2019adresse info@carimatech.com.<\/p><p class=\"p1\">Nous mettons \u00e0 votre disposition la documentation technique et les manuels de tous nos produits. Vous pouvez \u00e9galement acc\u00e9der \u00e0 un formulaire de r\u00e9parations. <span class=\"Apple-converted-space\"> <\/span><\/p>\t\t\t\t\t\t\t\t<\/div>\n\t\t\t\t<\/div>\n\t\t\t\t<div class=\"elementor-element elementor-element-5cf7253 button-container elementor-widget elementor-widget-button\" data-id=\"5cf7253\" data-element_type=\"widget\" data-e-type=\"widget\" data-widget_type=\"button.default\">\n\t\t\t\t<div class=\"elementor-widget-container\">\n\t\t\t\t\t\t\t\t\t<div class=\"elementor-button-wrapper\">\n\t\t\t\t\t<a class=\"elementor-button elementor-button-link elementor-size-sm\" href=\"https:\/\/www.carimatech.com\/fr\/contactez-nous\/\">\n\t\t\t\t\t\t<span class=\"elementor-button-content-wrapper\">\n\t\t\t\t\t\t\t\t\t<span class=\"elementor-button-text\">Contactez d\u00e8s maintenant notre \u00e9quipe technique<\/span>\n\t\t\t\t\t<\/span>\n\t\t\t\t\t<\/a>\n\t\t\t\t<\/div>\n\t\t\t\t\t\t\t\t<\/div>\n\t\t\t\t<\/div>\n\t\t\t\t<\/div>\n\t\t\t\t<\/div>\n\t\t\t\t<\/div>\n\t\t\t\t\t<\/div>\n\t\t\t\t<\/div>\n\t\t<div class=\"elementor-element elementor-element-2141b33 e-flex e-con-boxed e-con e-parent\" data-id=\"2141b33\" data-element_type=\"container\" data-e-type=\"container\">\n\t\t\t\t\t<div class=\"e-con-inner\">\n\t\t<div class=\"elementor-element elementor-element-3fd2fe8 e-con-full e-flex e-con e-child\" data-id=\"3fd2fe8\" data-element_type=\"container\" data-e-type=\"container\">\n\t\t<a class=\"elementor-element elementor-element-1c580c0 e-con-full box-asistencia bg-radius e-flex e-con e-child\" data-id=\"1c580c0\" data-element_type=\"container\" data-e-type=\"container\" data-settings=\"{&quot;background_background&quot;:&quot;classic&quot;}\" href=\"https:\/\/www.carimatech.com\/fr\/documentation-technique\/\">\n\t\t<div class=\"elementor-element elementor-element-66ad008 e-con-full e-flex e-con e-child\" data-id=\"66ad008\" data-element_type=\"container\" data-e-type=\"container\">\n\t\t\t\t<div class=\"elementor-element elementor-element-452c106 elementor-widget elementor-widget-heading\" data-id=\"452c106\" data-element_type=\"widget\" data-e-type=\"widget\" data-widget_type=\"heading.default\">\n\t\t\t\t<div class=\"elementor-widget-container\">\n\t\t\t\t\t<h5 class=\"elementor-heading-title elementor-size-default\"><b>Documentation technique<\/b><\/h5>\t\t\t\t<\/div>\n\t\t\t\t<\/div>\n\t\t\t\t<div class=\"elementor-element elementor-element-2e5edc1 elementor-view-stacked elementor-shape-circle elementor-widget elementor-widget-icon\" data-id=\"2e5edc1\" data-element_type=\"widget\" data-e-type=\"widget\" data-widget_type=\"icon.default\">\n\t\t\t\t<div class=\"elementor-widget-container\">\n\t\t\t\t\t\t\t<div class=\"elementor-icon-wrapper\">\n\t\t\t<div class=\"elementor-icon\">\n\t\t\t<svg xmlns=\"http:\/\/www.w3.org\/2000\/svg\" width=\"17\" height=\"17\" viewBox=\"0 0 17 17\" fill=\"none\"><g id=\"Frame\"><path id=\"Vector\" d=\"M6.4375 12.625L10.5625 8.5L6.4375 4.375\" stroke=\"#646363\" stroke-width=\"1.5\" stroke-linecap=\"round\" stroke-linejoin=\"round\"><\/path><\/g><\/svg>\t\t\t<\/div>\n\t\t<\/div>\n\t\t\t\t\t\t<\/div>\n\t\t\t\t<\/div>\n\t\t\t\t<\/div>\n\t\t<div class=\"elementor-element elementor-element-35c29a4 e-con-full text e-flex e-con e-child\" data-id=\"35c29a4\" data-element_type=\"container\" data-e-type=\"container\">\n\t\t\t\t<div class=\"elementor-element elementor-element-8e10036 elementor-widget elementor-widget-text-editor\" data-id=\"8e10036\" data-element_type=\"widget\" data-e-type=\"widget\" data-widget_type=\"text-editor.default\">\n\t\t\t\t<div class=\"elementor-widget-container\">\n\t\t\t\t\t\t\t\t\t<p><span style=\"font-weight: 400; color: #ffffff;\">Acc\u00e9dez \u00e0 la documentation technique de nos produits <\/span><\/p>\t\t\t\t\t\t\t\t<\/div>\n\t\t\t\t<\/div>\n\t\t\t\t<\/div>\n\t\t\t\t<\/a>\n\t\t<a class=\"elementor-element elementor-element-84bf2dc e-con-full box-asistencia bg-radius e-flex e-con e-child\" data-id=\"84bf2dc\" data-element_type=\"container\" data-e-type=\"container\" data-settings=\"{&quot;background_background&quot;:&quot;classic&quot;}\" href=\"https:\/\/www.carimatech.com\/fr\/reparations\/\">\n\t\t<div class=\"elementor-element elementor-element-78c9ce9 e-con-full e-flex e-con e-child\" data-id=\"78c9ce9\" data-element_type=\"container\" data-e-type=\"container\">\n\t\t\t\t<div class=\"elementor-element elementor-element-b20a191 elementor-widget elementor-widget-heading\" data-id=\"b20a191\" data-element_type=\"widget\" data-e-type=\"widget\" data-widget_type=\"heading.default\">\n\t\t\t\t<div class=\"elementor-widget-container\">\n\t\t\t\t\t<h5 class=\"elementor-heading-title elementor-size-default\"><b>R\u00e9parations\n<\/b><\/h5>\t\t\t\t<\/div>\n\t\t\t\t<\/div>\n\t\t\t\t<div class=\"elementor-element elementor-element-0207ad9 elementor-view-stacked elementor-shape-circle elementor-widget elementor-widget-icon\" data-id=\"0207ad9\" data-element_type=\"widget\" data-e-type=\"widget\" data-widget_type=\"icon.default\">\n\t\t\t\t<div class=\"elementor-widget-container\">\n\t\t\t\t\t\t\t<div class=\"elementor-icon-wrapper\">\n\t\t\t<div class=\"elementor-icon\">\n\t\t\t<svg xmlns=\"http:\/\/www.w3.org\/2000\/svg\" width=\"17\" height=\"17\" viewBox=\"0 0 17 17\" fill=\"none\"><g id=\"Frame\"><path id=\"Vector\" d=\"M6.4375 12.625L10.5625 8.5L6.4375 4.375\" stroke=\"#646363\" stroke-width=\"1.5\" stroke-linecap=\"round\" stroke-linejoin=\"round\"><\/path><\/g><\/svg>\t\t\t<\/div>\n\t\t<\/div>\n\t\t\t\t\t\t<\/div>\n\t\t\t\t<\/div>\n\t\t\t\t<\/div>\n\t\t<div class=\"elementor-element elementor-element-7c27f83 e-con-full text e-flex e-con e-child\" data-id=\"7c27f83\" data-element_type=\"container\" data-e-type=\"container\">\n\t\t\t\t<div class=\"elementor-element elementor-element-1269031 elementor-widget elementor-widget-text-editor\" data-id=\"1269031\" data-element_type=\"widget\" data-e-type=\"widget\" data-widget_type=\"text-editor.default\">\n\t\t\t\t<div class=\"elementor-widget-container\">\n\t\t\t\t\t\t\t\t\t<p class=\"p1\"><span style=\"color: #ffffff;\">Avez-vous besoin de pi\u00e8ces d\u00e9tach\u00e9es d\u2019origine pour les produits Carima ?<\/span><\/p>\t\t\t\t\t\t\t\t<\/div>\n\t\t\t\t<\/div>\n\t\t\t\t<\/div>\n\t\t\t\t<\/a>\n\t\t\t\t<\/div>\n\t\t\t\t\t<\/div>\n\t\t\t\t<\/div>\n\t\t\t\t<\/div>\n\t\t","protected":false},"excerpt":{"rendered":"<p>Notre \u00e9quipe de professionnels vous accompagne dans le choix des meilleures solutions et produits pour votre domicile, centre, r\u00e9sidence ou h\u00f4pital, qu\u2019il s\u2019agisse d\u2019une construction neuve ou d\u2019un projet de r\u00e9novation.<\/p>\n","protected":false},"author":1,"featured_media":3912,"parent":0,"menu_order":0,"comment_status":"closed","ping_status":"closed","template":"","meta":{"_acf_changed":false,"footnotes":""},"class_list":["post-3913","page","type-page","status-publish","has-post-thumbnail","hentry"],"acf":[],"yoast_head":"<!-- This site is optimized with the Yoast SEO plugin v27.5 - https:\/\/yoast.com\/product\/yoast-seo-wordpress\/ -->\n<title>Assistance technique - Carima<\/title>\n<meta name=\"robots\" content=\"index, follow, max-snippet:-1, max-image-preview:large, max-video-preview:-1\" \/>\n<link rel=\"canonical\" href=\"https:\/\/www.carimatech.com\/fr\/assistance-technique\/\" \/>\n<meta property=\"og:locale\" content=\"fr_FR\" \/>\n<meta property=\"og:type\" content=\"article\" \/>\n<meta property=\"og:title\" content=\"Assistance technique - Carima\" \/>\n<meta property=\"og:description\" content=\"Notre \u00e9quipe de professionnels vous accompagne dans le choix des meilleures solutions et produits pour votre domicile, centre, r\u00e9sidence ou h\u00f4pital, qu\u2019il s\u2019agisse d\u2019une construction neuve ou d\u2019un projet de r\u00e9novation.\" \/>\n<meta property=\"og:url\" content=\"https:\/\/www.carimatech.com\/fr\/assistance-technique\/\" \/>\n<meta property=\"og:site_name\" content=\"Carima\" \/>\n<meta property=\"article:modified_time\" content=\"2025-12-16T13:11:05+00:00\" \/>\n<meta property=\"og:image\" content=\"https:\/\/www.carimatech.com\/app\/uploads\/2025\/02\/20240612_205227-scaled-e1738661992111.jpg\" \/>\n\t<meta property=\"og:image:width\" content=\"2560\" \/>\n\t<meta property=\"og:image:height\" content=\"870\" \/>\n\t<meta property=\"og:image:type\" content=\"image\/jpeg\" \/>\n<meta name=\"twitter:card\" content=\"summary_large_image\" \/>\n<meta name=\"twitter:label1\" content=\"Dur\u00e9e de lecture estim\u00e9e\" \/>\n\t<meta name=\"twitter:data1\" content=\"2 minutes\" \/>\n<script type=\"application\/ld+json\" class=\"yoast-schema-graph\">{\"@context\":\"https:\\\/\\\/schema.org\",\"@graph\":[{\"@type\":\"WebPage\",\"@id\":\"https:\\\/\\\/www.carimatech.com\\\/fr\\\/assistance-technique\\\/\",\"url\":\"https:\\\/\\\/www.carimatech.com\\\/fr\\\/assistance-technique\\\/\",\"name\":\"Assistance technique - Carima\",\"isPartOf\":{\"@id\":\"https:\\\/\\\/www.carimatech.com\\\/fr\\\/#website\"},\"primaryImageOfPage\":{\"@id\":\"https:\\\/\\\/www.carimatech.com\\\/fr\\\/assistance-technique\\\/#primaryimage\"},\"image\":{\"@id\":\"https:\\\/\\\/www.carimatech.com\\\/fr\\\/assistance-technique\\\/#primaryimage\"},\"thumbnailUrl\":\"https:\\\/\\\/www.carimatech.com\\\/app\\\/uploads\\\/2025\\\/02\\\/20240612_205227-scaled-e1738661992111.jpg\",\"datePublished\":\"2024-11-27T13:00:17+00:00\",\"dateModified\":\"2025-12-16T13:11:05+00:00\",\"breadcrumb\":{\"@id\":\"https:\\\/\\\/www.carimatech.com\\\/fr\\\/assistance-technique\\\/#breadcrumb\"},\"inLanguage\":\"fr-FR\",\"potentialAction\":[{\"@type\":\"ReadAction\",\"target\":[\"https:\\\/\\\/www.carimatech.com\\\/fr\\\/assistance-technique\\\/\"]}]},{\"@type\":\"ImageObject\",\"inLanguage\":\"fr-FR\",\"@id\":\"https:\\\/\\\/www.carimatech.com\\\/fr\\\/assistance-technique\\\/#primaryimage\",\"url\":\"https:\\\/\\\/www.carimatech.com\\\/app\\\/uploads\\\/2025\\\/02\\\/20240612_205227-scaled-e1738661992111.jpg\",\"contentUrl\":\"https:\\\/\\\/www.carimatech.com\\\/app\\\/uploads\\\/2025\\\/02\\\/20240612_205227-scaled-e1738661992111.jpg\",\"width\":2560,\"height\":870},{\"@type\":\"BreadcrumbList\",\"@id\":\"https:\\\/\\\/www.carimatech.com\\\/fr\\\/assistance-technique\\\/#breadcrumb\",\"itemListElement\":[{\"@type\":\"ListItem\",\"position\":1,\"name\":\"Portada\",\"item\":\"https:\\\/\\\/www.carimatech.com\\\/fr\\\/home\\\/\"},{\"@type\":\"ListItem\",\"position\":2,\"name\":\"Assistance technique\"}]},{\"@type\":\"WebSite\",\"@id\":\"https:\\\/\\\/www.carimatech.com\\\/fr\\\/#website\",\"url\":\"https:\\\/\\\/www.carimatech.com\\\/fr\\\/\",\"name\":\"Carima\",\"description\":\"\",\"potentialAction\":[{\"@type\":\"SearchAction\",\"target\":{\"@type\":\"EntryPoint\",\"urlTemplate\":\"https:\\\/\\\/www.carimatech.com\\\/fr\\\/?s={search_term_string}\"},\"query-input\":{\"@type\":\"PropertyValueSpecification\",\"valueRequired\":true,\"valueName\":\"search_term_string\"}}],\"inLanguage\":\"fr-FR\"}]}<\/script>\n<!-- \/ Yoast SEO plugin. -->","yoast_head_json":{"title":"Assistance technique - Carima","robots":{"index":"index","follow":"follow","max-snippet":"max-snippet:-1","max-image-preview":"max-image-preview:large","max-video-preview":"max-video-preview:-1"},"canonical":"https:\/\/www.carimatech.com\/fr\/assistance-technique\/","og_locale":"fr_FR","og_type":"article","og_title":"Assistance technique - Carima","og_description":"Notre \u00e9quipe de professionnels vous accompagne dans le choix des meilleures solutions et produits pour votre domicile, centre, r\u00e9sidence ou h\u00f4pital, qu\u2019il s\u2019agisse d\u2019une construction neuve ou d\u2019un projet de r\u00e9novation.","og_url":"https:\/\/www.carimatech.com\/fr\/assistance-technique\/","og_site_name":"Carima","article_modified_time":"2025-12-16T13:11:05+00:00","og_image":[{"width":2560,"height":870,"url":"https:\/\/www.carimatech.com\/app\/uploads\/2025\/02\/20240612_205227-scaled-e1738661992111.jpg","type":"image\/jpeg"}],"twitter_card":"summary_large_image","twitter_misc":{"Dur\u00e9e de lecture estim\u00e9e":"2 minutes"},"schema":{"@context":"https:\/\/schema.org","@graph":[{"@type":"WebPage","@id":"https:\/\/www.carimatech.com\/fr\/assistance-technique\/","url":"https:\/\/www.carimatech.com\/fr\/assistance-technique\/","name":"Assistance technique - Carima","isPartOf":{"@id":"https:\/\/www.carimatech.com\/fr\/#website"},"primaryImageOfPage":{"@id":"https:\/\/www.carimatech.com\/fr\/assistance-technique\/#primaryimage"},"image":{"@id":"https:\/\/www.carimatech.com\/fr\/assistance-technique\/#primaryimage"},"thumbnailUrl":"https:\/\/www.carimatech.com\/app\/uploads\/2025\/02\/20240612_205227-scaled-e1738661992111.jpg","datePublished":"2024-11-27T13:00:17+00:00","dateModified":"2025-12-16T13:11:05+00:00","breadcrumb":{"@id":"https:\/\/www.carimatech.com\/fr\/assistance-technique\/#breadcrumb"},"inLanguage":"fr-FR","potentialAction":[{"@type":"ReadAction","target":["https:\/\/www.carimatech.com\/fr\/assistance-technique\/"]}]},{"@type":"ImageObject","inLanguage":"fr-FR","@id":"https:\/\/www.carimatech.com\/fr\/assistance-technique\/#primaryimage","url":"https:\/\/www.carimatech.com\/app\/uploads\/2025\/02\/20240612_205227-scaled-e1738661992111.jpg","contentUrl":"https:\/\/www.carimatech.com\/app\/uploads\/2025\/02\/20240612_205227-scaled-e1738661992111.jpg","width":2560,"height":870},{"@type":"BreadcrumbList","@id":"https:\/\/www.carimatech.com\/fr\/assistance-technique\/#breadcrumb","itemListElement":[{"@type":"ListItem","position":1,"name":"Portada","item":"https:\/\/www.carimatech.com\/fr\/home\/"},{"@type":"ListItem","position":2,"name":"Assistance technique"}]},{"@type":"WebSite","@id":"https:\/\/www.carimatech.com\/fr\/#website","url":"https:\/\/www.carimatech.com\/fr\/","name":"Carima","description":"","potentialAction":[{"@type":"SearchAction","target":{"@type":"EntryPoint","urlTemplate":"https:\/\/www.carimatech.com\/fr\/?s={search_term_string}"},"query-input":{"@type":"PropertyValueSpecification","valueRequired":true,"valueName":"search_term_string"}}],"inLanguage":"fr-FR"}]}},"_links":{"self":[{"href":"https:\/\/www.carimatech.com\/fr\/wp-json\/wp\/v2\/pages\/3913","targetHints":{"allow":["GET"]}}],"collection":[{"href":"https:\/\/www.carimatech.com\/fr\/wp-json\/wp\/v2\/pages"}],"about":[{"href":"https:\/\/www.carimatech.com\/fr\/wp-json\/wp\/v2\/types\/page"}],"author":[{"embeddable":true,"href":"https:\/\/www.carimatech.com\/fr\/wp-json\/wp\/v2\/users\/1"}],"replies":[{"embeddable":true,"href":"https:\/\/www.carimatech.com\/fr\/wp-json\/wp\/v2\/comments?post=3913"}],"version-history":[{"count":16,"href":"https:\/\/www.carimatech.com\/fr\/wp-json\/wp\/v2\/pages\/3913\/revisions"}],"predecessor-version":[{"id":4428,"href":"https:\/\/www.carimatech.com\/fr\/wp-json\/wp\/v2\/pages\/3913\/revisions\/4428"}],"wp:featuredmedia":[{"embeddable":true,"href":"https:\/\/www.carimatech.com\/fr\/wp-json\/wp\/v2\/media\/3912"}],"wp:attachment":[{"href":"https:\/\/www.carimatech.com\/fr\/wp-json\/wp\/v2\/media?parent=3913"}],"curies":[{"name":"wp","href":"https:\/\/api.w.org\/{rel}","templated":true}]}}