{"id":3919,"date":"2025-01-29T13:48:59","date_gmt":"2025-01-29T12:48:59","guid":{"rendered":"https:\/\/www.carimatech.com\/documentation-technique\/"},"modified":"2025-12-18T15:18:13","modified_gmt":"2025-12-18T14:18:13","slug":"documentation-technique","status":"publish","type":"page","link":"https:\/\/www.carimatech.com\/fr\/documentation-technique\/","title":{"rendered":"Documentation technique"},"content":{"rendered":"\t\t<div data-elementor-type=\"wp-page\" data-elementor-id=\"3919\" class=\"elementor elementor-3919 elementor-648\">\n\t\t\t\t<div class=\"elementor-element elementor-element-4e4ddf0 e-flex e-con-boxed e-con e-parent\" data-id=\"4e4ddf0\" data-element_type=\"container\" data-e-type=\"container\">\n\t\t\t\t\t<div class=\"e-con-inner\">\n\t\t<div class=\"elementor-element elementor-element-425a73d e-con-full e-flex e-con e-child\" data-id=\"425a73d\" data-element_type=\"container\" data-e-type=\"container\">\n\t\t\t\t<div class=\"elementor-element elementor-element-03e2d61 elementor-widget elementor-widget-text-editor\" data-id=\"03e2d61\" data-element_type=\"widget\" data-e-type=\"widget\" data-widget_type=\"text-editor.default\">\n\t\t\t\t<div class=\"elementor-widget-container\">\n\t\t\t\t\t\t\t\t\t<p><span style=\"font-weight: 400; color: #000000;\">Acc\u00e9dez \u00e0 la <strong>documentation technique<\/strong> de l&rsquo;un de nos produits.<\/span><\/p>\t\t\t\t\t\t\t\t<\/div>\n\t\t\t\t<\/div>\n\t\t\t\t<\/div>\n\t\t<div class=\"elementor-element elementor-element-9abf33b e-con-full e-flex e-con e-child\" data-id=\"9abf33b\" data-element_type=\"container\" data-e-type=\"container\">\n\t\t\t\t<\/div>\n\t\t\t\t\t<\/div>\n\t\t\t\t<\/div>\n\t\t<div class=\"elementor-element elementor-element-adef919 e-flex e-con-boxed e-con e-parent\" data-id=\"adef919\" data-element_type=\"container\" data-e-type=\"container\">\n\t\t\t\t\t<div class=\"e-con-inner\">\n\t\t<div class=\"elementor-element elementor-element-e061cbc e-con-full e-flex e-con e-child\" data-id=\"e061cbc\" data-element_type=\"container\" data-e-type=\"container\">\n\t\t<div class=\"elementor-element elementor-element-824a559 e-con-full box-asistencia bg-radius e-flex e-con e-child\" data-id=\"824a559\" data-element_type=\"container\" data-e-type=\"container\" data-settings=\"{&quot;background_background&quot;:&quot;classic&quot;}\">\n\t\t\t\t<div class=\"elementor-element elementor-element-5d5c127 elementor-widget elementor-widget-heading\" data-id=\"5d5c127\" data-element_type=\"widget\" data-e-type=\"widget\" data-widget_type=\"heading.default\">\n\t\t\t\t<div class=\"elementor-widget-container\">\n\t\t\t\t\t<h5 class=\"elementor-heading-title elementor-size-default\"><b>Moteur plafonnier Move\n<\/b><\/h5>\t\t\t\t<\/div>\n\t\t\t\t<\/div>\n\t\t\t\t<div class=\"elementor-element elementor-element-72c2a15 elementor-view-stacked elementor-shape-circle elementor-widget elementor-widget-icon\" data-id=\"72c2a15\" data-element_type=\"widget\" data-e-type=\"widget\" data-widget_type=\"icon.default\">\n\t\t\t\t<div class=\"elementor-widget-container\">\n\t\t\t\t\t\t\t<div class=\"elementor-icon-wrapper\">\n\t\t\t<a class=\"elementor-icon\" href=\"https:\/\/www.carimatech.com\/app\/uploads\/2025\/12\/Grue-Motor-MOVE.pdf\" target=\"_blank\">\n\t\t\t<svg xmlns=\"http:\/\/www.w3.org\/2000\/svg\" width=\"24\" height=\"24\" viewBox=\"0 0 24 24\" fill=\"none\"><path d=\"M15 2H6C5.46957 2 4.96086 2.21071 4.58579 2.58579C4.21071 2.96086 4 3.46957 4 4V20C4 20.5304 4.21071 21.0391 4.58579 21.4142C4.96086 21.7893 5.46957 22 6 22H18C18.5304 22 19.0391 21.7893 19.4142 21.4142C19.7893 21.0391 20 20.5304 20 20V7L15 2Z\" stroke=\"#646363\" stroke-width=\"1.5\" stroke-linecap=\"round\" stroke-linejoin=\"round\"><\/path><path d=\"M14 2V6C14 6.53043 14.2107 7.03914 14.5858 7.41421C14.9609 7.78929 15.4696 8 16 8H20\" stroke=\"#646363\" stroke-width=\"1.5\" stroke-linecap=\"round\" stroke-linejoin=\"round\"><\/path><path d=\"M12 18V12\" stroke=\"#646363\" stroke-width=\"1.5\" stroke-linecap=\"round\" stroke-linejoin=\"round\"><\/path><path d=\"M9 15L12 18L15 15\" stroke=\"#646363\" stroke-width=\"1.5\" stroke-linecap=\"round\" stroke-linejoin=\"round\"><\/path><\/svg>\t\t\t<\/a>\n\t\t<\/div>\n\t\t\t\t\t\t<\/div>\n\t\t\t\t<\/div>\n\t\t<div class=\"elementor-element elementor-element-8aca394 e-con-full text e-flex e-con e-child\" data-id=\"8aca394\" data-element_type=\"container\" data-e-type=\"container\">\n\t\t\t\t<div class=\"elementor-element elementor-element-c215fa7 elementor-widget elementor-widget-text-editor\" data-id=\"c215fa7\" data-element_type=\"widget\" data-e-type=\"widget\" data-widget_type=\"text-editor.default\">\n\t\t\t\t<div class=\"elementor-widget-container\">\n\t\t\t\t\t\t\t\t\t<p><span style=\"font-weight: 400; color: #ffffff;\">Moteur nomade, transportable par le soignant vers d\u2019autres espaces \u00e9quip\u00e9s en rails de l\u2019\u00e9tablissement, gr\u00e2ce \u00e0 son syst\u00e8me de d\u00e9crochage rapide.<\/span><\/p>\t\t\t\t\t\t\t\t<\/div>\n\t\t\t\t<\/div>\n\t\t\t\t<\/div>\n\t\t\t\t<\/div>\n\t\t<div class=\"elementor-element elementor-element-9c2c03a e-con-full box-asistencia bg-radius e-flex e-con e-child\" data-id=\"9c2c03a\" data-element_type=\"container\" data-e-type=\"container\" data-settings=\"{&quot;background_background&quot;:&quot;classic&quot;}\">\n\t\t\t\t<div class=\"elementor-element elementor-element-95f5d59 elementor-widget elementor-widget-heading\" data-id=\"95f5d59\" data-element_type=\"widget\" data-e-type=\"widget\" data-widget_type=\"heading.default\">\n\t\t\t\t<div class=\"elementor-widget-container\">\n\t\t\t\t\t<h5 class=\"elementor-heading-title elementor-size-default\"><b>Moteur plafonnier Fix\n<\/b><\/h5>\t\t\t\t<\/div>\n\t\t\t\t<\/div>\n\t\t\t\t<div class=\"elementor-element elementor-element-0afe720 elementor-view-stacked elementor-shape-circle elementor-widget elementor-widget-icon\" data-id=\"0afe720\" data-element_type=\"widget\" data-e-type=\"widget\" data-widget_type=\"icon.default\">\n\t\t\t\t<div class=\"elementor-widget-container\">\n\t\t\t\t\t\t\t<div class=\"elementor-icon-wrapper\">\n\t\t\t<a class=\"elementor-icon\" href=\"https:\/\/www.carimatech.com\/app\/uploads\/2025\/12\/Grue-Motor-FIX.pdf\" target=\"_blank\">\n\t\t\t<svg xmlns=\"http:\/\/www.w3.org\/2000\/svg\" width=\"24\" height=\"24\" viewBox=\"0 0 24 24\" fill=\"none\"><path d=\"M15 2H6C5.46957 2 4.96086 2.21071 4.58579 2.58579C4.21071 2.96086 4 3.46957 4 4V20C4 20.5304 4.21071 21.0391 4.58579 21.4142C4.96086 21.7893 5.46957 22 6 22H18C18.5304 22 19.0391 21.7893 19.4142 21.4142C19.7893 21.0391 20 20.5304 20 20V7L15 2Z\" stroke=\"#646363\" stroke-width=\"1.5\" stroke-linecap=\"round\" stroke-linejoin=\"round\"><\/path><path d=\"M14 2V6C14 6.53043 14.2107 7.03914 14.5858 7.41421C14.9609 7.78929 15.4696 8 16 8H20\" stroke=\"#646363\" stroke-width=\"1.5\" stroke-linecap=\"round\" stroke-linejoin=\"round\"><\/path><path d=\"M12 18V12\" stroke=\"#646363\" stroke-width=\"1.5\" stroke-linecap=\"round\" stroke-linejoin=\"round\"><\/path><path d=\"M9 15L12 18L15 15\" stroke=\"#646363\" stroke-width=\"1.5\" stroke-linecap=\"round\" stroke-linejoin=\"round\"><\/path><\/svg>\t\t\t<\/a>\n\t\t<\/div>\n\t\t\t\t\t\t<\/div>\n\t\t\t\t<\/div>\n\t\t<div class=\"elementor-element elementor-element-a7bbc07 e-con-full text e-flex e-con e-child\" data-id=\"a7bbc07\" data-element_type=\"container\" data-e-type=\"container\">\n\t\t\t\t<div class=\"elementor-element elementor-element-1915eb6 elementor-widget elementor-widget-text-editor\" data-id=\"1915eb6\" data-element_type=\"widget\" data-e-type=\"widget\" data-widget_type=\"text-editor.default\">\n\t\t\t\t<div class=\"elementor-widget-container\">\n\t\t\t\t\t\t\t\t\t<p><span style=\"font-weight: 400; color: #ffffff;\">Moteur plafonnier\u00a0 FIX repr\u00e9sente une avanc\u00e9e majeure pour les transferts, avec un design simple et compact qui r\u00e9pond \u00e0 tous les besoins de transfert.<\/span><\/p>\t\t\t\t\t\t\t\t<\/div>\n\t\t\t\t<\/div>\n\t\t\t\t<\/div>\n\t\t\t\t<\/div>\n\t\t<div class=\"elementor-element elementor-element-c22e7cf e-con-full box-asistencia bg-radius e-flex e-con e-child\" data-id=\"c22e7cf\" data-element_type=\"container\" data-e-type=\"container\" data-settings=\"{&quot;background_background&quot;:&quot;classic&quot;}\">\n\t\t\t\t<div class=\"elementor-element elementor-element-02873db elementor-widget elementor-widget-heading\" data-id=\"02873db\" data-element_type=\"widget\" data-e-type=\"widget\" data-widget_type=\"heading.default\">\n\t\t\t\t<div class=\"elementor-widget-container\">\n\t\t\t\t\t<h5 class=\"elementor-heading-title elementor-size-default\"><b>Moteur plafonnier  Fix-S<\/b><\/h5>\t\t\t\t<\/div>\n\t\t\t\t<\/div>\n\t\t\t\t<div class=\"elementor-element elementor-element-c2a90e0 elementor-view-stacked elementor-shape-circle elementor-widget elementor-widget-icon\" data-id=\"c2a90e0\" data-element_type=\"widget\" data-e-type=\"widget\" data-widget_type=\"icon.default\">\n\t\t\t\t<div class=\"elementor-widget-container\">\n\t\t\t\t\t\t\t<div class=\"elementor-icon-wrapper\">\n\t\t\t<a class=\"elementor-icon\" href=\"https:\/\/www.carimatech.com\/app\/uploads\/2025\/12\/Grue-Motor-FIX-S.pdf\" target=\"_blank\">\n\t\t\t<svg xmlns=\"http:\/\/www.w3.org\/2000\/svg\" width=\"24\" height=\"24\" viewBox=\"0 0 24 24\" fill=\"none\"><path d=\"M15 2H6C5.46957 2 4.96086 2.21071 4.58579 2.58579C4.21071 2.96086 4 3.46957 4 4V20C4 20.5304 4.21071 21.0391 4.58579 21.4142C4.96086 21.7893 5.46957 22 6 22H18C18.5304 22 19.0391 21.7893 19.4142 21.4142C19.7893 21.0391 20 20.5304 20 20V7L15 2Z\" stroke=\"#646363\" stroke-width=\"1.5\" stroke-linecap=\"round\" stroke-linejoin=\"round\"><\/path><path d=\"M14 2V6C14 6.53043 14.2107 7.03914 14.5858 7.41421C14.9609 7.78929 15.4696 8 16 8H20\" stroke=\"#646363\" stroke-width=\"1.5\" stroke-linecap=\"round\" stroke-linejoin=\"round\"><\/path><path d=\"M12 18V12\" stroke=\"#646363\" stroke-width=\"1.5\" stroke-linecap=\"round\" stroke-linejoin=\"round\"><\/path><path d=\"M9 15L12 18L15 15\" stroke=\"#646363\" stroke-width=\"1.5\" stroke-linecap=\"round\" stroke-linejoin=\"round\"><\/path><\/svg>\t\t\t<\/a>\n\t\t<\/div>\n\t\t\t\t\t\t<\/div>\n\t\t\t\t<\/div>\n\t\t<div class=\"elementor-element elementor-element-bdabfef e-con-full text e-flex e-con e-child\" data-id=\"bdabfef\" data-element_type=\"container\" data-e-type=\"container\">\n\t\t\t\t<div class=\"elementor-element elementor-element-2027e6b elementor-widget elementor-widget-text-editor\" data-id=\"2027e6b\" data-element_type=\"widget\" data-e-type=\"widget\" data-widget_type=\"text-editor.default\">\n\t\t\t\t<div class=\"elementor-widget-container\">\n\t\t\t\t\t\t\t\t\t<p><span style=\"font-weight: 400; color: #ffffff;\">Une solution qui concentre les fonctions essentielles, un exemple \u00e9l\u00e9gant de simplicit\u00e9 et de fiabilit\u00e9.<\/span><\/p>\t\t\t\t\t\t\t\t<\/div>\n\t\t\t\t<\/div>\n\t\t\t\t<\/div>\n\t\t\t\t<\/div>\n\t\t\t\t<\/div>\n\t\t\t\t\t<\/div>\n\t\t\t\t<\/div>\n\t\t\t\t<\/div>\n\t\t","protected":false},"excerpt":{"rendered":"<p>Acc\u00e9dez \u00e0 la documentation technique de l&rsquo;un de nos produits. Moteur plafonnier Move Moteur nomade, transportable par le soignant vers d\u2019autres espaces \u00e9quip\u00e9s en rails de l\u2019\u00e9tablissement, gr\u00e2ce \u00e0 son&#8230;<\/p>\n","protected":false},"author":1,"featured_media":3910,"parent":0,"menu_order":0,"comment_status":"closed","ping_status":"closed","template":"","meta":{"_acf_changed":false,"footnotes":""},"class_list":["post-3919","page","type-page","status-publish","has-post-thumbnail","hentry"],"acf":[],"yoast_head":"<!-- This site is optimized with the Yoast SEO plugin v27.5 - https:\/\/yoast.com\/product\/yoast-seo-wordpress\/ -->\n<title>Documentation technique - Carima<\/title>\n<meta name=\"robots\" content=\"index, follow, max-snippet:-1, max-image-preview:large, max-video-preview:-1\" \/>\n<link rel=\"canonical\" href=\"https:\/\/www.carimatech.com\/fr\/documentation-technique\/\" \/>\n<meta property=\"og:locale\" content=\"fr_FR\" \/>\n<meta property=\"og:type\" content=\"article\" \/>\n<meta property=\"og:title\" content=\"Documentation technique - Carima\" \/>\n<meta property=\"og:description\" content=\"Acc\u00e9dez \u00e0 la documentation technique de l&rsquo;un de nos produits. Moteur plafonnier Move Moteur nomade, transportable par le soignant vers d\u2019autres espaces \u00e9quip\u00e9s en rails de l\u2019\u00e9tablissement, gr\u00e2ce \u00e0 son...\" \/>\n<meta property=\"og:url\" content=\"https:\/\/www.carimatech.com\/fr\/documentation-technique\/\" \/>\n<meta property=\"og:site_name\" content=\"Carima\" \/>\n<meta property=\"article:modified_time\" content=\"2025-12-18T14:18:13+00:00\" \/>\n<meta property=\"og:image\" content=\"https:\/\/www.carimatech.com\/app\/uploads\/2025\/02\/20240612_203658-scaled.jpg\" \/>\n\t<meta property=\"og:image:width\" content=\"2560\" \/>\n\t<meta property=\"og:image:height\" content=\"1440\" \/>\n\t<meta property=\"og:image:type\" content=\"image\/jpeg\" \/>\n<meta name=\"twitter:card\" content=\"summary_large_image\" \/>\n<meta name=\"twitter:label1\" content=\"Dur\u00e9e de lecture estim\u00e9e\" \/>\n\t<meta name=\"twitter:data1\" content=\"1 minute\" \/>\n<script type=\"application\/ld+json\" class=\"yoast-schema-graph\">{\"@context\":\"https:\\\/\\\/schema.org\",\"@graph\":[{\"@type\":\"WebPage\",\"@id\":\"https:\\\/\\\/www.carimatech.com\\\/fr\\\/documentation-technique\\\/\",\"url\":\"https:\\\/\\\/www.carimatech.com\\\/fr\\\/documentation-technique\\\/\",\"name\":\"Documentation technique - Carima\",\"isPartOf\":{\"@id\":\"https:\\\/\\\/www.carimatech.com\\\/fr\\\/#website\"},\"primaryImageOfPage\":{\"@id\":\"https:\\\/\\\/www.carimatech.com\\\/fr\\\/documentation-technique\\\/#primaryimage\"},\"image\":{\"@id\":\"https:\\\/\\\/www.carimatech.com\\\/fr\\\/documentation-technique\\\/#primaryimage\"},\"thumbnailUrl\":\"https:\\\/\\\/www.carimatech.com\\\/app\\\/uploads\\\/2025\\\/02\\\/20240612_203658-scaled.jpg\",\"datePublished\":\"2025-01-29T12:48:59+00:00\",\"dateModified\":\"2025-12-18T14:18:13+00:00\",\"breadcrumb\":{\"@id\":\"https:\\\/\\\/www.carimatech.com\\\/fr\\\/documentation-technique\\\/#breadcrumb\"},\"inLanguage\":\"fr-FR\",\"potentialAction\":[{\"@type\":\"ReadAction\",\"target\":[\"https:\\\/\\\/www.carimatech.com\\\/fr\\\/documentation-technique\\\/\"]}]},{\"@type\":\"ImageObject\",\"inLanguage\":\"fr-FR\",\"@id\":\"https:\\\/\\\/www.carimatech.com\\\/fr\\\/documentation-technique\\\/#primaryimage\",\"url\":\"https:\\\/\\\/www.carimatech.com\\\/app\\\/uploads\\\/2025\\\/02\\\/20240612_203658-scaled.jpg\",\"contentUrl\":\"https:\\\/\\\/www.carimatech.com\\\/app\\\/uploads\\\/2025\\\/02\\\/20240612_203658-scaled.jpg\",\"width\":2560,\"height\":1440},{\"@type\":\"BreadcrumbList\",\"@id\":\"https:\\\/\\\/www.carimatech.com\\\/fr\\\/documentation-technique\\\/#breadcrumb\",\"itemListElement\":[{\"@type\":\"ListItem\",\"position\":1,\"name\":\"Portada\",\"item\":\"https:\\\/\\\/www.carimatech.com\\\/fr\\\/home\\\/\"},{\"@type\":\"ListItem\",\"position\":2,\"name\":\"Documentation technique\"}]},{\"@type\":\"WebSite\",\"@id\":\"https:\\\/\\\/www.carimatech.com\\\/fr\\\/#website\",\"url\":\"https:\\\/\\\/www.carimatech.com\\\/fr\\\/\",\"name\":\"Carima\",\"description\":\"\",\"potentialAction\":[{\"@type\":\"SearchAction\",\"target\":{\"@type\":\"EntryPoint\",\"urlTemplate\":\"https:\\\/\\\/www.carimatech.com\\\/fr\\\/?s={search_term_string}\"},\"query-input\":{\"@type\":\"PropertyValueSpecification\",\"valueRequired\":true,\"valueName\":\"search_term_string\"}}],\"inLanguage\":\"fr-FR\"}]}<\/script>\n<!-- \/ Yoast SEO plugin. -->","yoast_head_json":{"title":"Documentation technique - Carima","robots":{"index":"index","follow":"follow","max-snippet":"max-snippet:-1","max-image-preview":"max-image-preview:large","max-video-preview":"max-video-preview:-1"},"canonical":"https:\/\/www.carimatech.com\/fr\/documentation-technique\/","og_locale":"fr_FR","og_type":"article","og_title":"Documentation technique - Carima","og_description":"Acc\u00e9dez \u00e0 la documentation technique de l&rsquo;un de nos produits. Moteur plafonnier Move Moteur nomade, transportable par le soignant vers d\u2019autres espaces \u00e9quip\u00e9s en rails de l\u2019\u00e9tablissement, gr\u00e2ce \u00e0 son...","og_url":"https:\/\/www.carimatech.com\/fr\/documentation-technique\/","og_site_name":"Carima","article_modified_time":"2025-12-18T14:18:13+00:00","og_image":[{"width":2560,"height":1440,"url":"https:\/\/www.carimatech.com\/app\/uploads\/2025\/02\/20240612_203658-scaled.jpg","type":"image\/jpeg"}],"twitter_card":"summary_large_image","twitter_misc":{"Dur\u00e9e de lecture estim\u00e9e":"1 minute"},"schema":{"@context":"https:\/\/schema.org","@graph":[{"@type":"WebPage","@id":"https:\/\/www.carimatech.com\/fr\/documentation-technique\/","url":"https:\/\/www.carimatech.com\/fr\/documentation-technique\/","name":"Documentation technique - Carima","isPartOf":{"@id":"https:\/\/www.carimatech.com\/fr\/#website"},"primaryImageOfPage":{"@id":"https:\/\/www.carimatech.com\/fr\/documentation-technique\/#primaryimage"},"image":{"@id":"https:\/\/www.carimatech.com\/fr\/documentation-technique\/#primaryimage"},"thumbnailUrl":"https:\/\/www.carimatech.com\/app\/uploads\/2025\/02\/20240612_203658-scaled.jpg","datePublished":"2025-01-29T12:48:59+00:00","dateModified":"2025-12-18T14:18:13+00:00","breadcrumb":{"@id":"https:\/\/www.carimatech.com\/fr\/documentation-technique\/#breadcrumb"},"inLanguage":"fr-FR","potentialAction":[{"@type":"ReadAction","target":["https:\/\/www.carimatech.com\/fr\/documentation-technique\/"]}]},{"@type":"ImageObject","inLanguage":"fr-FR","@id":"https:\/\/www.carimatech.com\/fr\/documentation-technique\/#primaryimage","url":"https:\/\/www.carimatech.com\/app\/uploads\/2025\/02\/20240612_203658-scaled.jpg","contentUrl":"https:\/\/www.carimatech.com\/app\/uploads\/2025\/02\/20240612_203658-scaled.jpg","width":2560,"height":1440},{"@type":"BreadcrumbList","@id":"https:\/\/www.carimatech.com\/fr\/documentation-technique\/#breadcrumb","itemListElement":[{"@type":"ListItem","position":1,"name":"Portada","item":"https:\/\/www.carimatech.com\/fr\/home\/"},{"@type":"ListItem","position":2,"name":"Documentation technique"}]},{"@type":"WebSite","@id":"https:\/\/www.carimatech.com\/fr\/#website","url":"https:\/\/www.carimatech.com\/fr\/","name":"Carima","description":"","potentialAction":[{"@type":"SearchAction","target":{"@type":"EntryPoint","urlTemplate":"https:\/\/www.carimatech.com\/fr\/?s={search_term_string}"},"query-input":{"@type":"PropertyValueSpecification","valueRequired":true,"valueName":"search_term_string"}}],"inLanguage":"fr-FR"}]}},"_links":{"self":[{"href":"https:\/\/www.carimatech.com\/fr\/wp-json\/wp\/v2\/pages\/3919","targetHints":{"allow":["GET"]}}],"collection":[{"href":"https:\/\/www.carimatech.com\/fr\/wp-json\/wp\/v2\/pages"}],"about":[{"href":"https:\/\/www.carimatech.com\/fr\/wp-json\/wp\/v2\/types\/page"}],"author":[{"embeddable":true,"href":"https:\/\/www.carimatech.com\/fr\/wp-json\/wp\/v2\/users\/1"}],"replies":[{"embeddable":true,"href":"https:\/\/www.carimatech.com\/fr\/wp-json\/wp\/v2\/comments?post=3919"}],"version-history":[{"count":7,"href":"https:\/\/www.carimatech.com\/fr\/wp-json\/wp\/v2\/pages\/3919\/revisions"}],"predecessor-version":[{"id":4533,"href":"https:\/\/www.carimatech.com\/fr\/wp-json\/wp\/v2\/pages\/3919\/revisions\/4533"}],"wp:featuredmedia":[{"embeddable":true,"href":"https:\/\/www.carimatech.com\/fr\/wp-json\/wp\/v2\/media\/3910"}],"wp:attachment":[{"href":"https:\/\/www.carimatech.com\/fr\/wp-json\/wp\/v2\/media?parent=3919"}],"curies":[{"name":"wp","href":"https:\/\/api.w.org\/{rel}","templated":true}]}}