{"id":3976,"date":"2024-11-27T13:22:04","date_gmt":"2024-11-27T12:22:04","guid":{"rendered":"https:\/\/www.carimatech.com\/services-2\/evaluations-et-bureau-technique\/"},"modified":"2025-12-16T14:57:35","modified_gmt":"2025-12-16T13:57:35","slug":"evaluations-et-bureau-technique","status":"publish","type":"page","link":"https:\/\/www.carimatech.com\/fr\/services-2\/evaluations-et-bureau-technique\/","title":{"rendered":"<b>\u00c9valuations et bureau technique<\/b>"},"content":{"rendered":"\t\t<div data-elementor-type=\"wp-page\" data-elementor-id=\"3976\" class=\"elementor elementor-3976 elementor-313\">\n\t\t\t\t<div class=\"elementor-element elementor-element-282bc27 e-flex e-con-boxed e-con e-parent\" data-id=\"282bc27\" data-element_type=\"container\" data-e-type=\"container\">\n\t\t\t\t\t<div class=\"e-con-inner\">\n\t\t<div class=\"elementor-element elementor-element-a4ecc8b e-con-full e-flex e-con e-child\" data-id=\"a4ecc8b\" data-element_type=\"container\" data-e-type=\"container\">\n\t\t<div class=\"elementor-element elementor-element-3453357 e-con-full e-flex e-con e-child\" data-id=\"3453357\" data-element_type=\"container\" data-e-type=\"container\">\n\t\t\t\t<div class=\"elementor-element elementor-element-3c66c4c elementor-widget elementor-widget-heading\" data-id=\"3c66c4c\" data-element_type=\"widget\" data-e-type=\"widget\" data-widget_type=\"heading.default\">\n\t\t\t\t<div class=\"elementor-widget-container\">\n\t\t\t\t\t<h3 class=\"elementor-heading-title elementor-size-default\">Le soin apport\u00e9 \u00e0<b> chaque d\u00e9tail<\/b>\n<\/h3>\t\t\t\t<\/div>\n\t\t\t\t<\/div>\n\t\t\t\t<div class=\"elementor-element elementor-element-ea8f297 elementor-widget elementor-widget-text-editor\" data-id=\"ea8f297\" data-element_type=\"widget\" data-e-type=\"widget\" data-widget_type=\"text-editor.default\">\n\t\t\t\t<div class=\"elementor-widget-container\">\n\t\t\t\t\t\t\t\t\t<p class=\"p1\">Chez Carima, nous vous accompagnons toujours avec la plus grande rigueur et le plus grand professionnalisme. <\/p><p class=\"p1\">Qu\u2019il s\u2019agisse d\u2019une intervention \u00e0 domicile, dans un \u00e9tablissement de sant\u00e9, un EHPAD, un centre de jour, un complexe sportif, un h\u00f4tel ou un b\u00e2timent public, nous savons que le temps et le budget de nos clients sont pr\u00e9cieux. C\u2019est pourquoi nous privil\u00e9gions toujours la pr\u00e9cision. Pour chaque demande de devis, notre \u00e9quipe de conseillers r\u00e9alise une \u00e9tude approfondie de l\u2019espace concern\u00e9 ainsi que des besoins sp\u00e9cifiques des personnes impliqu\u00e9es : personnel soignant, aidants et utilisateurs finaux de la solution de transfert.<br><br><span class=\"Apple-converted-space\"><br><\/span> <\/p>\t\t\t\t\t\t\t\t<\/div>\n\t\t\t\t<\/div>\n\t\t\t\t<\/div>\n\t\t<div class=\"elementor-element elementor-element-42d9c72 e-con-full bg-radius e-flex e-con e-child\" data-id=\"42d9c72\" data-element_type=\"container\" data-e-type=\"container\" data-settings=\"{&quot;background_background&quot;:&quot;classic&quot;}\">\n\t\t\t\t<\/div>\n\t\t\t\t<\/div>\n\t\t\t\t\t<\/div>\n\t\t\t\t<\/div>\n\t\t<div class=\"elementor-element elementor-element-4773fb7 e-flex e-con-boxed e-con e-parent\" data-id=\"4773fb7\" data-element_type=\"container\" data-e-type=\"container\">\n\t\t\t\t\t<div class=\"e-con-inner\">\n\t\t<div class=\"elementor-element elementor-element-ae35c35 e-con-full e-flex e-con e-child\" data-id=\"ae35c35\" data-element_type=\"container\" data-e-type=\"container\">\n\t\t<div class=\"elementor-element elementor-element-3392de2 e-con-full bg-radius e-flex e-con e-child\" data-id=\"3392de2\" data-element_type=\"container\" data-e-type=\"container\" data-settings=\"{&quot;background_background&quot;:&quot;classic&quot;}\">\n\t\t\t\t<\/div>\n\t\t<div class=\"elementor-element elementor-element-d7fb4e7 e-con-full marco-gris e-flex e-con e-child\" data-id=\"d7fb4e7\" data-element_type=\"container\" data-e-type=\"container\">\n\t\t\t\t<div class=\"elementor-element elementor-element-0599ade elementor-widget elementor-widget-text-editor\" data-id=\"0599ade\" data-element_type=\"widget\" data-e-type=\"widget\" data-widget_type=\"text-editor.default\">\n\t\t\t\t<div class=\"elementor-widget-container\">\n\t\t\t\t\t\t\t\t\t<p class=\"p1\">Apr\u00e8s l\u2019\u00e9valuation, nous \u00e9laborons un projet sur mesure avec les meilleures solutions et \u00e9quipements de transfert, adapt\u00e9s au centre, \u00e0 la r\u00e9sidence, \u00e0 l\u2019h\u00f4pital ou au domicile concern\u00e9. Tous les espaces, qu\u2019ils soient existants ou en cours de construction, peuvent \u00eatre am\u00e9nag\u00e9s avec une solution Carima. Forts de plus de 20 ans d\u2019exp\u00e9rience dans le secteur, les professionnels de notre bureau technique garantissent la meilleure r\u00e9ponse \u00e0 chaque besoin.<\/p><p class=\"p1\">Chez Carima, nous avons accompagn\u00e9 des centaines de projets de transfert. Nous vous invitons \u00e0 d\u00e9couvrir quelques-unes de ces r\u00e9alisations dans notre section <a href=\"https:\/\/www.carimatech.com\/fr\/projets-realises\/\"><strong><span class=\"s1\">projets r\u00e9alis\u00e9s <\/span><\/strong><\/a><br>et \u00e0 nous contacter pour b\u00e9n\u00e9ficier de nos conseils ainsi que d\u2019un devis gratuit, sans engagement. <\/p>\t\t\t\t\t\t\t\t<\/div>\n\t\t\t\t<\/div>\n\t\t\t\t<div class=\"elementor-element elementor-element-bfc3c75 button-container elementor-widget elementor-widget-button\" data-id=\"bfc3c75\" data-element_type=\"widget\" data-e-type=\"widget\" data-widget_type=\"button.default\">\n\t\t\t\t<div class=\"elementor-widget-container\">\n\t\t\t\t\t\t\t\t\t<div class=\"elementor-button-wrapper\">\n\t\t\t\t\t<a class=\"elementor-button elementor-button-link elementor-size-sm\" href=\"https:\/\/www.carimatech.com\/fr\/contactez-nous\/\">\n\t\t\t\t\t\t<span class=\"elementor-button-content-wrapper\">\n\t\t\t\t\t\t\t\t\t<span class=\"elementor-button-text\">Demander un conseil et un devis gratuit<\/span>\n\t\t\t\t\t<\/span>\n\t\t\t\t\t<\/a>\n\t\t\t\t<\/div>\n\t\t\t\t\t\t\t\t<\/div>\n\t\t\t\t<\/div>\n\t\t\t\t<\/div>\n\t\t\t\t<\/div>\n\t\t\t\t\t<\/div>\n\t\t\t\t<\/div>\n\t\t<div class=\"elementor-element elementor-element-34949f0 e-flex e-con-boxed e-con e-parent\" data-id=\"34949f0\" data-element_type=\"container\" data-e-type=\"container\">\n\t\t\t\t\t<div class=\"e-con-inner\">\n\t\t<div class=\"elementor-element elementor-element-fa6ebe7 e-con-full e-flex e-con e-child\" data-id=\"fa6ebe7\" data-element_type=\"container\" data-e-type=\"container\">\n\t\t<a class=\"elementor-element elementor-element-48f51f0 e-con-full box-asistencia bg-radius e-flex e-con e-child\" data-id=\"48f51f0\" data-element_type=\"container\" data-e-type=\"container\" data-settings=\"{&quot;background_background&quot;:&quot;classic&quot;}\" href=\"https:\/\/www.carimatech.com\/fr\/services-2\/installation\/\">\n\t\t<div class=\"elementor-element elementor-element-bf955fa e-con-full e-flex e-con e-child\" data-id=\"bf955fa\" data-element_type=\"container\" data-e-type=\"container\">\n\t\t\t\t<div class=\"elementor-element elementor-element-d02e50f elementor-widget elementor-widget-heading\" data-id=\"d02e50f\" data-element_type=\"widget\" data-e-type=\"widget\" data-widget_type=\"heading.default\">\n\t\t\t\t<div class=\"elementor-widget-container\">\n\t\t\t\t\t<h5 class=\"elementor-heading-title elementor-size-default\"><b>Installation<\/b><\/h5>\t\t\t\t<\/div>\n\t\t\t\t<\/div>\n\t\t\t\t<div class=\"elementor-element elementor-element-076922d elementor-view-stacked elementor-shape-circle elementor-widget elementor-widget-icon\" data-id=\"076922d\" data-element_type=\"widget\" data-e-type=\"widget\" data-widget_type=\"icon.default\">\n\t\t\t\t<div class=\"elementor-widget-container\">\n\t\t\t\t\t\t\t<div class=\"elementor-icon-wrapper\">\n\t\t\t<div class=\"elementor-icon\">\n\t\t\t<svg xmlns=\"http:\/\/www.w3.org\/2000\/svg\" width=\"17\" height=\"17\" viewBox=\"0 0 17 17\" fill=\"none\"><g id=\"Frame\"><path id=\"Vector\" d=\"M6.4375 12.625L10.5625 8.5L6.4375 4.375\" stroke=\"#646363\" stroke-width=\"1.5\" stroke-linecap=\"round\" stroke-linejoin=\"round\"><\/path><\/g><\/svg>\t\t\t<\/div>\n\t\t<\/div>\n\t\t\t\t\t\t<\/div>\n\t\t\t\t<\/div>\n\t\t\t\t<\/div>\n\t\t<div class=\"elementor-element elementor-element-4efc9b0 e-con-full text e-flex e-con e-child\" data-id=\"4efc9b0\" data-element_type=\"container\" data-e-type=\"container\">\n\t\t\t\t<div class=\"elementor-element elementor-element-6f7c084 elementor-widget elementor-widget-text-editor\" data-id=\"6f7c084\" data-element_type=\"widget\" data-e-type=\"widget\" data-widget_type=\"text-editor.default\">\n\t\t\t\t<div class=\"elementor-widget-container\">\n\t\t\t\t\t\t\t\t\t<p><span style=\"color: #ffffff;\">Il est essentiel de disposer d\u2019un syst\u00e8me de transfert qui offre les meilleures garanties de s\u00e9curit\u00e9 et de fiabilit\u00e9.<\/span><\/p>\t\t\t\t\t\t\t\t<\/div>\n\t\t\t\t<\/div>\n\t\t\t\t<\/div>\n\t\t\t\t<\/a>\n\t\t<a class=\"elementor-element elementor-element-2f69dc1 e-con-full box-asistencia bg-radius e-flex e-con e-child\" data-id=\"2f69dc1\" data-element_type=\"container\" data-e-type=\"container\" data-settings=\"{&quot;background_background&quot;:&quot;classic&quot;}\" href=\"https:\/\/www.carimatech.com\/fr\/services-2\/maintenance-et-reparation\/\">\n\t\t<div class=\"elementor-element elementor-element-f95ddb1 e-con-full e-flex e-con e-child\" data-id=\"f95ddb1\" data-element_type=\"container\" data-e-type=\"container\">\n\t\t\t\t<div class=\"elementor-element elementor-element-0168068 elementor-widget elementor-widget-heading\" data-id=\"0168068\" data-element_type=\"widget\" data-e-type=\"widget\" data-widget_type=\"heading.default\">\n\t\t\t\t<div class=\"elementor-widget-container\">\n\t\t\t\t\t<h5 class=\"elementor-heading-title elementor-size-default\"><b>Maintenance et r\u00e9paration<\/b><\/h5>\t\t\t\t<\/div>\n\t\t\t\t<\/div>\n\t\t\t\t<div class=\"elementor-element elementor-element-d4d087f elementor-view-stacked elementor-shape-circle elementor-widget elementor-widget-icon\" data-id=\"d4d087f\" data-element_type=\"widget\" data-e-type=\"widget\" data-widget_type=\"icon.default\">\n\t\t\t\t<div class=\"elementor-widget-container\">\n\t\t\t\t\t\t\t<div class=\"elementor-icon-wrapper\">\n\t\t\t<div class=\"elementor-icon\">\n\t\t\t<svg xmlns=\"http:\/\/www.w3.org\/2000\/svg\" width=\"17\" height=\"17\" viewBox=\"0 0 17 17\" fill=\"none\"><g id=\"Frame\"><path id=\"Vector\" d=\"M6.4375 12.625L10.5625 8.5L6.4375 4.375\" stroke=\"#646363\" stroke-width=\"1.5\" stroke-linecap=\"round\" stroke-linejoin=\"round\"><\/path><\/g><\/svg>\t\t\t<\/div>\n\t\t<\/div>\n\t\t\t\t\t\t<\/div>\n\t\t\t\t<\/div>\n\t\t\t\t<\/div>\n\t\t<div class=\"elementor-element elementor-element-fc31245 e-con-full text e-flex e-con e-child\" data-id=\"fc31245\" data-element_type=\"container\" data-e-type=\"container\">\n\t\t\t\t<div class=\"elementor-element elementor-element-662b2c9 elementor-widget elementor-widget-text-editor\" data-id=\"662b2c9\" data-element_type=\"widget\" data-e-type=\"widget\" data-widget_type=\"text-editor.default\">\n\t\t\t\t<div class=\"elementor-widget-container\">\n\t\t\t\t\t\t\t\t\t<p><span style=\"color: #ffffff;\">Tous nos produits sont couverts par une garantie de trois ans (hors batteries). Pour pr\u00e9server leur durabilit\u00e9 et leur performance, un entretien r\u00e9gulier et une bonne utilisation sont indispensables. <\/span><\/p>\t\t\t\t\t\t\t\t<\/div>\n\t\t\t\t<\/div>\n\t\t\t\t<\/div>\n\t\t\t\t<\/a>\n\t\t<a class=\"elementor-element elementor-element-a7f9c27 e-con-full box-asistencia bg-radius e-flex e-con e-child\" data-id=\"a7f9c27\" data-element_type=\"container\" data-e-type=\"container\" data-settings=\"{&quot;background_background&quot;:&quot;classic&quot;}\" href=\"https:\/\/www.carimatech.com\/fr\/services-2\/grands-projets-damenagement\/\">\n\t\t<div class=\"elementor-element elementor-element-68ac820 e-con-full e-flex e-con e-child\" data-id=\"68ac820\" data-element_type=\"container\" data-e-type=\"container\">\n\t\t\t\t<div class=\"elementor-element elementor-element-2337d43 elementor-widget elementor-widget-heading\" data-id=\"2337d43\" data-element_type=\"widget\" data-e-type=\"widget\" data-widget_type=\"heading.default\">\n\t\t\t\t<div class=\"elementor-widget-container\">\n\t\t\t\t\t<h5 class=\"elementor-heading-title elementor-size-default\"><b>Projets de grande envergure<\/b><\/h5>\t\t\t\t<\/div>\n\t\t\t\t<\/div>\n\t\t\t\t<div class=\"elementor-element elementor-element-f470dd7 elementor-view-stacked elementor-shape-circle elementor-widget elementor-widget-icon\" data-id=\"f470dd7\" data-element_type=\"widget\" data-e-type=\"widget\" data-widget_type=\"icon.default\">\n\t\t\t\t<div class=\"elementor-widget-container\">\n\t\t\t\t\t\t\t<div class=\"elementor-icon-wrapper\">\n\t\t\t<div class=\"elementor-icon\">\n\t\t\t<svg xmlns=\"http:\/\/www.w3.org\/2000\/svg\" width=\"17\" height=\"17\" viewBox=\"0 0 17 17\" fill=\"none\"><g id=\"Frame\"><path id=\"Vector\" d=\"M6.4375 12.625L10.5625 8.5L6.4375 4.375\" stroke=\"#646363\" stroke-width=\"1.5\" stroke-linecap=\"round\" stroke-linejoin=\"round\"><\/path><\/g><\/svg>\t\t\t<\/div>\n\t\t<\/div>\n\t\t\t\t\t\t<\/div>\n\t\t\t\t<\/div>\n\t\t\t\t<\/div>\n\t\t<div class=\"elementor-element elementor-element-93bc98b e-con-full text e-flex e-con e-child\" data-id=\"93bc98b\" data-element_type=\"container\" data-e-type=\"container\">\n\t\t\t\t<div class=\"elementor-element elementor-element-c5b8fdb elementor-widget elementor-widget-text-editor\" data-id=\"c5b8fdb\" data-element_type=\"widget\" data-e-type=\"widget\" data-widget_type=\"text-editor.default\">\n\t\t\t\t<div class=\"elementor-widget-container\">\n\t\t\t\t\t\t\t\t\t<p><span style=\"color: #ffffff;\">Chez Carima, nous sommes sp\u00e9cialistes de la conception, de la fabrication et de la distribution de solutions de transfert et d\u2019accessibilit\u00e9 adapt\u00e9es \u00e0 tous types d\u2019espaces construits. <\/span><\/p>\t\t\t\t\t\t\t\t<\/div>\n\t\t\t\t<\/div>\n\t\t\t\t<\/div>\n\t\t\t\t<\/a>\n\t\t<a class=\"elementor-element elementor-element-74c9e03 e-con-full box-asistencia bg-radius e-flex e-con e-child\" data-id=\"74c9e03\" data-element_type=\"container\" data-e-type=\"container\" data-settings=\"{&quot;background_background&quot;:&quot;classic&quot;}\" href=\"https:\/\/www.carimatech.com\/fr\/services\/formation-pour-professionnels\/\">\n\t\t<div class=\"elementor-element elementor-element-a5becf7 e-con-full e-flex e-con e-child\" data-id=\"a5becf7\" data-element_type=\"container\" data-e-type=\"container\">\n\t\t\t\t<div class=\"elementor-element elementor-element-a6aedae elementor-widget elementor-widget-heading\" data-id=\"a6aedae\" data-element_type=\"widget\" data-e-type=\"widget\" data-widget_type=\"heading.default\">\n\t\t\t\t<div class=\"elementor-widget-container\">\n\t\t\t\t\t<h5 class=\"elementor-heading-title elementor-size-default\">Formation pour <b>professionnels<\/b><\/h5>\t\t\t\t<\/div>\n\t\t\t\t<\/div>\n\t\t\t\t<div class=\"elementor-element elementor-element-ff5647f elementor-view-stacked elementor-shape-circle elementor-widget elementor-widget-icon\" data-id=\"ff5647f\" data-element_type=\"widget\" data-e-type=\"widget\" data-widget_type=\"icon.default\">\n\t\t\t\t<div class=\"elementor-widget-container\">\n\t\t\t\t\t\t\t<div class=\"elementor-icon-wrapper\">\n\t\t\t<div class=\"elementor-icon\">\n\t\t\t<svg xmlns=\"http:\/\/www.w3.org\/2000\/svg\" width=\"17\" height=\"17\" viewBox=\"0 0 17 17\" fill=\"none\"><g id=\"Frame\"><path id=\"Vector\" d=\"M6.4375 12.625L10.5625 8.5L6.4375 4.375\" stroke=\"#646363\" stroke-width=\"1.5\" stroke-linecap=\"round\" stroke-linejoin=\"round\"><\/path><\/g><\/svg>\t\t\t<\/div>\n\t\t<\/div>\n\t\t\t\t\t\t<\/div>\n\t\t\t\t<\/div>\n\t\t\t\t<\/div>\n\t\t<div class=\"elementor-element elementor-element-25f482f e-con-full text e-flex e-con e-child\" data-id=\"25f482f\" data-element_type=\"container\" data-e-type=\"container\">\n\t\t\t\t<div class=\"elementor-element elementor-element-ba7bcec elementor-widget elementor-widget-text-editor\" data-id=\"ba7bcec\" data-element_type=\"widget\" data-e-type=\"widget\" data-widget_type=\"text-editor.default\">\n\t\t\t\t<div class=\"elementor-widget-container\">\n\t\t\t\t\t\t\t\t\t<p class=\"p1\"><span style=\"color: #ffffff;\">Chez Carima, nous formons \u00e9galement celles et ceux qui accompagnent les personnes \u00e0 mobilit\u00e9 r\u00e9duite.<\/span><\/p>\t\t\t\t\t\t\t\t<\/div>\n\t\t\t\t<\/div>\n\t\t\t\t<\/div>\n\t\t\t\t<\/a>\n\t\t\t\t<\/div>\n\t\t\t\t\t<\/div>\n\t\t\t\t<\/div>\n\t\t\t\t<\/div>\n\t\t","protected":false},"excerpt":{"rendered":"<p>Chez Carima, nous vous accompagnons toujours avec la plus grande rigueur et le plus grand professionnalisme.<br \/>\nNous sommes conscients de l\u2019importance et de l\u2019impact que repr\u00e9sente la mise en place d\u2019un projet d\u2019accessibilit\u00e9 et de solutions de transfert dans des b\u00e2timents existants. <\/p>\n","protected":false},"author":1,"featured_media":3882,"parent":3890,"menu_order":0,"comment_status":"closed","ping_status":"closed","template":"","meta":{"_acf_changed":false,"footnotes":""},"class_list":["post-3976","page","type-page","status-publish","has-post-thumbnail","hentry"],"acf":[],"yoast_head":"<!-- This site is optimized with the Yoast SEO plugin v27.5 - https:\/\/yoast.com\/product\/yoast-seo-wordpress\/ -->\n<title>\u00c9valuations et bureau technique - Carima<\/title>\n<meta name=\"robots\" content=\"index, follow, max-snippet:-1, max-image-preview:large, max-video-preview:-1\" \/>\n<link rel=\"canonical\" href=\"https:\/\/www.carimatech.com\/fr\/services-2\/evaluations-et-bureau-technique\/\" \/>\n<meta property=\"og:locale\" content=\"fr_FR\" \/>\n<meta property=\"og:type\" content=\"article\" \/>\n<meta property=\"og:title\" content=\"\u00c9valuations et bureau technique - Carima\" \/>\n<meta property=\"og:description\" content=\"Chez Carima, nous vous accompagnons toujours avec la plus grande rigueur et le plus grand professionnalisme. Nous sommes conscients de l\u2019importance et de l\u2019impact que repr\u00e9sente la mise en place d\u2019un projet d\u2019accessibilit\u00e9 et de solutions de transfert dans des b\u00e2timents existants.\" \/>\n<meta property=\"og:url\" content=\"https:\/\/www.carimatech.com\/fr\/services-2\/evaluations-et-bureau-technique\/\" \/>\n<meta property=\"og:site_name\" content=\"Carima\" \/>\n<meta property=\"article:modified_time\" content=\"2025-12-16T13:57:35+00:00\" \/>\n<meta property=\"og:image\" content=\"https:\/\/www.carimatech.com\/app\/uploads\/2025\/02\/asistenciatecnica-scaled.jpg\" \/>\n\t<meta property=\"og:image:width\" content=\"1707\" \/>\n\t<meta property=\"og:image:height\" content=\"2560\" \/>\n\t<meta property=\"og:image:type\" content=\"image\/jpeg\" \/>\n<meta name=\"twitter:card\" content=\"summary_large_image\" \/>\n<meta name=\"twitter:label1\" content=\"Dur\u00e9e de lecture estim\u00e9e\" \/>\n\t<meta name=\"twitter:data1\" content=\"2 minutes\" \/>\n<script type=\"application\/ld+json\" class=\"yoast-schema-graph\">{\"@context\":\"https:\\\/\\\/schema.org\",\"@graph\":[{\"@type\":\"WebPage\",\"@id\":\"https:\\\/\\\/www.carimatech.com\\\/fr\\\/services-2\\\/evaluations-et-bureau-technique\\\/\",\"url\":\"https:\\\/\\\/www.carimatech.com\\\/fr\\\/services-2\\\/evaluations-et-bureau-technique\\\/\",\"name\":\"\u00c9valuations et bureau technique - Carima\",\"isPartOf\":{\"@id\":\"https:\\\/\\\/www.carimatech.com\\\/fr\\\/#website\"},\"primaryImageOfPage\":{\"@id\":\"https:\\\/\\\/www.carimatech.com\\\/fr\\\/services-2\\\/evaluations-et-bureau-technique\\\/#primaryimage\"},\"image\":{\"@id\":\"https:\\\/\\\/www.carimatech.com\\\/fr\\\/services-2\\\/evaluations-et-bureau-technique\\\/#primaryimage\"},\"thumbnailUrl\":\"https:\\\/\\\/www.carimatech.com\\\/app\\\/uploads\\\/2025\\\/02\\\/asistenciatecnica-scaled.jpg\",\"datePublished\":\"2024-11-27T12:22:04+00:00\",\"dateModified\":\"2025-12-16T13:57:35+00:00\",\"breadcrumb\":{\"@id\":\"https:\\\/\\\/www.carimatech.com\\\/fr\\\/services-2\\\/evaluations-et-bureau-technique\\\/#breadcrumb\"},\"inLanguage\":\"fr-FR\",\"potentialAction\":[{\"@type\":\"ReadAction\",\"target\":[\"https:\\\/\\\/www.carimatech.com\\\/fr\\\/services-2\\\/evaluations-et-bureau-technique\\\/\"]}]},{\"@type\":\"ImageObject\",\"inLanguage\":\"fr-FR\",\"@id\":\"https:\\\/\\\/www.carimatech.com\\\/fr\\\/services-2\\\/evaluations-et-bureau-technique\\\/#primaryimage\",\"url\":\"https:\\\/\\\/www.carimatech.com\\\/app\\\/uploads\\\/2025\\\/02\\\/asistenciatecnica-scaled.jpg\",\"contentUrl\":\"https:\\\/\\\/www.carimatech.com\\\/app\\\/uploads\\\/2025\\\/02\\\/asistenciatecnica-scaled.jpg\",\"width\":1707,\"height\":2560},{\"@type\":\"BreadcrumbList\",\"@id\":\"https:\\\/\\\/www.carimatech.com\\\/fr\\\/services-2\\\/evaluations-et-bureau-technique\\\/#breadcrumb\",\"itemListElement\":[{\"@type\":\"ListItem\",\"position\":1,\"name\":\"Portada\",\"item\":\"https:\\\/\\\/www.carimatech.com\\\/fr\\\/home\\\/\"},{\"@type\":\"ListItem\",\"position\":2,\"name\":\"Services\",\"item\":\"https:\\\/\\\/www.carimatech.com\\\/fr\\\/services-2\\\/\"},{\"@type\":\"ListItem\",\"position\":3,\"name\":\"\u00c9valuations et bureau technique\"}]},{\"@type\":\"WebSite\",\"@id\":\"https:\\\/\\\/www.carimatech.com\\\/fr\\\/#website\",\"url\":\"https:\\\/\\\/www.carimatech.com\\\/fr\\\/\",\"name\":\"Carima\",\"description\":\"\",\"potentialAction\":[{\"@type\":\"SearchAction\",\"target\":{\"@type\":\"EntryPoint\",\"urlTemplate\":\"https:\\\/\\\/www.carimatech.com\\\/fr\\\/?s={search_term_string}\"},\"query-input\":{\"@type\":\"PropertyValueSpecification\",\"valueRequired\":true,\"valueName\":\"search_term_string\"}}],\"inLanguage\":\"fr-FR\"}]}<\/script>\n<!-- \/ Yoast SEO plugin. -->","yoast_head_json":{"title":"\u00c9valuations et bureau technique - Carima","robots":{"index":"index","follow":"follow","max-snippet":"max-snippet:-1","max-image-preview":"max-image-preview:large","max-video-preview":"max-video-preview:-1"},"canonical":"https:\/\/www.carimatech.com\/fr\/services-2\/evaluations-et-bureau-technique\/","og_locale":"fr_FR","og_type":"article","og_title":"\u00c9valuations et bureau technique - Carima","og_description":"Chez Carima, nous vous accompagnons toujours avec la plus grande rigueur et le plus grand professionnalisme. Nous sommes conscients de l\u2019importance et de l\u2019impact que repr\u00e9sente la mise en place d\u2019un projet d\u2019accessibilit\u00e9 et de solutions de transfert dans des b\u00e2timents existants.","og_url":"https:\/\/www.carimatech.com\/fr\/services-2\/evaluations-et-bureau-technique\/","og_site_name":"Carima","article_modified_time":"2025-12-16T13:57:35+00:00","og_image":[{"width":1707,"height":2560,"url":"https:\/\/www.carimatech.com\/app\/uploads\/2025\/02\/asistenciatecnica-scaled.jpg","type":"image\/jpeg"}],"twitter_card":"summary_large_image","twitter_misc":{"Dur\u00e9e de lecture estim\u00e9e":"2 minutes"},"schema":{"@context":"https:\/\/schema.org","@graph":[{"@type":"WebPage","@id":"https:\/\/www.carimatech.com\/fr\/services-2\/evaluations-et-bureau-technique\/","url":"https:\/\/www.carimatech.com\/fr\/services-2\/evaluations-et-bureau-technique\/","name":"\u00c9valuations et bureau technique - Carima","isPartOf":{"@id":"https:\/\/www.carimatech.com\/fr\/#website"},"primaryImageOfPage":{"@id":"https:\/\/www.carimatech.com\/fr\/services-2\/evaluations-et-bureau-technique\/#primaryimage"},"image":{"@id":"https:\/\/www.carimatech.com\/fr\/services-2\/evaluations-et-bureau-technique\/#primaryimage"},"thumbnailUrl":"https:\/\/www.carimatech.com\/app\/uploads\/2025\/02\/asistenciatecnica-scaled.jpg","datePublished":"2024-11-27T12:22:04+00:00","dateModified":"2025-12-16T13:57:35+00:00","breadcrumb":{"@id":"https:\/\/www.carimatech.com\/fr\/services-2\/evaluations-et-bureau-technique\/#breadcrumb"},"inLanguage":"fr-FR","potentialAction":[{"@type":"ReadAction","target":["https:\/\/www.carimatech.com\/fr\/services-2\/evaluations-et-bureau-technique\/"]}]},{"@type":"ImageObject","inLanguage":"fr-FR","@id":"https:\/\/www.carimatech.com\/fr\/services-2\/evaluations-et-bureau-technique\/#primaryimage","url":"https:\/\/www.carimatech.com\/app\/uploads\/2025\/02\/asistenciatecnica-scaled.jpg","contentUrl":"https:\/\/www.carimatech.com\/app\/uploads\/2025\/02\/asistenciatecnica-scaled.jpg","width":1707,"height":2560},{"@type":"BreadcrumbList","@id":"https:\/\/www.carimatech.com\/fr\/services-2\/evaluations-et-bureau-technique\/#breadcrumb","itemListElement":[{"@type":"ListItem","position":1,"name":"Portada","item":"https:\/\/www.carimatech.com\/fr\/home\/"},{"@type":"ListItem","position":2,"name":"Services","item":"https:\/\/www.carimatech.com\/fr\/services-2\/"},{"@type":"ListItem","position":3,"name":"\u00c9valuations et bureau technique"}]},{"@type":"WebSite","@id":"https:\/\/www.carimatech.com\/fr\/#website","url":"https:\/\/www.carimatech.com\/fr\/","name":"Carima","description":"","potentialAction":[{"@type":"SearchAction","target":{"@type":"EntryPoint","urlTemplate":"https:\/\/www.carimatech.com\/fr\/?s={search_term_string}"},"query-input":{"@type":"PropertyValueSpecification","valueRequired":true,"valueName":"search_term_string"}}],"inLanguage":"fr-FR"}]}},"_links":{"self":[{"href":"https:\/\/www.carimatech.com\/fr\/wp-json\/wp\/v2\/pages\/3976","targetHints":{"allow":["GET"]}}],"collection":[{"href":"https:\/\/www.carimatech.com\/fr\/wp-json\/wp\/v2\/pages"}],"about":[{"href":"https:\/\/www.carimatech.com\/fr\/wp-json\/wp\/v2\/types\/page"}],"author":[{"embeddable":true,"href":"https:\/\/www.carimatech.com\/fr\/wp-json\/wp\/v2\/users\/1"}],"replies":[{"embeddable":true,"href":"https:\/\/www.carimatech.com\/fr\/wp-json\/wp\/v2\/comments?post=3976"}],"version-history":[{"count":9,"href":"https:\/\/www.carimatech.com\/fr\/wp-json\/wp\/v2\/pages\/3976\/revisions"}],"predecessor-version":[{"id":4452,"href":"https:\/\/www.carimatech.com\/fr\/wp-json\/wp\/v2\/pages\/3976\/revisions\/4452"}],"up":[{"embeddable":true,"href":"https:\/\/www.carimatech.com\/fr\/wp-json\/wp\/v2\/pages\/3890"}],"wp:featuredmedia":[{"embeddable":true,"href":"https:\/\/www.carimatech.com\/fr\/wp-json\/wp\/v2\/media\/3882"}],"wp:attachment":[{"href":"https:\/\/www.carimatech.com\/fr\/wp-json\/wp\/v2\/media?parent=3976"}],"curies":[{"name":"wp","href":"https:\/\/api.w.org\/{rel}","templated":true}]}}