{"id":4141,"date":"2024-11-27T13:33:44","date_gmt":"2024-11-27T12:33:44","guid":{"rendered":"https:\/\/www.carimatech.com\/services-2\/installation\/"},"modified":"2026-04-09T15:50:47","modified_gmt":"2026-04-09T13:50:47","slug":"installation","status":"publish","type":"page","link":"https:\/\/www.carimatech.com\/fr\/services-2\/installation\/","title":{"rendered":"<b>Installation<\/b>"},"content":{"rendered":"\t\t<div data-elementor-type=\"wp-page\" data-elementor-id=\"4141\" class=\"elementor elementor-4141 elementor-321\">\n\t\t\t\t<div class=\"elementor-element elementor-element-282bc27 e-flex e-con-boxed e-con e-parent\" data-id=\"282bc27\" data-element_type=\"container\" data-e-type=\"container\">\n\t\t\t\t\t<div class=\"e-con-inner\">\n\t\t<div class=\"elementor-element elementor-element-a4ecc8b e-con-full e-flex e-con e-child\" data-id=\"a4ecc8b\" data-element_type=\"container\" data-e-type=\"container\">\n\t\t<div class=\"elementor-element elementor-element-3453357 e-con-full e-flex e-con e-child\" data-id=\"3453357\" data-element_type=\"container\" data-e-type=\"container\">\n\t\t\t\t<div class=\"elementor-element elementor-element-3c66c4c elementor-widget elementor-widget-heading\" data-id=\"3c66c4c\" data-element_type=\"widget\" data-e-type=\"widget\" data-widget_type=\"heading.default\">\n\t\t\t\t<div class=\"elementor-widget-container\">\n\t\t\t\t\t<h3 class=\"elementor-heading-title elementor-size-default\">Une installation en <b>toute confiance<\/b>\n<\/h3>\t\t\t\t<\/div>\n\t\t\t\t<\/div>\n\t\t\t\t<div class=\"elementor-element elementor-element-ea8f297 elementor-widget elementor-widget-text-editor\" data-id=\"ea8f297\" data-element_type=\"widget\" data-e-type=\"widget\" data-widget_type=\"text-editor.default\">\n\t\t\t\t<div class=\"elementor-widget-container\">\n\t\t\t\t\t\t\t\t\t<p class=\"p1\">Un produit de mobilit\u00e9 et de transfert s\u00fbr et facile \u00e0 utiliser et \u00e0 prendre en charge ne suffit pas ; son installation correcte est essentielle pour garantir des performances optimales.<\/p><p class=\"p1\">Chez Carima, nous ne faisons pas que concevoir et distribuer des solutions de transfert pour tous types d\u2019espaces : nous veillons aussi \u00e0 leur installation parfaite. Lorsque le produit l\u2019exige, nos installateurs se d\u00e9placent sur site et prennent en charge l\u2019ensemble de la mise en place. <\/p>\t\t\t\t\t\t\t\t<\/div>\n\t\t\t\t<\/div>\n\t\t\t\t<\/div>\n\t\t<div class=\"elementor-element elementor-element-42d9c72 e-con-full bg-radius e-flex e-con e-child\" data-id=\"42d9c72\" data-element_type=\"container\" data-e-type=\"container\" data-settings=\"{&quot;background_background&quot;:&quot;classic&quot;}\">\n\t\t\t\t<\/div>\n\t\t\t\t<\/div>\n\t\t\t\t\t<\/div>\n\t\t\t\t<\/div>\n\t\t<div class=\"elementor-element elementor-element-4773fb7 e-flex e-con-boxed e-con e-parent\" data-id=\"4773fb7\" data-element_type=\"container\" data-e-type=\"container\">\n\t\t\t\t\t<div class=\"e-con-inner\">\n\t\t<div class=\"elementor-element elementor-element-ae35c35 e-con-full e-flex e-con e-child\" data-id=\"ae35c35\" data-element_type=\"container\" data-e-type=\"container\">\n\t\t<div class=\"elementor-element elementor-element-3392de2 e-con-full bg-radius e-flex e-con e-child\" data-id=\"3392de2\" data-element_type=\"container\" data-e-type=\"container\" data-settings=\"{&quot;background_background&quot;:&quot;classic&quot;}\">\n\t\t\t\t<\/div>\n\t\t<div class=\"elementor-element elementor-element-d7fb4e7 e-con-full marco-gris e-flex e-con e-child\" data-id=\"d7fb4e7\" data-element_type=\"container\" data-e-type=\"container\">\n\t\t\t\t<div class=\"elementor-element elementor-element-0599ade elementor-widget elementor-widget-text-editor\" data-id=\"0599ade\" data-element_type=\"widget\" data-e-type=\"widget\" data-widget_type=\"text-editor.default\">\n\t\t\t\t<div class=\"elementor-widget-container\">\n\t\t\t\t\t\t\t\t\t<p class=\"p1\">Si vous avez des questions concernant l\u2019installation des produits Carima, notre \u00e9quipe d\u2019experts est \u00e0 votre disposition pour vous conseiller \u00e0 chaque \u00e9tape. Nous vous fournissons \u00e9galement toute la documentation technique n\u00e9cessaire afin de garantir une installation s\u00fbre et efficace. <\/p><p class=\"p1\">Nous collaborons \u00e9galement avec des entreprises sp\u00e9cialis\u00e9es dans l\u2019adaptation des espaces, des architectes, des ma\u00eetres d\u2019\u0153uvre et des professionnels du b\u00e2timent \u2014 comme Adom, du Groupe Qinera \u2014 afin de d\u00e9velopper des projets de r\u00e9novation, d\u2019adaptation ou de construction neuve, tout en garantissant la s\u00e9curit\u00e9 et la qualit\u00e9 maximales lors de l\u2019installation de nos produits.<\/p><p class=\"p1\">Demandez votre <b>conseil et votre devis gratuit<\/b> : nous vous garantissons l\u2019installation fiable, tout en pr\u00e9servant au maximum votre espace.<\/p>\t\t\t\t\t\t\t\t<\/div>\n\t\t\t\t<\/div>\n\t\t\t\t<div class=\"elementor-element elementor-element-00bfb84 button-container elementor-widget elementor-widget-button\" data-id=\"00bfb84\" data-element_type=\"widget\" data-e-type=\"widget\" data-widget_type=\"button.default\">\n\t\t\t\t<div class=\"elementor-widget-container\">\n\t\t\t\t\t\t\t\t\t<div class=\"elementor-button-wrapper\">\n\t\t\t\t\t<a class=\"elementor-button elementor-button-link elementor-size-sm\" href=\"https:\/\/www.carimatech.com\/fr\/contactez-nous\/\">\n\t\t\t\t\t\t<span class=\"elementor-button-content-wrapper\">\n\t\t\t\t\t\t\t\t\t<span class=\"elementor-button-text\">Demander un conseil et un devis gratuit<\/span>\n\t\t\t\t\t<\/span>\n\t\t\t\t\t<\/a>\n\t\t\t\t<\/div>\n\t\t\t\t\t\t\t\t<\/div>\n\t\t\t\t<\/div>\n\t\t\t\t<\/div>\n\t\t\t\t<\/div>\n\t\t\t\t\t<\/div>\n\t\t\t\t<\/div>\n\t\t<div class=\"elementor-element elementor-element-34949f0 e-flex e-con-boxed e-con e-parent\" data-id=\"34949f0\" data-element_type=\"container\" data-e-type=\"container\">\n\t\t\t\t\t<div class=\"e-con-inner\">\n\t\t<div class=\"elementor-element elementor-element-fa6ebe7 e-con-full e-flex e-con e-child\" data-id=\"fa6ebe7\" data-element_type=\"container\" data-e-type=\"container\">\n\t\t<a class=\"elementor-element elementor-element-48f51f0 e-con-full box-asistencia bg-radius e-flex e-con e-child\" data-id=\"48f51f0\" data-element_type=\"container\" data-e-type=\"container\" data-settings=\"{&quot;background_background&quot;:&quot;classic&quot;}\" href=\"https:\/\/www.carimatech.com\/fr\/services-2\/evaluations-et-bureau-technique\/\">\n\t\t<div class=\"elementor-element elementor-element-d223c04 e-con-full e-flex e-con e-child\" data-id=\"d223c04\" data-element_type=\"container\" data-e-type=\"container\">\n\t\t\t\t<div class=\"elementor-element elementor-element-922db64 elementor-widget elementor-widget-heading\" data-id=\"922db64\" data-element_type=\"widget\" data-e-type=\"widget\" data-widget_type=\"heading.default\">\n\t\t\t\t<div class=\"elementor-widget-container\">\n\t\t\t\t\t<h5 class=\"elementor-heading-title elementor-size-default\"><b>\u00c9valuations et bureau technique<\/b><\/h5>\t\t\t\t<\/div>\n\t\t\t\t<\/div>\n\t\t\t\t<div class=\"elementor-element elementor-element-af0af5d elementor-view-stacked elementor-shape-circle elementor-widget elementor-widget-icon\" data-id=\"af0af5d\" data-element_type=\"widget\" data-e-type=\"widget\" data-widget_type=\"icon.default\">\n\t\t\t\t<div class=\"elementor-widget-container\">\n\t\t\t\t\t\t\t<div class=\"elementor-icon-wrapper\">\n\t\t\t<div class=\"elementor-icon\">\n\t\t\t<svg xmlns=\"http:\/\/www.w3.org\/2000\/svg\" width=\"17\" height=\"17\" viewBox=\"0 0 17 17\" fill=\"none\"><g id=\"Frame\"><path id=\"Vector\" d=\"M6.4375 12.625L10.5625 8.5L6.4375 4.375\" stroke=\"#646363\" stroke-width=\"1.5\" stroke-linecap=\"round\" stroke-linejoin=\"round\"><\/path><\/g><\/svg>\t\t\t<\/div>\n\t\t<\/div>\n\t\t\t\t\t\t<\/div>\n\t\t\t\t<\/div>\n\t\t\t\t<\/div>\n\t\t<div class=\"elementor-element elementor-element-4efc9b0 e-con-full text e-flex e-con e-child\" data-id=\"4efc9b0\" data-element_type=\"container\" data-e-type=\"container\">\n\t\t\t\t<div class=\"elementor-element elementor-element-6f7c084 elementor-widget elementor-widget-text-editor\" data-id=\"6f7c084\" data-element_type=\"widget\" data-e-type=\"widget\" data-widget_type=\"text-editor.default\">\n\t\t\t\t<div class=\"elementor-widget-container\">\n\t\t\t\t\t\t\t\t\t<p class=\"p1\"><span style=\"color: #ffffff;\">Chez Carima, nous vous accompagnons toujours avec la plus grande rigueur et le plus grand professionnalisme.<span class=\"Apple-converted-space\"> <\/span><\/span><\/p>\t\t\t\t\t\t\t\t<\/div>\n\t\t\t\t<\/div>\n\t\t\t\t<\/div>\n\t\t\t\t<\/a>\n\t\t<a class=\"elementor-element elementor-element-2f69dc1 e-con-full box-asistencia bg-radius e-flex e-con e-child\" data-id=\"2f69dc1\" data-element_type=\"container\" data-e-type=\"container\" data-settings=\"{&quot;background_background&quot;:&quot;classic&quot;}\" href=\"https:\/\/www.carimatech.com\/fr\/services-2\/maintenance-et-reparation\/\">\n\t\t<div class=\"elementor-element elementor-element-e62b8ff e-con-full e-flex e-con e-child\" data-id=\"e62b8ff\" data-element_type=\"container\" data-e-type=\"container\">\n\t\t\t\t<div class=\"elementor-element elementor-element-af8aab9 elementor-widget elementor-widget-heading\" data-id=\"af8aab9\" data-element_type=\"widget\" data-e-type=\"widget\" data-widget_type=\"heading.default\">\n\t\t\t\t<div class=\"elementor-widget-container\">\n\t\t\t\t\t<h5 class=\"elementor-heading-title elementor-size-default\"><b>Maintenance et r\u00e9paration<\/b><\/h5>\t\t\t\t<\/div>\n\t\t\t\t<\/div>\n\t\t\t\t<div class=\"elementor-element elementor-element-ff10c76 elementor-view-stacked elementor-shape-circle elementor-widget elementor-widget-icon\" data-id=\"ff10c76\" data-element_type=\"widget\" data-e-type=\"widget\" data-widget_type=\"icon.default\">\n\t\t\t\t<div class=\"elementor-widget-container\">\n\t\t\t\t\t\t\t<div class=\"elementor-icon-wrapper\">\n\t\t\t<div class=\"elementor-icon\">\n\t\t\t<svg xmlns=\"http:\/\/www.w3.org\/2000\/svg\" width=\"17\" height=\"17\" viewBox=\"0 0 17 17\" fill=\"none\"><g id=\"Frame\"><path id=\"Vector\" d=\"M6.4375 12.625L10.5625 8.5L6.4375 4.375\" stroke=\"#646363\" stroke-width=\"1.5\" stroke-linecap=\"round\" stroke-linejoin=\"round\"><\/path><\/g><\/svg>\t\t\t<\/div>\n\t\t<\/div>\n\t\t\t\t\t\t<\/div>\n\t\t\t\t<\/div>\n\t\t\t\t<\/div>\n\t\t<div class=\"elementor-element elementor-element-fc31245 e-con-full text e-flex e-con e-child\" data-id=\"fc31245\" data-element_type=\"container\" data-e-type=\"container\">\n\t\t\t\t<div class=\"elementor-element elementor-element-662b2c9 elementor-widget elementor-widget-text-editor\" data-id=\"662b2c9\" data-element_type=\"widget\" data-e-type=\"widget\" data-widget_type=\"text-editor.default\">\n\t\t\t\t<div class=\"elementor-widget-container\">\n\t\t\t\t\t\t\t\t\t<p class=\"p1\"><span style=\"color: #ffffff;\">Tous nos produits b\u00e9n\u00e9ficient d\u2019une garantie de trois ans (hors batteries). Pour en assurer la long\u00e9vit\u00e9 et les performances, un entretien adapt\u00e9 et une utilisation correcte sont indispensables.<span class=\"Apple-converted-space\"> <\/span><\/span><\/p>\t\t\t\t\t\t\t\t<\/div>\n\t\t\t\t<\/div>\n\t\t\t\t<\/div>\n\t\t\t\t<\/a>\n\t\t<a class=\"elementor-element elementor-element-a7f9c27 e-con-full box-asistencia bg-radius e-flex e-con e-child\" data-id=\"a7f9c27\" data-element_type=\"container\" data-e-type=\"container\" data-settings=\"{&quot;background_background&quot;:&quot;classic&quot;}\" href=\"https:\/\/www.carimatech.com\/fr\/services-2\/grands-projets-damenagement\/\">\n\t\t<div class=\"elementor-element elementor-element-bbabc6c e-con-full e-flex e-con e-child\" data-id=\"bbabc6c\" data-element_type=\"container\" data-e-type=\"container\">\n\t\t\t\t<div class=\"elementor-element elementor-element-dca63bb elementor-widget elementor-widget-heading\" data-id=\"dca63bb\" data-element_type=\"widget\" data-e-type=\"widget\" data-widget_type=\"heading.default\">\n\t\t\t\t<div class=\"elementor-widget-container\">\n\t\t\t\t\t<h5 class=\"elementor-heading-title elementor-size-default\"><b>Grands projets d\u2019am\u00e9nagement<\/b><\/h5>\t\t\t\t<\/div>\n\t\t\t\t<\/div>\n\t\t\t\t<div class=\"elementor-element elementor-element-a98b879 elementor-view-stacked elementor-shape-circle elementor-widget elementor-widget-icon\" data-id=\"a98b879\" data-element_type=\"widget\" data-e-type=\"widget\" data-widget_type=\"icon.default\">\n\t\t\t\t<div class=\"elementor-widget-container\">\n\t\t\t\t\t\t\t<div class=\"elementor-icon-wrapper\">\n\t\t\t<div class=\"elementor-icon\">\n\t\t\t<svg xmlns=\"http:\/\/www.w3.org\/2000\/svg\" width=\"17\" height=\"17\" viewBox=\"0 0 17 17\" fill=\"none\"><g id=\"Frame\"><path id=\"Vector\" d=\"M6.4375 12.625L10.5625 8.5L6.4375 4.375\" stroke=\"#646363\" stroke-width=\"1.5\" stroke-linecap=\"round\" stroke-linejoin=\"round\"><\/path><\/g><\/svg>\t\t\t<\/div>\n\t\t<\/div>\n\t\t\t\t\t\t<\/div>\n\t\t\t\t<\/div>\n\t\t\t\t<\/div>\n\t\t<div class=\"elementor-element elementor-element-93bc98b e-con-full text e-flex e-con e-child\" data-id=\"93bc98b\" data-element_type=\"container\" data-e-type=\"container\">\n\t\t\t\t<div class=\"elementor-element elementor-element-c5b8fdb elementor-widget elementor-widget-text-editor\" data-id=\"c5b8fdb\" data-element_type=\"widget\" data-e-type=\"widget\" data-widget_type=\"text-editor.default\">\n\t\t\t\t<div class=\"elementor-widget-container\">\n\t\t\t\t\t\t\t\t\t<p class=\"p1\"><span style=\"color: #ffffff;\">Chez Carima, nous sommes sp\u00e9cialistes de la conception, de la fabrication et de la distribution de solutions de transfert et d\u2019accessibilit\u00e9 adapt\u00e9es \u00e0 tous types d\u2019espaces construits.<span class=\"Apple-converted-space\"> <\/span><\/span><\/p>\t\t\t\t\t\t\t\t<\/div>\n\t\t\t\t<\/div>\n\t\t\t\t<\/div>\n\t\t\t\t<\/a>\n\t\t<a class=\"elementor-element elementor-element-080b116 e-con-full box-asistencia bg-radius e-flex e-con e-child\" data-id=\"080b116\" data-element_type=\"container\" data-e-type=\"container\" data-settings=\"{&quot;background_background&quot;:&quot;classic&quot;}\" href=\"https:\/\/www.carimatech.com\/fr\/services\/formation-pour-professionnels\/\">\n\t\t<div class=\"elementor-element elementor-element-b2dcf52 e-con-full e-flex e-con e-child\" data-id=\"b2dcf52\" data-element_type=\"container\" data-e-type=\"container\">\n\t\t\t\t<div class=\"elementor-element elementor-element-3a59d70 elementor-widget elementor-widget-heading\" data-id=\"3a59d70\" data-element_type=\"widget\" data-e-type=\"widget\" data-widget_type=\"heading.default\">\n\t\t\t\t<div class=\"elementor-widget-container\">\n\t\t\t\t\t<h5 class=\"elementor-heading-title elementor-size-default\">Formation pour <b>professionnels<\/b><\/h5>\t\t\t\t<\/div>\n\t\t\t\t<\/div>\n\t\t\t\t<div class=\"elementor-element elementor-element-c9a9b68 elementor-view-stacked elementor-shape-circle elementor-widget elementor-widget-icon\" data-id=\"c9a9b68\" data-element_type=\"widget\" data-e-type=\"widget\" data-widget_type=\"icon.default\">\n\t\t\t\t<div class=\"elementor-widget-container\">\n\t\t\t\t\t\t\t<div class=\"elementor-icon-wrapper\">\n\t\t\t<div class=\"elementor-icon\">\n\t\t\t<svg xmlns=\"http:\/\/www.w3.org\/2000\/svg\" width=\"17\" height=\"17\" viewBox=\"0 0 17 17\" fill=\"none\"><g id=\"Frame\"><path id=\"Vector\" d=\"M6.4375 12.625L10.5625 8.5L6.4375 4.375\" stroke=\"#646363\" stroke-width=\"1.5\" stroke-linecap=\"round\" stroke-linejoin=\"round\"><\/path><\/g><\/svg>\t\t\t<\/div>\n\t\t<\/div>\n\t\t\t\t\t\t<\/div>\n\t\t\t\t<\/div>\n\t\t\t\t<\/div>\n\t\t<div class=\"elementor-element elementor-element-ec4b423 e-con-full text e-flex e-con e-child\" data-id=\"ec4b423\" data-element_type=\"container\" data-e-type=\"container\">\n\t\t\t\t<div class=\"elementor-element elementor-element-98b9197 elementor-widget elementor-widget-text-editor\" data-id=\"98b9197\" data-element_type=\"widget\" data-e-type=\"widget\" data-widget_type=\"text-editor.default\">\n\t\t\t\t<div class=\"elementor-widget-container\">\n\t\t\t\t\t\t\t\t\t<p class=\"p1\"><span style=\"color: #ffffff;\">Chez Carima, nous formons celles et ceux qui aident les personnes \u00e0 mobilit\u00e9 r\u00e9duite au quotidien.<\/span><\/p>\t\t\t\t\t\t\t\t<\/div>\n\t\t\t\t<\/div>\n\t\t\t\t<\/div>\n\t\t\t\t<\/a>\n\t\t\t\t<\/div>\n\t\t\t\t\t<\/div>\n\t\t\t\t<\/div>\n\t\t\t\t<\/div>\n\t\t","protected":false},"excerpt":{"rendered":"<p>Un syst\u00e8me de transfert s\u00fbr et adapt\u00e9 aux besoins des utilisateurs comme des aidants ne suffit pas : une installation correcte est essentielle pour garantir une utilisation s\u00fbre et efficace au quotidien.<\/p>\n","protected":false},"author":1,"featured_media":3883,"parent":3890,"menu_order":0,"comment_status":"closed","ping_status":"closed","template":"","meta":{"_acf_changed":false,"footnotes":""},"class_list":["post-4141","page","type-page","status-publish","has-post-thumbnail","hentry"],"acf":[],"yoast_head":"<!-- This site is optimized with the Yoast SEO plugin v27.5 - https:\/\/yoast.com\/product\/yoast-seo-wordpress\/ -->\n<title>Installation - Carima<\/title>\n<meta name=\"robots\" content=\"index, follow, max-snippet:-1, max-image-preview:large, max-video-preview:-1\" \/>\n<link rel=\"canonical\" href=\"https:\/\/www.carimatech.com\/fr\/services-2\/installation\/\" \/>\n<meta property=\"og:locale\" content=\"fr_FR\" \/>\n<meta property=\"og:type\" content=\"article\" \/>\n<meta property=\"og:title\" content=\"Installation - Carima\" \/>\n<meta property=\"og:description\" content=\"Un syst\u00e8me de transfert s\u00fbr et adapt\u00e9 aux besoins des utilisateurs comme des aidants ne suffit pas : une installation correcte est essentielle pour garantir une utilisation s\u00fbre et efficace au quotidien.\" \/>\n<meta property=\"og:url\" content=\"https:\/\/www.carimatech.com\/fr\/services-2\/installation\/\" \/>\n<meta property=\"og:site_name\" content=\"Carima\" \/>\n<meta property=\"article:modified_time\" content=\"2026-04-09T13:50:47+00:00\" \/>\n<meta property=\"og:image\" content=\"https:\/\/www.carimatech.com\/app\/uploads\/2025\/02\/WhatsApp-Image-2025-01-30-at-14.01.04-e1738659426326.jpeg\" \/>\n\t<meta property=\"og:image:width\" content=\"1150\" \/>\n\t<meta property=\"og:image:height\" content=\"707\" \/>\n\t<meta property=\"og:image:type\" content=\"image\/jpeg\" \/>\n<meta name=\"twitter:card\" content=\"summary_large_image\" \/>\n<meta name=\"twitter:label1\" content=\"Dur\u00e9e de lecture estim\u00e9e\" \/>\n\t<meta name=\"twitter:data1\" content=\"2 minutes\" \/>\n<script type=\"application\/ld+json\" class=\"yoast-schema-graph\">{\"@context\":\"https:\\\/\\\/schema.org\",\"@graph\":[{\"@type\":\"WebPage\",\"@id\":\"https:\\\/\\\/www.carimatech.com\\\/fr\\\/services-2\\\/installation\\\/\",\"url\":\"https:\\\/\\\/www.carimatech.com\\\/fr\\\/services-2\\\/installation\\\/\",\"name\":\"Installation - Carima\",\"isPartOf\":{\"@id\":\"https:\\\/\\\/www.carimatech.com\\\/fr\\\/#website\"},\"primaryImageOfPage\":{\"@id\":\"https:\\\/\\\/www.carimatech.com\\\/fr\\\/services-2\\\/installation\\\/#primaryimage\"},\"image\":{\"@id\":\"https:\\\/\\\/www.carimatech.com\\\/fr\\\/services-2\\\/installation\\\/#primaryimage\"},\"thumbnailUrl\":\"https:\\\/\\\/www.carimatech.com\\\/app\\\/uploads\\\/2025\\\/02\\\/WhatsApp-Image-2025-01-30-at-14.01.04-e1738659426326.jpeg\",\"datePublished\":\"2024-11-27T12:33:44+00:00\",\"dateModified\":\"2026-04-09T13:50:47+00:00\",\"breadcrumb\":{\"@id\":\"https:\\\/\\\/www.carimatech.com\\\/fr\\\/services-2\\\/installation\\\/#breadcrumb\"},\"inLanguage\":\"fr-FR\",\"potentialAction\":[{\"@type\":\"ReadAction\",\"target\":[\"https:\\\/\\\/www.carimatech.com\\\/fr\\\/services-2\\\/installation\\\/\"]}]},{\"@type\":\"ImageObject\",\"inLanguage\":\"fr-FR\",\"@id\":\"https:\\\/\\\/www.carimatech.com\\\/fr\\\/services-2\\\/installation\\\/#primaryimage\",\"url\":\"https:\\\/\\\/www.carimatech.com\\\/app\\\/uploads\\\/2025\\\/02\\\/WhatsApp-Image-2025-01-30-at-14.01.04-e1738659426326.jpeg\",\"contentUrl\":\"https:\\\/\\\/www.carimatech.com\\\/app\\\/uploads\\\/2025\\\/02\\\/WhatsApp-Image-2025-01-30-at-14.01.04-e1738659426326.jpeg\",\"width\":1150,\"height\":707},{\"@type\":\"BreadcrumbList\",\"@id\":\"https:\\\/\\\/www.carimatech.com\\\/fr\\\/services-2\\\/installation\\\/#breadcrumb\",\"itemListElement\":[{\"@type\":\"ListItem\",\"position\":1,\"name\":\"Portada\",\"item\":\"https:\\\/\\\/www.carimatech.com\\\/fr\\\/home\\\/\"},{\"@type\":\"ListItem\",\"position\":2,\"name\":\"Services\",\"item\":\"https:\\\/\\\/www.carimatech.com\\\/fr\\\/services-2\\\/\"},{\"@type\":\"ListItem\",\"position\":3,\"name\":\"Installation\"}]},{\"@type\":\"WebSite\",\"@id\":\"https:\\\/\\\/www.carimatech.com\\\/fr\\\/#website\",\"url\":\"https:\\\/\\\/www.carimatech.com\\\/fr\\\/\",\"name\":\"Carima\",\"description\":\"\",\"potentialAction\":[{\"@type\":\"SearchAction\",\"target\":{\"@type\":\"EntryPoint\",\"urlTemplate\":\"https:\\\/\\\/www.carimatech.com\\\/fr\\\/?s={search_term_string}\"},\"query-input\":{\"@type\":\"PropertyValueSpecification\",\"valueRequired\":true,\"valueName\":\"search_term_string\"}}],\"inLanguage\":\"fr-FR\"}]}<\/script>\n<!-- \/ Yoast SEO plugin. -->","yoast_head_json":{"title":"Installation - Carima","robots":{"index":"index","follow":"follow","max-snippet":"max-snippet:-1","max-image-preview":"max-image-preview:large","max-video-preview":"max-video-preview:-1"},"canonical":"https:\/\/www.carimatech.com\/fr\/services-2\/installation\/","og_locale":"fr_FR","og_type":"article","og_title":"Installation - Carima","og_description":"Un syst\u00e8me de transfert s\u00fbr et adapt\u00e9 aux besoins des utilisateurs comme des aidants ne suffit pas : une installation correcte est essentielle pour garantir une utilisation s\u00fbre et efficace au quotidien.","og_url":"https:\/\/www.carimatech.com\/fr\/services-2\/installation\/","og_site_name":"Carima","article_modified_time":"2026-04-09T13:50:47+00:00","og_image":[{"width":1150,"height":707,"url":"https:\/\/www.carimatech.com\/app\/uploads\/2025\/02\/WhatsApp-Image-2025-01-30-at-14.01.04-e1738659426326.jpeg","type":"image\/jpeg"}],"twitter_card":"summary_large_image","twitter_misc":{"Dur\u00e9e de lecture estim\u00e9e":"2 minutes"},"schema":{"@context":"https:\/\/schema.org","@graph":[{"@type":"WebPage","@id":"https:\/\/www.carimatech.com\/fr\/services-2\/installation\/","url":"https:\/\/www.carimatech.com\/fr\/services-2\/installation\/","name":"Installation - Carima","isPartOf":{"@id":"https:\/\/www.carimatech.com\/fr\/#website"},"primaryImageOfPage":{"@id":"https:\/\/www.carimatech.com\/fr\/services-2\/installation\/#primaryimage"},"image":{"@id":"https:\/\/www.carimatech.com\/fr\/services-2\/installation\/#primaryimage"},"thumbnailUrl":"https:\/\/www.carimatech.com\/app\/uploads\/2025\/02\/WhatsApp-Image-2025-01-30-at-14.01.04-e1738659426326.jpeg","datePublished":"2024-11-27T12:33:44+00:00","dateModified":"2026-04-09T13:50:47+00:00","breadcrumb":{"@id":"https:\/\/www.carimatech.com\/fr\/services-2\/installation\/#breadcrumb"},"inLanguage":"fr-FR","potentialAction":[{"@type":"ReadAction","target":["https:\/\/www.carimatech.com\/fr\/services-2\/installation\/"]}]},{"@type":"ImageObject","inLanguage":"fr-FR","@id":"https:\/\/www.carimatech.com\/fr\/services-2\/installation\/#primaryimage","url":"https:\/\/www.carimatech.com\/app\/uploads\/2025\/02\/WhatsApp-Image-2025-01-30-at-14.01.04-e1738659426326.jpeg","contentUrl":"https:\/\/www.carimatech.com\/app\/uploads\/2025\/02\/WhatsApp-Image-2025-01-30-at-14.01.04-e1738659426326.jpeg","width":1150,"height":707},{"@type":"BreadcrumbList","@id":"https:\/\/www.carimatech.com\/fr\/services-2\/installation\/#breadcrumb","itemListElement":[{"@type":"ListItem","position":1,"name":"Portada","item":"https:\/\/www.carimatech.com\/fr\/home\/"},{"@type":"ListItem","position":2,"name":"Services","item":"https:\/\/www.carimatech.com\/fr\/services-2\/"},{"@type":"ListItem","position":3,"name":"Installation"}]},{"@type":"WebSite","@id":"https:\/\/www.carimatech.com\/fr\/#website","url":"https:\/\/www.carimatech.com\/fr\/","name":"Carima","description":"","potentialAction":[{"@type":"SearchAction","target":{"@type":"EntryPoint","urlTemplate":"https:\/\/www.carimatech.com\/fr\/?s={search_term_string}"},"query-input":{"@type":"PropertyValueSpecification","valueRequired":true,"valueName":"search_term_string"}}],"inLanguage":"fr-FR"}]}},"_links":{"self":[{"href":"https:\/\/www.carimatech.com\/fr\/wp-json\/wp\/v2\/pages\/4141","targetHints":{"allow":["GET"]}}],"collection":[{"href":"https:\/\/www.carimatech.com\/fr\/wp-json\/wp\/v2\/pages"}],"about":[{"href":"https:\/\/www.carimatech.com\/fr\/wp-json\/wp\/v2\/types\/page"}],"author":[{"embeddable":true,"href":"https:\/\/www.carimatech.com\/fr\/wp-json\/wp\/v2\/users\/1"}],"replies":[{"embeddable":true,"href":"https:\/\/www.carimatech.com\/fr\/wp-json\/wp\/v2\/comments?post=4141"}],"version-history":[{"count":5,"href":"https:\/\/www.carimatech.com\/fr\/wp-json\/wp\/v2\/pages\/4141\/revisions"}],"predecessor-version":[{"id":5087,"href":"https:\/\/www.carimatech.com\/fr\/wp-json\/wp\/v2\/pages\/4141\/revisions\/5087"}],"up":[{"embeddable":true,"href":"https:\/\/www.carimatech.com\/fr\/wp-json\/wp\/v2\/pages\/3890"}],"wp:featuredmedia":[{"embeddable":true,"href":"https:\/\/www.carimatech.com\/fr\/wp-json\/wp\/v2\/media\/3883"}],"wp:attachment":[{"href":"https:\/\/www.carimatech.com\/fr\/wp-json\/wp\/v2\/media?parent=4141"}],"curies":[{"name":"wp","href":"https:\/\/api.w.org\/{rel}","templated":true}]}}