{"id":4144,"date":"2024-11-27T13:35:02","date_gmt":"2024-11-27T12:35:02","guid":{"rendered":"https:\/\/www.carimatech.com\/services-2\/maintenance-et-reparation\/"},"modified":"2026-04-09T15:50:37","modified_gmt":"2026-04-09T13:50:37","slug":"maintenance-et-reparation","status":"publish","type":"page","link":"https:\/\/www.carimatech.com\/fr\/services-2\/maintenance-et-reparation\/","title":{"rendered":"<b>Maintenance et r\u00e9paration<\/b>"},"content":{"rendered":"\t\t<div data-elementor-type=\"wp-page\" data-elementor-id=\"4144\" class=\"elementor elementor-4144 elementor-326\">\n\t\t\t\t<div class=\"elementor-element elementor-element-282bc27 e-flex e-con-boxed e-con e-parent\" data-id=\"282bc27\" data-element_type=\"container\" data-e-type=\"container\">\n\t\t\t\t\t<div class=\"e-con-inner\">\n\t\t<div class=\"elementor-element elementor-element-a4ecc8b e-con-full e-flex e-con e-child\" data-id=\"a4ecc8b\" data-element_type=\"container\" data-e-type=\"container\">\n\t\t<div class=\"elementor-element elementor-element-3453357 e-con-full e-flex e-con e-child\" data-id=\"3453357\" data-element_type=\"container\" data-e-type=\"container\">\n\t\t\t\t<div class=\"elementor-element elementor-element-3c66c4c elementor-widget elementor-widget-heading\" data-id=\"3c66c4c\" data-element_type=\"widget\" data-e-type=\"widget\" data-widget_type=\"heading.default\">\n\t\t\t\t<div class=\"elementor-widget-container\">\n\t\t\t\t\t<h3 class=\"elementor-heading-title elementor-size-default\">Clart\u00e9 et fiabilit\u00e9 maximales<\/h3>\t\t\t\t<\/div>\n\t\t\t\t<\/div>\n\t\t\t\t<div class=\"elementor-element elementor-element-ea8f297 elementor-widget elementor-widget-text-editor\" data-id=\"ea8f297\" data-element_type=\"widget\" data-e-type=\"widget\" data-widget_type=\"text-editor.default\">\n\t\t\t\t<div class=\"elementor-widget-container\">\n\t\t\t\t\t\t\t\t\t<p><span style=\"font-weight: 400;\">Si la solution achet\u00e9e n\u00e9cessite une r\u00e9paration, notre service technique \u00e9value d\u2019abord l\u2019incident puis remet au client un devis d\u00e9taill\u00e9 pour validation. Les r\u00e9parations, quant \u00e0 elles, b\u00e9n\u00e9ficient d&rsquo;une garantie de 6 mois pour la main-d&rsquo;\u0153uvre et de trois ans pour les pi\u00e8ces \u00e9ventuellement remplac\u00e9es. <\/span><\/p><p>Notre \u00e9quipe de professionnels est toujours \u00e0 votre disposition pour vous conseiller sur la meilleure fa\u00e7on d\u2019entretenir les solutions de transfert Carima, afin que, d\u00e8s le premier jour, vos \u00e9quipements offrent des performances optimales. Pour garantir une s\u00e9curit\u00e9 maximale, notre syst\u00e8me de maintenance dispose d&rsquo;une tra\u00e7abilit\u00e9 en ligne conforme \u00e0 la r\u00e9glementation en vigueur, permettant ainsi d&rsquo;enregistrer et d&rsquo;acc\u00e9der \u00e0 toutes les actions de mani\u00e8re transparente. <\/p><p>Nous proposons \u00e9galement des formules de maintenance pr\u00e9ventive afin de prolonger la dur\u00e9e de vie de nos syst\u00e8mes et d\u2019en garantir le bon fonctionnement dans le temps.<\/p>\t\t\t\t\t\t\t\t<\/div>\n\t\t\t\t<\/div>\n\t\t\t\t<\/div>\n\t\t<div class=\"elementor-element elementor-element-42d9c72 e-con-full bg-radius e-flex e-con e-child\" data-id=\"42d9c72\" data-element_type=\"container\" data-e-type=\"container\" data-settings=\"{&quot;background_background&quot;:&quot;classic&quot;}\">\n\t\t\t\t<\/div>\n\t\t\t\t<\/div>\n\t\t\t\t\t<\/div>\n\t\t\t\t<\/div>\n\t\t<div class=\"elementor-element elementor-element-4773fb7 e-flex e-con-boxed e-con e-parent\" data-id=\"4773fb7\" data-element_type=\"container\" data-e-type=\"container\">\n\t\t\t\t\t<div class=\"e-con-inner\">\n\t\t<div class=\"elementor-element elementor-element-ae35c35 e-con-full e-flex e-con e-child\" data-id=\"ae35c35\" data-element_type=\"container\" data-e-type=\"container\">\n\t\t<div class=\"elementor-element elementor-element-3392de2 e-con-full bg-radius e-flex e-con e-child\" data-id=\"3392de2\" data-element_type=\"container\" data-e-type=\"container\" data-settings=\"{&quot;background_background&quot;:&quot;classic&quot;}\">\n\t\t\t\t<\/div>\n\t\t<div class=\"elementor-element elementor-element-d7fb4e7 e-con-full marco-gris e-flex e-con e-child\" data-id=\"d7fb4e7\" data-element_type=\"container\" data-e-type=\"container\">\n\t\t\t\t<div class=\"elementor-element elementor-element-0599ade elementor-widget elementor-widget-text-editor\" data-id=\"0599ade\" data-element_type=\"widget\" data-e-type=\"widget\" data-widget_type=\"text-editor.default\">\n\t\t\t\t<div class=\"elementor-widget-container\">\n\t\t\t\t\t\t\t\t\t<p class=\"p1\">Lors de l\u2019\u00e9laboration de votre projet, nous vous pr\u00e9senterons en d\u00e9tail les plans de maintenance les plus adapt\u00e9s, afin de vous offrir toujours une information claire et un pouvoir de d\u00e9cision total sur la solution propos\u00e9e. Demandez d\u00e8s maintenant un conseil personnalis\u00e9 et un devis gratuit, sans engagement. <span class=\"Apple-converted-space\"> <\/span><\/p><p class=\"p1\">Nous vous proposerons les plans de maintenance les plus adapt\u00e9s tout au long du d\u00e9veloppement de votre projet, afin que vous b\u00e9n\u00e9ficiiez toujours d&rsquo;une transparence maximale et d&rsquo;un pouvoir de d\u00e9cision optimal sur la solution propos\u00e9e. Demander un conseil personnalis\u00e9 et un devis gratuit <\/p>\t\t\t\t\t\t\t\t<\/div>\n\t\t\t\t<\/div>\n\t\t\t\t<div class=\"elementor-element elementor-element-9cdd063 button-container elementor-widget elementor-widget-button\" data-id=\"9cdd063\" data-element_type=\"widget\" data-e-type=\"widget\" data-widget_type=\"button.default\">\n\t\t\t\t<div class=\"elementor-widget-container\">\n\t\t\t\t\t\t\t\t\t<div class=\"elementor-button-wrapper\">\n\t\t\t\t\t<a class=\"elementor-button elementor-button-link elementor-size-sm\" href=\"https:\/\/www.carimatech.com\/fr\/contactez-nous\/\">\n\t\t\t\t\t\t<span class=\"elementor-button-content-wrapper\">\n\t\t\t\t\t\t\t\t\t<span class=\"elementor-button-text\">Demander un conseil personnalis\u00e9 et un devis gratuit<\/span>\n\t\t\t\t\t<\/span>\n\t\t\t\t\t<\/a>\n\t\t\t\t<\/div>\n\t\t\t\t\t\t\t\t<\/div>\n\t\t\t\t<\/div>\n\t\t\t\t<\/div>\n\t\t\t\t<\/div>\n\t\t\t\t\t<\/div>\n\t\t\t\t<\/div>\n\t\t<div class=\"elementor-element elementor-element-34949f0 e-flex e-con-boxed e-con e-parent\" data-id=\"34949f0\" data-element_type=\"container\" data-e-type=\"container\">\n\t\t\t\t\t<div class=\"e-con-inner\">\n\t\t<div class=\"elementor-element elementor-element-fa6ebe7 e-con-full e-flex e-con e-child\" data-id=\"fa6ebe7\" data-element_type=\"container\" data-e-type=\"container\">\n\t\t<a class=\"elementor-element elementor-element-48f51f0 e-con-full box-asistencia bg-radius e-flex e-con e-child\" data-id=\"48f51f0\" data-element_type=\"container\" data-e-type=\"container\" data-settings=\"{&quot;background_background&quot;:&quot;classic&quot;}\" href=\"https:\/\/www.carimatech.com\/fr\/services-2\/evaluations-et-bureau-technique\/\">\n\t\t<div class=\"elementor-element elementor-element-8388ab5 e-con-full e-flex e-con e-child\" data-id=\"8388ab5\" data-element_type=\"container\" data-e-type=\"container\">\n\t\t\t\t<div class=\"elementor-element elementor-element-46d9e70 elementor-widget elementor-widget-heading\" data-id=\"46d9e70\" data-element_type=\"widget\" data-e-type=\"widget\" data-widget_type=\"heading.default\">\n\t\t\t\t<div class=\"elementor-widget-container\">\n\t\t\t\t\t<h5 class=\"elementor-heading-title elementor-size-default\"><b>\u00c9valuations et bureau technique<\/b><\/h5>\t\t\t\t<\/div>\n\t\t\t\t<\/div>\n\t\t\t\t<div class=\"elementor-element elementor-element-94d6d0a elementor-view-stacked elementor-shape-circle elementor-widget elementor-widget-icon\" data-id=\"94d6d0a\" data-element_type=\"widget\" data-e-type=\"widget\" data-widget_type=\"icon.default\">\n\t\t\t\t<div class=\"elementor-widget-container\">\n\t\t\t\t\t\t\t<div class=\"elementor-icon-wrapper\">\n\t\t\t<div class=\"elementor-icon\">\n\t\t\t<svg xmlns=\"http:\/\/www.w3.org\/2000\/svg\" width=\"17\" height=\"17\" viewBox=\"0 0 17 17\" fill=\"none\"><g id=\"Frame\"><path id=\"Vector\" d=\"M6.4375 12.625L10.5625 8.5L6.4375 4.375\" stroke=\"#646363\" stroke-width=\"1.5\" stroke-linecap=\"round\" stroke-linejoin=\"round\"><\/path><\/g><\/svg>\t\t\t<\/div>\n\t\t<\/div>\n\t\t\t\t\t\t<\/div>\n\t\t\t\t<\/div>\n\t\t\t\t<\/div>\n\t\t<div class=\"elementor-element elementor-element-4efc9b0 e-con-full text e-flex e-con e-child\" data-id=\"4efc9b0\" data-element_type=\"container\" data-e-type=\"container\">\n\t\t\t\t<div class=\"elementor-element elementor-element-6f7c084 elementor-widget elementor-widget-text-editor\" data-id=\"6f7c084\" data-element_type=\"widget\" data-e-type=\"widget\" data-widget_type=\"text-editor.default\">\n\t\t\t\t<div class=\"elementor-widget-container\">\n\t\t\t\t\t\t\t\t\t<p><span style=\"color: #ffffff;\">Chez Carima, nous vous accompagnons toujours avec la plus grande rigueur et le plus grand professionnalisme. <\/span><\/p>\t\t\t\t\t\t\t\t<\/div>\n\t\t\t\t<\/div>\n\t\t\t\t<\/div>\n\t\t\t\t<\/a>\n\t\t<a class=\"elementor-element elementor-element-2f69dc1 e-con-full box-asistencia bg-radius e-flex e-con e-child\" data-id=\"2f69dc1\" data-element_type=\"container\" data-e-type=\"container\" data-settings=\"{&quot;background_background&quot;:&quot;classic&quot;}\" href=\"https:\/\/www.carimatech.com\/fr\/services-2\/installation\/\">\n\t\t<div class=\"elementor-element elementor-element-147f9e0 e-con-full e-flex e-con e-child\" data-id=\"147f9e0\" data-element_type=\"container\" data-e-type=\"container\">\n\t\t\t\t<div class=\"elementor-element elementor-element-77e7156 elementor-widget elementor-widget-heading\" data-id=\"77e7156\" data-element_type=\"widget\" data-e-type=\"widget\" data-widget_type=\"heading.default\">\n\t\t\t\t<div class=\"elementor-widget-container\">\n\t\t\t\t\t<h5 class=\"elementor-heading-title elementor-size-default\"><b>Installation<\/b><\/h5>\t\t\t\t<\/div>\n\t\t\t\t<\/div>\n\t\t\t\t<div class=\"elementor-element elementor-element-b5b737a elementor-view-stacked elementor-shape-circle elementor-widget elementor-widget-icon\" data-id=\"b5b737a\" data-element_type=\"widget\" data-e-type=\"widget\" data-widget_type=\"icon.default\">\n\t\t\t\t<div class=\"elementor-widget-container\">\n\t\t\t\t\t\t\t<div class=\"elementor-icon-wrapper\">\n\t\t\t<div class=\"elementor-icon\">\n\t\t\t<svg xmlns=\"http:\/\/www.w3.org\/2000\/svg\" width=\"17\" height=\"17\" viewBox=\"0 0 17 17\" fill=\"none\"><g id=\"Frame\"><path id=\"Vector\" d=\"M6.4375 12.625L10.5625 8.5L6.4375 4.375\" stroke=\"#646363\" stroke-width=\"1.5\" stroke-linecap=\"round\" stroke-linejoin=\"round\"><\/path><\/g><\/svg>\t\t\t<\/div>\n\t\t<\/div>\n\t\t\t\t\t\t<\/div>\n\t\t\t\t<\/div>\n\t\t\t\t<\/div>\n\t\t<div class=\"elementor-element elementor-element-fc31245 e-con-full text e-flex e-con e-child\" data-id=\"fc31245\" data-element_type=\"container\" data-e-type=\"container\">\n\t\t\t\t<div class=\"elementor-element elementor-element-662b2c9 elementor-widget elementor-widget-text-editor\" data-id=\"662b2c9\" data-element_type=\"widget\" data-e-type=\"widget\" data-widget_type=\"text-editor.default\">\n\t\t\t\t<div class=\"elementor-widget-container\">\n\t\t\t\t\t\t\t\t\t<p><span style=\"color: #ffffff;\">Il est essentiel de disposer d\u2019un syst\u00e8me de transfert qui offre les meilleures garanties de s\u00e9curit\u00e9 et de fiabilit\u00e9.<\/span><\/p>\t\t\t\t\t\t\t\t<\/div>\n\t\t\t\t<\/div>\n\t\t\t\t<\/div>\n\t\t\t\t<\/a>\n\t\t<a class=\"elementor-element elementor-element-a7f9c27 e-con-full box-asistencia bg-radius e-flex e-con e-child\" data-id=\"a7f9c27\" data-element_type=\"container\" data-e-type=\"container\" data-settings=\"{&quot;background_background&quot;:&quot;classic&quot;}\" href=\"https:\/\/www.carimatech.com\/fr\/services-2\/grands-projets-damenagement\/\">\n\t\t<div class=\"elementor-element elementor-element-4a68527 e-con-full e-flex e-con e-child\" data-id=\"4a68527\" data-element_type=\"container\" data-e-type=\"container\">\n\t\t\t\t<div class=\"elementor-element elementor-element-5625205 elementor-widget elementor-widget-heading\" data-id=\"5625205\" data-element_type=\"widget\" data-e-type=\"widget\" data-widget_type=\"heading.default\">\n\t\t\t\t<div class=\"elementor-widget-container\">\n\t\t\t\t\t<h5 class=\"elementor-heading-title elementor-size-default\"><b>Grands projets d\u2019am\u00e9nagement<\/b><\/h5>\t\t\t\t<\/div>\n\t\t\t\t<\/div>\n\t\t\t\t<div class=\"elementor-element elementor-element-978fdb1 elementor-view-stacked elementor-shape-circle elementor-widget elementor-widget-icon\" data-id=\"978fdb1\" data-element_type=\"widget\" data-e-type=\"widget\" data-widget_type=\"icon.default\">\n\t\t\t\t<div class=\"elementor-widget-container\">\n\t\t\t\t\t\t\t<div class=\"elementor-icon-wrapper\">\n\t\t\t<div class=\"elementor-icon\">\n\t\t\t<svg xmlns=\"http:\/\/www.w3.org\/2000\/svg\" width=\"17\" height=\"17\" viewBox=\"0 0 17 17\" fill=\"none\"><g id=\"Frame\"><path id=\"Vector\" d=\"M6.4375 12.625L10.5625 8.5L6.4375 4.375\" stroke=\"#646363\" stroke-width=\"1.5\" stroke-linecap=\"round\" stroke-linejoin=\"round\"><\/path><\/g><\/svg>\t\t\t<\/div>\n\t\t<\/div>\n\t\t\t\t\t\t<\/div>\n\t\t\t\t<\/div>\n\t\t\t\t<\/div>\n\t\t<div class=\"elementor-element elementor-element-93bc98b e-con-full text e-flex e-con e-child\" data-id=\"93bc98b\" data-element_type=\"container\" data-e-type=\"container\">\n\t\t\t\t<div class=\"elementor-element elementor-element-c5b8fdb elementor-widget elementor-widget-text-editor\" data-id=\"c5b8fdb\" data-element_type=\"widget\" data-e-type=\"widget\" data-widget_type=\"text-editor.default\">\n\t\t\t\t<div class=\"elementor-widget-container\">\n\t\t\t\t\t\t\t\t\t<p><span style=\"color: #ffffff;\">Chez Carima, nous concevons, fabriquons et distribuons des solutions de mobilit\u00e9 accessibles pour tous types d\u2019espaces. <\/span><\/p>\t\t\t\t\t\t\t\t<\/div>\n\t\t\t\t<\/div>\n\t\t\t\t<\/div>\n\t\t\t\t<\/a>\n\t\t<a class=\"elementor-element elementor-element-f2d7e77 e-con-full box-asistencia bg-radius e-flex e-con e-child\" data-id=\"f2d7e77\" data-element_type=\"container\" data-e-type=\"container\" data-settings=\"{&quot;background_background&quot;:&quot;classic&quot;}\" href=\"https:\/\/www.carimatech.com\/fr\/services\/formation-pour-professionnels\/\">\n\t\t<div class=\"elementor-element elementor-element-5dd87f0 e-con-full e-flex e-con e-child\" data-id=\"5dd87f0\" data-element_type=\"container\" data-e-type=\"container\">\n\t\t\t\t<div class=\"elementor-element elementor-element-995b486 elementor-widget elementor-widget-heading\" data-id=\"995b486\" data-element_type=\"widget\" data-e-type=\"widget\" data-widget_type=\"heading.default\">\n\t\t\t\t<div class=\"elementor-widget-container\">\n\t\t\t\t\t<h5 class=\"elementor-heading-title elementor-size-default\">Formation pour <b>professionnels<\/b><\/h5>\t\t\t\t<\/div>\n\t\t\t\t<\/div>\n\t\t\t\t<div class=\"elementor-element elementor-element-f451586 elementor-view-stacked elementor-shape-circle elementor-widget elementor-widget-icon\" data-id=\"f451586\" data-element_type=\"widget\" data-e-type=\"widget\" data-widget_type=\"icon.default\">\n\t\t\t\t<div class=\"elementor-widget-container\">\n\t\t\t\t\t\t\t<div class=\"elementor-icon-wrapper\">\n\t\t\t<div class=\"elementor-icon\">\n\t\t\t<svg xmlns=\"http:\/\/www.w3.org\/2000\/svg\" width=\"17\" height=\"17\" viewBox=\"0 0 17 17\" fill=\"none\"><g id=\"Frame\"><path id=\"Vector\" d=\"M6.4375 12.625L10.5625 8.5L6.4375 4.375\" stroke=\"#646363\" stroke-width=\"1.5\" stroke-linecap=\"round\" stroke-linejoin=\"round\"><\/path><\/g><\/svg>\t\t\t<\/div>\n\t\t<\/div>\n\t\t\t\t\t\t<\/div>\n\t\t\t\t<\/div>\n\t\t\t\t<\/div>\n\t\t<div class=\"elementor-element elementor-element-62896a1 e-con-full text e-flex e-con e-child\" data-id=\"62896a1\" data-element_type=\"container\" data-e-type=\"container\">\n\t\t\t\t<div class=\"elementor-element elementor-element-1336570 elementor-widget elementor-widget-text-editor\" data-id=\"1336570\" data-element_type=\"widget\" data-e-type=\"widget\" data-widget_type=\"text-editor.default\">\n\t\t\t\t<div class=\"elementor-widget-container\">\n\t\t\t\t\t\t\t\t\t<p class=\"p1\"><span style=\"color: #ffffff;\">Chez Carima, nous formons celles et ceux qui aident les personnes \u00e0 mobilit\u00e9 r\u00e9duite au quotidien.<\/span><\/p>\t\t\t\t\t\t\t\t<\/div>\n\t\t\t\t<\/div>\n\t\t\t\t<\/div>\n\t\t\t\t<\/a>\n\t\t\t\t<\/div>\n\t\t\t\t\t<\/div>\n\t\t\t\t<\/div>\n\t\t\t\t<\/div>\n\t\t","protected":false},"excerpt":{"rendered":"<p>Tous nos produits sont couverts par une garantie de trois ans (hors batteries). Pour pr\u00e9server leur durabilit\u00e9 et leur performance, un entretien r\u00e9gulier et une bonne utilisation sont indispensables. <\/p>\n","protected":false},"author":1,"featured_media":3884,"parent":3890,"menu_order":0,"comment_status":"closed","ping_status":"closed","template":"","meta":{"_acf_changed":false,"footnotes":""},"class_list":["post-4144","page","type-page","status-publish","has-post-thumbnail","hentry"],"acf":[],"yoast_head":"<!-- This site is optimized with the Yoast SEO plugin v27.5 - https:\/\/yoast.com\/product\/yoast-seo-wordpress\/ -->\n<title>Maintenance et r\u00e9paration - Carima<\/title>\n<meta name=\"robots\" content=\"index, follow, max-snippet:-1, max-image-preview:large, max-video-preview:-1\" \/>\n<link rel=\"canonical\" href=\"https:\/\/www.carimatech.com\/fr\/services-2\/maintenance-et-reparation\/\" \/>\n<meta property=\"og:locale\" content=\"fr_FR\" \/>\n<meta property=\"og:type\" content=\"article\" \/>\n<meta property=\"og:title\" content=\"Maintenance et r\u00e9paration - Carima\" \/>\n<meta property=\"og:description\" content=\"Tous nos produits sont couverts par une garantie de trois ans (hors batteries). Pour pr\u00e9server leur durabilit\u00e9 et leur performance, un entretien r\u00e9gulier et une bonne utilisation sont indispensables.\" \/>\n<meta property=\"og:url\" content=\"https:\/\/www.carimatech.com\/fr\/services-2\/maintenance-et-reparation\/\" \/>\n<meta property=\"og:site_name\" content=\"Carima\" \/>\n<meta property=\"article:modified_time\" content=\"2026-04-09T13:50:37+00:00\" \/>\n<meta property=\"og:image\" content=\"https:\/\/www.carimatech.com\/app\/uploads\/2025\/02\/evaluaciones-scaled.jpg\" \/>\n\t<meta property=\"og:image:width\" content=\"1684\" \/>\n\t<meta property=\"og:image:height\" content=\"2560\" \/>\n\t<meta property=\"og:image:type\" content=\"image\/jpeg\" \/>\n<meta name=\"twitter:card\" content=\"summary_large_image\" \/>\n<meta name=\"twitter:label1\" content=\"Dur\u00e9e de lecture estim\u00e9e\" \/>\n\t<meta name=\"twitter:data1\" content=\"2 minutes\" \/>\n<script type=\"application\/ld+json\" class=\"yoast-schema-graph\">{\"@context\":\"https:\\\/\\\/schema.org\",\"@graph\":[{\"@type\":\"WebPage\",\"@id\":\"https:\\\/\\\/www.carimatech.com\\\/fr\\\/services-2\\\/maintenance-et-reparation\\\/\",\"url\":\"https:\\\/\\\/www.carimatech.com\\\/fr\\\/services-2\\\/maintenance-et-reparation\\\/\",\"name\":\"Maintenance et r\u00e9paration - Carima\",\"isPartOf\":{\"@id\":\"https:\\\/\\\/www.carimatech.com\\\/fr\\\/#website\"},\"primaryImageOfPage\":{\"@id\":\"https:\\\/\\\/www.carimatech.com\\\/fr\\\/services-2\\\/maintenance-et-reparation\\\/#primaryimage\"},\"image\":{\"@id\":\"https:\\\/\\\/www.carimatech.com\\\/fr\\\/services-2\\\/maintenance-et-reparation\\\/#primaryimage\"},\"thumbnailUrl\":\"https:\\\/\\\/www.carimatech.com\\\/app\\\/uploads\\\/2025\\\/02\\\/evaluaciones-scaled.jpg\",\"datePublished\":\"2024-11-27T12:35:02+00:00\",\"dateModified\":\"2026-04-09T13:50:37+00:00\",\"breadcrumb\":{\"@id\":\"https:\\\/\\\/www.carimatech.com\\\/fr\\\/services-2\\\/maintenance-et-reparation\\\/#breadcrumb\"},\"inLanguage\":\"fr-FR\",\"potentialAction\":[{\"@type\":\"ReadAction\",\"target\":[\"https:\\\/\\\/www.carimatech.com\\\/fr\\\/services-2\\\/maintenance-et-reparation\\\/\"]}]},{\"@type\":\"ImageObject\",\"inLanguage\":\"fr-FR\",\"@id\":\"https:\\\/\\\/www.carimatech.com\\\/fr\\\/services-2\\\/maintenance-et-reparation\\\/#primaryimage\",\"url\":\"https:\\\/\\\/www.carimatech.com\\\/app\\\/uploads\\\/2025\\\/02\\\/evaluaciones-scaled.jpg\",\"contentUrl\":\"https:\\\/\\\/www.carimatech.com\\\/app\\\/uploads\\\/2025\\\/02\\\/evaluaciones-scaled.jpg\",\"width\":1684,\"height\":2560},{\"@type\":\"BreadcrumbList\",\"@id\":\"https:\\\/\\\/www.carimatech.com\\\/fr\\\/services-2\\\/maintenance-et-reparation\\\/#breadcrumb\",\"itemListElement\":[{\"@type\":\"ListItem\",\"position\":1,\"name\":\"Portada\",\"item\":\"https:\\\/\\\/www.carimatech.com\\\/fr\\\/home\\\/\"},{\"@type\":\"ListItem\",\"position\":2,\"name\":\"Services\",\"item\":\"https:\\\/\\\/www.carimatech.com\\\/fr\\\/services-2\\\/\"},{\"@type\":\"ListItem\",\"position\":3,\"name\":\"Maintenance et r\u00e9paration\"}]},{\"@type\":\"WebSite\",\"@id\":\"https:\\\/\\\/www.carimatech.com\\\/fr\\\/#website\",\"url\":\"https:\\\/\\\/www.carimatech.com\\\/fr\\\/\",\"name\":\"Carima\",\"description\":\"\",\"potentialAction\":[{\"@type\":\"SearchAction\",\"target\":{\"@type\":\"EntryPoint\",\"urlTemplate\":\"https:\\\/\\\/www.carimatech.com\\\/fr\\\/?s={search_term_string}\"},\"query-input\":{\"@type\":\"PropertyValueSpecification\",\"valueRequired\":true,\"valueName\":\"search_term_string\"}}],\"inLanguage\":\"fr-FR\"}]}<\/script>\n<!-- \/ Yoast SEO plugin. -->","yoast_head_json":{"title":"Maintenance et r\u00e9paration - Carima","robots":{"index":"index","follow":"follow","max-snippet":"max-snippet:-1","max-image-preview":"max-image-preview:large","max-video-preview":"max-video-preview:-1"},"canonical":"https:\/\/www.carimatech.com\/fr\/services-2\/maintenance-et-reparation\/","og_locale":"fr_FR","og_type":"article","og_title":"Maintenance et r\u00e9paration - Carima","og_description":"Tous nos produits sont couverts par une garantie de trois ans (hors batteries). Pour pr\u00e9server leur durabilit\u00e9 et leur performance, un entretien r\u00e9gulier et une bonne utilisation sont indispensables.","og_url":"https:\/\/www.carimatech.com\/fr\/services-2\/maintenance-et-reparation\/","og_site_name":"Carima","article_modified_time":"2026-04-09T13:50:37+00:00","og_image":[{"width":1684,"height":2560,"url":"https:\/\/www.carimatech.com\/app\/uploads\/2025\/02\/evaluaciones-scaled.jpg","type":"image\/jpeg"}],"twitter_card":"summary_large_image","twitter_misc":{"Dur\u00e9e de lecture estim\u00e9e":"2 minutes"},"schema":{"@context":"https:\/\/schema.org","@graph":[{"@type":"WebPage","@id":"https:\/\/www.carimatech.com\/fr\/services-2\/maintenance-et-reparation\/","url":"https:\/\/www.carimatech.com\/fr\/services-2\/maintenance-et-reparation\/","name":"Maintenance et r\u00e9paration - Carima","isPartOf":{"@id":"https:\/\/www.carimatech.com\/fr\/#website"},"primaryImageOfPage":{"@id":"https:\/\/www.carimatech.com\/fr\/services-2\/maintenance-et-reparation\/#primaryimage"},"image":{"@id":"https:\/\/www.carimatech.com\/fr\/services-2\/maintenance-et-reparation\/#primaryimage"},"thumbnailUrl":"https:\/\/www.carimatech.com\/app\/uploads\/2025\/02\/evaluaciones-scaled.jpg","datePublished":"2024-11-27T12:35:02+00:00","dateModified":"2026-04-09T13:50:37+00:00","breadcrumb":{"@id":"https:\/\/www.carimatech.com\/fr\/services-2\/maintenance-et-reparation\/#breadcrumb"},"inLanguage":"fr-FR","potentialAction":[{"@type":"ReadAction","target":["https:\/\/www.carimatech.com\/fr\/services-2\/maintenance-et-reparation\/"]}]},{"@type":"ImageObject","inLanguage":"fr-FR","@id":"https:\/\/www.carimatech.com\/fr\/services-2\/maintenance-et-reparation\/#primaryimage","url":"https:\/\/www.carimatech.com\/app\/uploads\/2025\/02\/evaluaciones-scaled.jpg","contentUrl":"https:\/\/www.carimatech.com\/app\/uploads\/2025\/02\/evaluaciones-scaled.jpg","width":1684,"height":2560},{"@type":"BreadcrumbList","@id":"https:\/\/www.carimatech.com\/fr\/services-2\/maintenance-et-reparation\/#breadcrumb","itemListElement":[{"@type":"ListItem","position":1,"name":"Portada","item":"https:\/\/www.carimatech.com\/fr\/home\/"},{"@type":"ListItem","position":2,"name":"Services","item":"https:\/\/www.carimatech.com\/fr\/services-2\/"},{"@type":"ListItem","position":3,"name":"Maintenance et r\u00e9paration"}]},{"@type":"WebSite","@id":"https:\/\/www.carimatech.com\/fr\/#website","url":"https:\/\/www.carimatech.com\/fr\/","name":"Carima","description":"","potentialAction":[{"@type":"SearchAction","target":{"@type":"EntryPoint","urlTemplate":"https:\/\/www.carimatech.com\/fr\/?s={search_term_string}"},"query-input":{"@type":"PropertyValueSpecification","valueRequired":true,"valueName":"search_term_string"}}],"inLanguage":"fr-FR"}]}},"_links":{"self":[{"href":"https:\/\/www.carimatech.com\/fr\/wp-json\/wp\/v2\/pages\/4144","targetHints":{"allow":["GET"]}}],"collection":[{"href":"https:\/\/www.carimatech.com\/fr\/wp-json\/wp\/v2\/pages"}],"about":[{"href":"https:\/\/www.carimatech.com\/fr\/wp-json\/wp\/v2\/types\/page"}],"author":[{"embeddable":true,"href":"https:\/\/www.carimatech.com\/fr\/wp-json\/wp\/v2\/users\/1"}],"replies":[{"embeddable":true,"href":"https:\/\/www.carimatech.com\/fr\/wp-json\/wp\/v2\/comments?post=4144"}],"version-history":[{"count":5,"href":"https:\/\/www.carimatech.com\/fr\/wp-json\/wp\/v2\/pages\/4144\/revisions"}],"predecessor-version":[{"id":5085,"href":"https:\/\/www.carimatech.com\/fr\/wp-json\/wp\/v2\/pages\/4144\/revisions\/5085"}],"up":[{"embeddable":true,"href":"https:\/\/www.carimatech.com\/fr\/wp-json\/wp\/v2\/pages\/3890"}],"wp:featuredmedia":[{"embeddable":true,"href":"https:\/\/www.carimatech.com\/fr\/wp-json\/wp\/v2\/media\/3884"}],"wp:attachment":[{"href":"https:\/\/www.carimatech.com\/fr\/wp-json\/wp\/v2\/media?parent=4144"}],"curies":[{"name":"wp","href":"https:\/\/api.w.org\/{rel}","templated":true}]}}