{"id":4298,"date":"2025-03-14T18:38:22","date_gmt":"2025-03-14T17:38:22","guid":{"rendered":"https:\/\/www.carimatech.com\/mentions-legales\/"},"modified":"2025-11-19T14:57:15","modified_gmt":"2025-11-19T13:57:15","slug":"mentions-legales","status":"publish","type":"page","link":"https:\/\/www.carimatech.com\/fr\/mentions-legales\/","title":{"rendered":"Mentions l\u00e9gales"},"content":{"rendered":"\t\t<div data-elementor-type=\"wp-page\" data-elementor-id=\"4298\" class=\"elementor elementor-4298 elementor-2411\">\n\t\t\t\t<div class=\"elementor-element elementor-element-1a036dd e-flex e-con-boxed e-con e-parent\" data-id=\"1a036dd\" data-element_type=\"container\" data-e-type=\"container\">\n\t\t\t\t\t<div class=\"e-con-inner\">\n\t\t<div class=\"elementor-element elementor-element-588d148 e-con-full e-flex e-con e-child\" data-id=\"588d148\" data-element_type=\"container\" data-e-type=\"container\">\n\t\t\t\t<div class=\"elementor-element elementor-element-a9a2452 elementor-widget elementor-widget-text-editor\" data-id=\"a9a2452\" data-element_type=\"widget\" data-e-type=\"widget\" data-widget_type=\"text-editor.default\">\n\t\t\t\t<div class=\"elementor-widget-container\">\n\t\t\t\t\t\t\t\t\t<p data-pm-slice=\"1 1 []\"><strong>1. Informations G\u00e9n\u00e9rales<\/strong>&nbsp;<\/p><p data-pm-slice=\"1 1 []\">Conform\u00e9ment aux dispositions de la Loi 34\/2002 du 11 juillet, relative aux services de la soci\u00e9t\u00e9 de l\u2019information et au commerce \u00e9lectronique (LSSICE), les utilisateurs du site web <a>www.carimatech.com<\/a> sont inform\u00e9s des aspects juridiques suivants:<\/p>\n<ul data-spread=\"false\">\n<li>\n<p><strong>Titulaire:<\/strong> CARIMA SOLUTIONS S.L.<\/p>\n<\/li>\n<li>\n<p><strong>NIF : <\/strong>B19989706<\/p>\n<\/li>\n<li>\n<p><strong>Adresse:<\/strong> Calle Iribar 1, B1, 20018 Donostia (Gipuzkoa)<\/p>\n<\/li>\n<li>\n<p><strong>T\u00e9l\u00e9phone:<\/strong> 943 06 20 16<\/p>\n<\/li>\n<li>\n<p><strong>Adresse e-mail :<\/strong> [Ajouter l\u2019e-mail de contact]<\/p>\n<\/li>\n<\/ul>\n<p><strong>2. Conditions d\u2019Utilisation<\/strong>&nbsp;<\/p><p>L\u2019acc\u00e8s et l\u2019utilisation du site web <a>www.carimatech.com<\/a> conf\u00e8rent la condition d\u2019utilisateur, impliquant l\u2019acceptation pleine et sans r\u00e9serve de toutes les dispositions figurant dans le pr\u00e9sent Avis L\u00e9gal. L\u2019utilisateur s\u2019engage \u00e0 faire un usage appropri\u00e9 des contenus et services du site, en s\u2019abstenant de r\u00e9aliser toute activit\u00e9 illicite ou contraire \u00e0 la bonne foi et \u00e0 l\u2019ordre public.<\/p>\n<p><strong>3. Propri\u00e9t\u00e9 Intellectuelle et Industrielle<\/strong>&nbsp;<\/p><p>L\u2019ensemble des contenus du site, y compris les textes, images, logos, ic\u00f4nes, logiciels, noms commerciaux, marques ou autres signes distinctifs, est prot\u00e9g\u00e9 par des droits de propri\u00e9t\u00e9 intellectuelle et industrielle appartenant \u00e0 CARIMA SOLUTIONS S.L. ou \u00e0 des tiers autoris\u00e9s. Toute utilisation, reproduction, distribution ou modification est interdite sans l\u2019autorisation pr\u00e9alable et expresse du titulaire.<\/p>\n<p><strong>4. Limitation de Responsabilit\u00e9<\/strong>&nbsp;<\/p><p>CARIMA SOLUTIONS S.L. ne saurait \u00eatre tenue responsable des dommages r\u00e9sultant de l\u2019utilisation du site web, y compris les erreurs ou omissions dans les contenus, l\u2019indisponibilit\u00e9 du portail ou la transmission de virus ou programmes malveillants.<\/p>\n<p><strong>5. Protection des Donn\u00e9es Personnelles<\/strong>&nbsp;<\/p><p>CARIMA SOLUTIONS S.L. respecte la r\u00e9glementation en vigueur en mati\u00e8re de protection des donn\u00e9es personnelles. <br> Pour plus d\u2019informations sur le traitement des donn\u00e9es personnelles, veuillez consulter notre [Politique de Confidentialit\u00e9].<\/p>\n<p><strong>6. L\u00e9gislation Applicable et Juridiction<\/strong>&nbsp;<\/p><p>Le pr\u00e9sent Avis L\u00e9gal est r\u00e9gi par la l\u00e9gislation espagnole. Pour toute controverse pouvant survenir en relation avec le site web ou ses services, les parties se soumettront aux tribunaux de Donostia (Gipuzkoa), sauf disposition l\u00e9gale contraire.<\/p>\n<p><strong>7. Contact<\/strong>&nbsp;<\/p><p>Pour toute question relative au pr\u00e9sent Avis L\u00e9gal, vous pouvez nous contacter via l\u2019adresse e-mail indiqu\u00e9e.<\/p>\t\t\t\t\t\t\t\t<\/div>\n\t\t\t\t<\/div>\n\t\t\t\t<\/div>\n\t\t\t\t\t<\/div>\n\t\t\t\t<\/div>\n\t\t\t\t<\/div>\n\t\t","protected":false},"excerpt":{"rendered":"<p>1. Informations G\u00e9n\u00e9rales&nbsp; Conform\u00e9ment aux dispositions de la Loi 34\/2002 du 11 juillet, relative aux services de la soci\u00e9t\u00e9 de l\u2019information et au commerce \u00e9lectronique (LSSICE), les utilisateurs du site&#8230;<\/p>\n","protected":false},"author":1,"featured_media":4042,"parent":0,"menu_order":0,"comment_status":"closed","ping_status":"closed","template":"","meta":{"_acf_changed":false,"footnotes":""},"class_list":["post-4298","page","type-page","status-publish","has-post-thumbnail","hentry"],"acf":[],"yoast_head":"<!-- This site is optimized with the Yoast SEO plugin v27.5 - https:\/\/yoast.com\/product\/yoast-seo-wordpress\/ -->\n<title>Mentions l\u00e9gales - Carima<\/title>\n<meta name=\"robots\" content=\"index, follow, max-snippet:-1, max-image-preview:large, max-video-preview:-1\" \/>\n<link rel=\"canonical\" href=\"https:\/\/www.carimatech.com\/fr\/mentions-legales\/\" \/>\n<meta property=\"og:locale\" content=\"fr_FR\" \/>\n<meta property=\"og:type\" content=\"article\" \/>\n<meta property=\"og:title\" content=\"Mentions l\u00e9gales - Carima\" \/>\n<meta property=\"og:description\" content=\"1. Informations G\u00e9n\u00e9rales&nbsp; Conform\u00e9ment aux dispositions de la Loi 34\/2002 du 11 juillet, relative aux services de la soci\u00e9t\u00e9 de l\u2019information et au commerce \u00e9lectronique (LSSICE), les utilisateurs du site...\" \/>\n<meta property=\"og:url\" content=\"https:\/\/www.carimatech.com\/fr\/mentions-legales\/\" \/>\n<meta property=\"og:site_name\" content=\"Carima\" \/>\n<meta property=\"article:modified_time\" content=\"2025-11-19T13:57:15+00:00\" \/>\n<meta property=\"og:image\" content=\"https:\/\/www.carimatech.com\/app\/uploads\/2025\/03\/articulo4-768x522-60.jpg\" \/>\n\t<meta property=\"og:image:width\" content=\"768\" \/>\n\t<meta property=\"og:image:height\" content=\"522\" \/>\n\t<meta property=\"og:image:type\" content=\"image\/jpeg\" \/>\n<meta name=\"twitter:card\" content=\"summary_large_image\" \/>\n<meta name=\"twitter:label1\" content=\"Dur\u00e9e de lecture estim\u00e9e\" \/>\n\t<meta name=\"twitter:data1\" content=\"2 minutes\" \/>\n<script type=\"application\/ld+json\" class=\"yoast-schema-graph\">{\"@context\":\"https:\\\/\\\/schema.org\",\"@graph\":[{\"@type\":\"WebPage\",\"@id\":\"https:\\\/\\\/www.carimatech.com\\\/fr\\\/mentions-legales\\\/\",\"url\":\"https:\\\/\\\/www.carimatech.com\\\/fr\\\/mentions-legales\\\/\",\"name\":\"Mentions l\u00e9gales - Carima\",\"isPartOf\":{\"@id\":\"https:\\\/\\\/www.carimatech.com\\\/fr\\\/#website\"},\"primaryImageOfPage\":{\"@id\":\"https:\\\/\\\/www.carimatech.com\\\/fr\\\/mentions-legales\\\/#primaryimage\"},\"image\":{\"@id\":\"https:\\\/\\\/www.carimatech.com\\\/fr\\\/mentions-legales\\\/#primaryimage\"},\"thumbnailUrl\":\"https:\\\/\\\/www.carimatech.com\\\/app\\\/uploads\\\/2025\\\/03\\\/articulo4-768x522-60.jpg\",\"datePublished\":\"2025-03-14T17:38:22+00:00\",\"dateModified\":\"2025-11-19T13:57:15+00:00\",\"breadcrumb\":{\"@id\":\"https:\\\/\\\/www.carimatech.com\\\/fr\\\/mentions-legales\\\/#breadcrumb\"},\"inLanguage\":\"fr-FR\",\"potentialAction\":[{\"@type\":\"ReadAction\",\"target\":[\"https:\\\/\\\/www.carimatech.com\\\/fr\\\/mentions-legales\\\/\"]}]},{\"@type\":\"ImageObject\",\"inLanguage\":\"fr-FR\",\"@id\":\"https:\\\/\\\/www.carimatech.com\\\/fr\\\/mentions-legales\\\/#primaryimage\",\"url\":\"https:\\\/\\\/www.carimatech.com\\\/app\\\/uploads\\\/2025\\\/03\\\/articulo4-768x522-60.jpg\",\"contentUrl\":\"https:\\\/\\\/www.carimatech.com\\\/app\\\/uploads\\\/2025\\\/03\\\/articulo4-768x522-60.jpg\",\"width\":768,\"height\":522},{\"@type\":\"BreadcrumbList\",\"@id\":\"https:\\\/\\\/www.carimatech.com\\\/fr\\\/mentions-legales\\\/#breadcrumb\",\"itemListElement\":[{\"@type\":\"ListItem\",\"position\":1,\"name\":\"Portada\",\"item\":\"https:\\\/\\\/www.carimatech.com\\\/fr\\\/home\\\/\"},{\"@type\":\"ListItem\",\"position\":2,\"name\":\"Mentions l\u00e9gales\"}]},{\"@type\":\"WebSite\",\"@id\":\"https:\\\/\\\/www.carimatech.com\\\/fr\\\/#website\",\"url\":\"https:\\\/\\\/www.carimatech.com\\\/fr\\\/\",\"name\":\"Carima\",\"description\":\"\",\"potentialAction\":[{\"@type\":\"SearchAction\",\"target\":{\"@type\":\"EntryPoint\",\"urlTemplate\":\"https:\\\/\\\/www.carimatech.com\\\/fr\\\/?s={search_term_string}\"},\"query-input\":{\"@type\":\"PropertyValueSpecification\",\"valueRequired\":true,\"valueName\":\"search_term_string\"}}],\"inLanguage\":\"fr-FR\"}]}<\/script>\n<!-- \/ Yoast SEO plugin. -->","yoast_head_json":{"title":"Mentions l\u00e9gales - Carima","robots":{"index":"index","follow":"follow","max-snippet":"max-snippet:-1","max-image-preview":"max-image-preview:large","max-video-preview":"max-video-preview:-1"},"canonical":"https:\/\/www.carimatech.com\/fr\/mentions-legales\/","og_locale":"fr_FR","og_type":"article","og_title":"Mentions l\u00e9gales - Carima","og_description":"1. Informations G\u00e9n\u00e9rales&nbsp; Conform\u00e9ment aux dispositions de la Loi 34\/2002 du 11 juillet, relative aux services de la soci\u00e9t\u00e9 de l\u2019information et au commerce \u00e9lectronique (LSSICE), les utilisateurs du site...","og_url":"https:\/\/www.carimatech.com\/fr\/mentions-legales\/","og_site_name":"Carima","article_modified_time":"2025-11-19T13:57:15+00:00","og_image":[{"width":768,"height":522,"url":"https:\/\/www.carimatech.com\/app\/uploads\/2025\/03\/articulo4-768x522-60.jpg","type":"image\/jpeg"}],"twitter_card":"summary_large_image","twitter_misc":{"Dur\u00e9e de lecture estim\u00e9e":"2 minutes"},"schema":{"@context":"https:\/\/schema.org","@graph":[{"@type":"WebPage","@id":"https:\/\/www.carimatech.com\/fr\/mentions-legales\/","url":"https:\/\/www.carimatech.com\/fr\/mentions-legales\/","name":"Mentions l\u00e9gales - Carima","isPartOf":{"@id":"https:\/\/www.carimatech.com\/fr\/#website"},"primaryImageOfPage":{"@id":"https:\/\/www.carimatech.com\/fr\/mentions-legales\/#primaryimage"},"image":{"@id":"https:\/\/www.carimatech.com\/fr\/mentions-legales\/#primaryimage"},"thumbnailUrl":"https:\/\/www.carimatech.com\/app\/uploads\/2025\/03\/articulo4-768x522-60.jpg","datePublished":"2025-03-14T17:38:22+00:00","dateModified":"2025-11-19T13:57:15+00:00","breadcrumb":{"@id":"https:\/\/www.carimatech.com\/fr\/mentions-legales\/#breadcrumb"},"inLanguage":"fr-FR","potentialAction":[{"@type":"ReadAction","target":["https:\/\/www.carimatech.com\/fr\/mentions-legales\/"]}]},{"@type":"ImageObject","inLanguage":"fr-FR","@id":"https:\/\/www.carimatech.com\/fr\/mentions-legales\/#primaryimage","url":"https:\/\/www.carimatech.com\/app\/uploads\/2025\/03\/articulo4-768x522-60.jpg","contentUrl":"https:\/\/www.carimatech.com\/app\/uploads\/2025\/03\/articulo4-768x522-60.jpg","width":768,"height":522},{"@type":"BreadcrumbList","@id":"https:\/\/www.carimatech.com\/fr\/mentions-legales\/#breadcrumb","itemListElement":[{"@type":"ListItem","position":1,"name":"Portada","item":"https:\/\/www.carimatech.com\/fr\/home\/"},{"@type":"ListItem","position":2,"name":"Mentions l\u00e9gales"}]},{"@type":"WebSite","@id":"https:\/\/www.carimatech.com\/fr\/#website","url":"https:\/\/www.carimatech.com\/fr\/","name":"Carima","description":"","potentialAction":[{"@type":"SearchAction","target":{"@type":"EntryPoint","urlTemplate":"https:\/\/www.carimatech.com\/fr\/?s={search_term_string}"},"query-input":{"@type":"PropertyValueSpecification","valueRequired":true,"valueName":"search_term_string"}}],"inLanguage":"fr-FR"}]}},"_links":{"self":[{"href":"https:\/\/www.carimatech.com\/fr\/wp-json\/wp\/v2\/pages\/4298","targetHints":{"allow":["GET"]}}],"collection":[{"href":"https:\/\/www.carimatech.com\/fr\/wp-json\/wp\/v2\/pages"}],"about":[{"href":"https:\/\/www.carimatech.com\/fr\/wp-json\/wp\/v2\/types\/page"}],"author":[{"embeddable":true,"href":"https:\/\/www.carimatech.com\/fr\/wp-json\/wp\/v2\/users\/1"}],"replies":[{"embeddable":true,"href":"https:\/\/www.carimatech.com\/fr\/wp-json\/wp\/v2\/comments?post=4298"}],"version-history":[{"count":3,"href":"https:\/\/www.carimatech.com\/fr\/wp-json\/wp\/v2\/pages\/4298\/revisions"}],"predecessor-version":[{"id":4302,"href":"https:\/\/www.carimatech.com\/fr\/wp-json\/wp\/v2\/pages\/4298\/revisions\/4302"}],"wp:featuredmedia":[{"embeddable":true,"href":"https:\/\/www.carimatech.com\/fr\/wp-json\/wp\/v2\/media\/4042"}],"wp:attachment":[{"href":"https:\/\/www.carimatech.com\/fr\/wp-json\/wp\/v2\/media?parent=4298"}],"curies":[{"name":"wp","href":"https:\/\/api.w.org\/{rel}","templated":true}]}}