{"id":4303,"date":"2024-11-27T14:45:45","date_gmt":"2024-11-27T13:45:45","guid":{"rendered":"https:\/\/www.carimatech.com\/achetez-en-toute-securite\/"},"modified":"2025-11-19T15:04:29","modified_gmt":"2025-11-19T14:04:29","slug":"achetez-en-toute-securite","status":"publish","type":"page","link":"https:\/\/www.carimatech.com\/fr\/achetez-en-toute-securite\/","title":{"rendered":"Achetez en toute s\u00e9curit\u00e9"},"content":{"rendered":"\t\t<div data-elementor-type=\"wp-page\" data-elementor-id=\"4303\" class=\"elementor elementor-4303 elementor-419\">\n\t\t\t\t<div class=\"elementor-element elementor-element-498cd2f e-flex e-con-boxed e-con e-parent\" data-id=\"498cd2f\" data-element_type=\"container\" data-e-type=\"container\">\n\t\t\t\t\t<div class=\"e-con-inner\">\n\t\t<div class=\"elementor-element elementor-element-047a03a e-con-full e-flex e-con e-child\" data-id=\"047a03a\" data-element_type=\"container\" data-e-type=\"container\">\n\t\t\t\t<div class=\"elementor-element elementor-element-562eb43 elementor-widget elementor-widget-heading\" data-id=\"562eb43\" data-element_type=\"widget\" data-e-type=\"widget\" data-widget_type=\"heading.default\">\n\t\t\t\t<div class=\"elementor-widget-container\">\n\t\t\t\t\t<h3 class=\"elementor-heading-title elementor-size-default\"><b>S\u00e9curit\u00e9 et engagement dans chaque solution<\/b>\n<\/h3>\t\t\t\t<\/div>\n\t\t\t\t<\/div>\n\t\t\t\t<div class=\"elementor-element elementor-element-538a560 elementor-widget elementor-widget-text-editor\" data-id=\"538a560\" data-element_type=\"widget\" data-e-type=\"widget\" data-widget_type=\"text-editor.default\">\n\t\t\t\t<div class=\"elementor-widget-container\">\n\t\t\t\t\t\t\t\t\t<p><span style=\"font-weight: 400;\">Chez Carima, nous savons que concevoir des solutions de transfert n\u2019est pas seulement une question technique : c\u2019est une responsabilit\u00e9 envers les personnes. C\u2019est pourquoi chacun de nos produits et services repose sur un engagement solide en mati\u00e8re de s\u00e9curit\u00e9, de qualit\u00e9 et de bien-\u00eatre. <\/span><\/p><p>Tous nos produits disposent du marquage CE, garantissant leur conformit\u00e9 aux exigences essentielles de s\u00e9curit\u00e9 et de fonctionnement \u00e9tablies par la r\u00e9glementation europ\u00e9enne.<br><br>Mais pour nous, la s\u00e9curit\u00e9 n\u2019est pas seulement une obligation r\u00e9glementaire : c\u2019est un engagement quotidien.<\/p>\t\t\t\t\t\t\t\t<\/div>\n\t\t\t\t<\/div>\n\t\t\t\t<\/div>\n\t\t\t\t\t<\/div>\n\t\t\t\t<\/div>\n\t\t<div class=\"elementor-element elementor-element-1e01f78 e-flex e-con-boxed e-con e-parent\" data-id=\"1e01f78\" data-element_type=\"container\" data-e-type=\"container\">\n\t\t\t\t\t<div class=\"e-con-inner\">\n\t\t<div class=\"elementor-element elementor-element-0e47cf6 e-con-full e-flex e-con e-child\" data-id=\"0e47cf6\" data-element_type=\"container\" data-e-type=\"container\">\n\t\t<div class=\"elementor-element elementor-element-de8fad9 e-con-full e-flex e-con e-child\" data-id=\"de8fad9\" data-element_type=\"container\" data-e-type=\"container\">\n\t\t\t\t<div class=\"elementor-element elementor-element-dc49941 elementor-widget elementor-widget-heading\" data-id=\"dc49941\" data-element_type=\"widget\" data-e-type=\"widget\" data-widget_type=\"heading.default\">\n\t\t\t\t<div class=\"elementor-widget-container\">\n\t\t\t\t\t<h3 class=\"elementor-heading-title elementor-size-default\">Chez Carima, la s\u00e9curit\u00e9 est le point de d\u00e9part pour <b>cr\u00e9er des environnements accessibles, des soins dignes et une meilleure qualit\u00e9 de vie pour ceux qui en ont le plus besoin.<\/b>\n<\/h3>\t\t\t\t<\/div>\n\t\t\t\t<\/div>\n\t\t\t\t<\/div>\n\t\t\t\t<\/div>\n\t\t\t\t\t<\/div>\n\t\t\t\t<\/div>\n\t\t<div class=\"elementor-element elementor-element-7c74449 e-flex e-con-boxed e-con e-parent\" data-id=\"7c74449\" data-element_type=\"container\" data-e-type=\"container\">\n\t\t\t\t\t<div class=\"e-con-inner\">\n\t\t<div class=\"elementor-element elementor-element-e69343f e-con-full e-grid e-con e-child\" data-id=\"e69343f\" data-element_type=\"container\" data-e-type=\"container\">\n\t\t<div class=\"elementor-element elementor-element-ef18b8e e-con-full e-flex e-con e-child\" data-id=\"ef18b8e\" data-element_type=\"container\" data-e-type=\"container\" data-settings=\"{&quot;background_background&quot;:&quot;classic&quot;}\">\n\t\t\t\t<div class=\"elementor-element elementor-element-65b76cd elementor-widget__width-initial elementor-widget elementor-widget-heading\" data-id=\"65b76cd\" data-element_type=\"widget\" data-e-type=\"widget\" data-widget_type=\"heading.default\">\n\t\t\t\t<div class=\"elementor-widget-container\">\n\t\t\t\t\t<h4 class=\"elementor-heading-title elementor-size-default\"><a href=\"https:\/\/www.carimatech.com\/products_category\/gruas-de-techo\/\">Am\u00e9lioration continue<\/a><\/h4>\t\t\t\t<\/div>\n\t\t\t\t<\/div>\n\t\t\t\t<div class=\"elementor-element elementor-element-a0ba825 elementor-widget elementor-widget-text-editor\" data-id=\"a0ba825\" data-element_type=\"widget\" data-e-type=\"widget\" data-widget_type=\"text-editor.default\">\n\t\t\t\t<div class=\"elementor-widget-container\">\n\t\t\t\t\t\t\t\t\t<p data-start=\"194\" data-end=\"321\">Nous appliquons des processus d\u2019am\u00e9lioration continue \u00e0 chaque \u00e9tape du projet : de la conception \u00e0 l\u2019installation et \u00e0 la maintenance.<\/p>\t\t\t\t\t\t\t\t<\/div>\n\t\t\t\t<\/div>\n\t\t\t\t<\/div>\n\t\t<div class=\"elementor-element elementor-element-ac5394d e-con-full e-flex e-con e-child\" data-id=\"ac5394d\" data-element_type=\"container\" data-e-type=\"container\" data-settings=\"{&quot;background_background&quot;:&quot;classic&quot;}\">\n\t\t\t\t<div class=\"elementor-element elementor-element-e0935fd elementor-widget__width-initial elementor-widget elementor-widget-heading\" data-id=\"e0935fd\" data-element_type=\"widget\" data-e-type=\"widget\" data-widget_type=\"heading.default\">\n\t\t\t\t<div class=\"elementor-widget-container\">\n\t\t\t\t\t<h4 class=\"elementor-heading-title elementor-size-default\"><a href=\"https:\/\/www.carimatech.com\/products_category\/gruas-de-techo\/motores\/\">\u00c9coute active<\/a><\/h4>\t\t\t\t<\/div>\n\t\t\t\t<\/div>\n\t\t\t\t<div class=\"elementor-element elementor-element-a3e405d elementor-widget elementor-widget-text-editor\" data-id=\"a3e405d\" data-element_type=\"widget\" data-e-type=\"widget\" data-widget_type=\"text-editor.default\">\n\t\t\t\t<div class=\"elementor-widget-container\">\n\t\t\t\t\t\t\t\t\t<p class=\"p1\">Nous \u00e9coutons attentivement les utilisateurs, les aidants et les professionnels afin d\u2019adapter nos solutions \u00e0 la r\u00e9alit\u00e9 de chaque environnement.<\/p>\t\t\t\t\t\t\t\t<\/div>\n\t\t\t\t<\/div>\n\t\t\t\t<\/div>\n\t\t<div class=\"elementor-element elementor-element-a6b4e18 e-con-full e-flex e-con e-child\" data-id=\"a6b4e18\" data-element_type=\"container\" data-e-type=\"container\" data-settings=\"{&quot;background_background&quot;:&quot;classic&quot;}\">\n\t\t\t\t<div class=\"elementor-element elementor-element-846ca7e elementor-widget__width-initial elementor-widget elementor-widget-heading\" data-id=\"846ca7e\" data-element_type=\"widget\" data-e-type=\"widget\" data-widget_type=\"heading.default\">\n\t\t\t\t<div class=\"elementor-widget-container\">\n\t\t\t\t\t<h4 class=\"elementor-heading-title elementor-size-default\"><a href=\"https:\/\/www.carimatech.com\/servicios\/evaluaciones-y-oficina-tecnica\/\">Information claire<\/a><\/h4>\t\t\t\t<\/div>\n\t\t\t\t<\/div>\n\t\t\t\t<div class=\"elementor-element elementor-element-9bd8977 elementor-widget elementor-widget-text-editor\" data-id=\"9bd8977\" data-element_type=\"widget\" data-e-type=\"widget\" data-widget_type=\"text-editor.default\">\n\t\t\t\t<div class=\"elementor-widget-container\">\n\t\t\t\t\t\t\t\t\t<p class=\"p1\">Nous garantissons la disponibilit\u00e9 de ressources et d\u2019informations claires pour accompagner chaque client dans sa prise de d\u00e9cision.<\/p>\t\t\t\t\t\t\t\t<\/div>\n\t\t\t\t<\/div>\n\t\t\t\t<\/div>\n\t\t<div class=\"elementor-element elementor-element-020a8a8 e-con-full e-flex e-con e-child\" data-id=\"020a8a8\" data-element_type=\"container\" data-e-type=\"container\" data-settings=\"{&quot;background_background&quot;:&quot;classic&quot;}\">\n\t\t\t\t<div class=\"elementor-element elementor-element-50525d1 elementor-widget__width-initial elementor-widget elementor-widget-heading\" data-id=\"50525d1\" data-element_type=\"widget\" data-e-type=\"widget\" data-widget_type=\"heading.default\">\n\t\t\t\t<div class=\"elementor-widget-container\">\n\t\t\t\t\t<h4 class=\"elementor-heading-title elementor-size-default\"><a href=\"https:\/\/www.carimatech.com\/servicios\/evaluaciones-y-oficina-tecnica\/\">Communication transparente<\/a><\/h4>\t\t\t\t<\/div>\n\t\t\t\t<\/div>\n\t\t\t\t<div class=\"elementor-element elementor-element-65c2186 elementor-widget elementor-widget-text-editor\" data-id=\"65c2186\" data-element_type=\"widget\" data-e-type=\"widget\" data-widget_type=\"text-editor.default\">\n\t\t\t\t<div class=\"elementor-widget-container\">\n\t\t\t\t\t\t\t\t\t<p class=\"p1\">Nous entretenons une communication ouverte et transparente avec l\u2019ensemble de nos parties prenantes.<\/p>\t\t\t\t\t\t\t\t<\/div>\n\t\t\t\t<\/div>\n\t\t\t\t<\/div>\n\t\t<div class=\"elementor-element elementor-element-ad8939d e-con-full e-flex e-con e-child\" data-id=\"ad8939d\" data-element_type=\"container\" data-e-type=\"container\" data-settings=\"{&quot;background_background&quot;:&quot;classic&quot;}\">\n\t\t\t\t<div class=\"elementor-element elementor-element-b7ee317 elementor-widget__width-initial elementor-widget elementor-widget-heading\" data-id=\"b7ee317\" data-element_type=\"widget\" data-e-type=\"widget\" data-widget_type=\"heading.default\">\n\t\t\t\t<div class=\"elementor-widget-container\">\n\t\t\t\t\t<h4 class=\"elementor-heading-title elementor-size-default\"><a href=\"https:\/\/www.carimatech.com\/products_category\/gruas-de-techo\/arneses\/\">Environnement s\u00fbr<\/a><\/h4>\t\t\t\t<\/div>\n\t\t\t\t<\/div>\n\t\t\t\t<div class=\"elementor-element elementor-element-d7cae79 elementor-widget elementor-widget-text-editor\" data-id=\"d7cae79\" data-element_type=\"widget\" data-e-type=\"widget\" data-widget_type=\"text-editor.default\">\n\t\t\t\t<div class=\"elementor-widget-container\">\n\t\t\t\t\t\t\t\t\t<p data-start=\"509\" data-end=\"585\">Nous promouvons un environnement de travail s\u00fbr et positif pour toute notre \u00e9quipe.<\/p>\t\t\t\t\t\t\t\t<\/div>\n\t\t\t\t<\/div>\n\t\t\t\t<\/div>\n\t\t\t\t<\/div>\n\t\t\t\t\t<\/div>\n\t\t\t\t<\/div>\n\t\t<div class=\"elementor-element elementor-element-1e80698 e-flex e-con-boxed e-con e-parent\" data-id=\"1e80698\" data-element_type=\"container\" data-e-type=\"container\">\n\t\t\t\t\t<div class=\"e-con-inner\">\n\t\t<div class=\"elementor-element elementor-element-0319643 e-con-full e-flex e-con e-child\" data-id=\"0319643\" data-element_type=\"container\" data-e-type=\"container\">\n\t\t<div class=\"elementor-element elementor-element-88069db e-con-full e-flex e-con e-child\" data-id=\"88069db\" data-element_type=\"container\" data-e-type=\"container\">\n\t\t\t\t<div class=\"elementor-element elementor-element-7c7bfb4 elementor-widget elementor-widget-image\" data-id=\"7c7bfb4\" data-element_type=\"widget\" data-e-type=\"widget\" data-widget_type=\"image.default\">\n\t\t\t\t<div class=\"elementor-widget-container\">\n\t\t\t\t\t\t\t\t\t\t\t\t\t\t\t<img fetchpriority=\"high\" decoding=\"async\" width=\"1024\" height=\"732\" src=\"https:\/\/www.carimatech.com\/app\/uploads\/2025\/06\/Conformite_Europeenne_logo-1024x732.png\" class=\"attachment-large size-large wp-image-4130\" alt=\"\" srcset=\"https:\/\/www.carimatech.com\/app\/uploads\/2025\/06\/Conformite_Europeenne_logo-1024x732.png 1024w, https:\/\/www.carimatech.com\/app\/uploads\/2025\/06\/Conformite_Europeenne_logo-300x214.png 300w, https:\/\/www.carimatech.com\/app\/uploads\/2025\/06\/Conformite_Europeenne_logo-768x549.png 768w, https:\/\/www.carimatech.com\/app\/uploads\/2025\/06\/Conformite_Europeenne_logo.png 1280w\" sizes=\"(max-width: 1024px) 100vw, 1024px\" \/>\t\t\t\t\t\t\t\t\t\t\t\t\t\t\t<\/div>\n\t\t\t\t<\/div>\n\t\t\t\t<\/div>\n\t\t<div class=\"elementor-element elementor-element-86ce262 e-con-full e-flex e-con e-child\" data-id=\"86ce262\" data-element_type=\"container\" data-e-type=\"container\">\n\t\t\t\t<div class=\"elementor-element elementor-element-94cba2d elementor-widget elementor-widget-text-editor\" data-id=\"94cba2d\" data-element_type=\"widget\" data-e-type=\"widget\" data-widget_type=\"text-editor.default\">\n\t\t\t\t<div class=\"elementor-widget-container\">\n\t\t\t\t\t\t\t\t\t<p style=\"text-align: right;\"><span class=\"s1\">Import\u00e9 par <strong>Carima Solutions SL<\/strong><\/span><\/p><p style=\"text-align: right;\"><span class=\"s1\">Fabriqu\u00e9 par <strong>Care and Independence<\/strong><\/span><\/p>\t\t\t\t\t\t\t\t<\/div>\n\t\t\t\t<\/div>\n\t\t\t\t<div class=\"elementor-element elementor-element-7c46801 elementor-widget elementor-widget-text-editor\" data-id=\"7c46801\" data-element_type=\"widget\" data-e-type=\"widget\" data-widget_type=\"text-editor.default\">\n\t\t\t\t<div class=\"elementor-widget-container\">\n\t\t\t\t\t\t\t\t\t<p style=\"text-align: right;\"><a href=\"https:\/\/www.carimatech.com\/app\/uploads\/2025\/06\/20250328-Declaracion-UE-de-conformidad-FIX-S.pdf\">Declaraci\u00f3n UE de conformidad FIX-S<\/a><br><a href=\"https:\/\/www.carimatech.com\/app\/uploads\/2025\/06\/20250328-Declaracion-UE-de-conformidad-FIX-y-FIX-T.pdf\">Declaraci\u00f3n UE de conformidad FIX-S y FIX-T<\/a><br><br><\/p>\t\t\t\t\t\t\t\t<\/div>\n\t\t\t\t<\/div>\n\t\t\t\t<\/div>\n\t\t\t\t<\/div>\n\t\t\t\t\t<\/div>\n\t\t\t\t<\/div>\n\t\t\t\t<\/div>\n\t\t","protected":false},"excerpt":{"rendered":"<p>S\u00e9curit\u00e9 et engagement dans chaque solution Chez Carima, nous savons que concevoir des solutions de transfert n\u2019est pas seulement une question technique : c\u2019est une responsabilit\u00e9 envers les personnes. C\u2019est&#8230;<\/p>\n","protected":false},"author":1,"featured_media":0,"parent":0,"menu_order":0,"comment_status":"closed","ping_status":"closed","template":"","meta":{"_acf_changed":false,"footnotes":""},"class_list":["post-4303","page","type-page","status-publish","hentry"],"acf":[],"yoast_head":"<!-- This site is optimized with the Yoast SEO plugin v27.5 - https:\/\/yoast.com\/product\/yoast-seo-wordpress\/ -->\n<title>Achetez en toute s\u00e9curit\u00e9 - Carima<\/title>\n<meta name=\"robots\" content=\"index, follow, max-snippet:-1, max-image-preview:large, max-video-preview:-1\" \/>\n<link rel=\"canonical\" href=\"https:\/\/www.carimatech.com\/fr\/achetez-en-toute-securite\/\" \/>\n<meta property=\"og:locale\" content=\"fr_FR\" \/>\n<meta property=\"og:type\" content=\"article\" \/>\n<meta property=\"og:title\" content=\"Achetez en toute s\u00e9curit\u00e9 - Carima\" \/>\n<meta property=\"og:description\" content=\"S\u00e9curit\u00e9 et engagement dans chaque solution Chez Carima, nous savons que concevoir des solutions de transfert n\u2019est pas seulement une question technique : c\u2019est une responsabilit\u00e9 envers les personnes. C\u2019est...\" \/>\n<meta property=\"og:url\" content=\"https:\/\/www.carimatech.com\/fr\/achetez-en-toute-securite\/\" \/>\n<meta property=\"og:site_name\" content=\"Carima\" \/>\n<meta property=\"article:modified_time\" content=\"2025-11-19T14:04:29+00:00\" \/>\n<meta property=\"og:image\" content=\"https:\/\/www.carimatech.com\/app\/uploads\/2025\/06\/Conformite_Europeenne_logo.png\" \/>\n\t<meta property=\"og:image:width\" content=\"1280\" \/>\n\t<meta property=\"og:image:height\" content=\"915\" \/>\n\t<meta property=\"og:image:type\" content=\"image\/png\" \/>\n<meta name=\"twitter:card\" content=\"summary_large_image\" \/>\n<meta name=\"twitter:label1\" content=\"Dur\u00e9e de lecture estim\u00e9e\" \/>\n\t<meta name=\"twitter:data1\" content=\"1 minute\" \/>\n<script type=\"application\/ld+json\" class=\"yoast-schema-graph\">{\"@context\":\"https:\\\/\\\/schema.org\",\"@graph\":[{\"@type\":\"WebPage\",\"@id\":\"https:\\\/\\\/www.carimatech.com\\\/fr\\\/achetez-en-toute-securite\\\/\",\"url\":\"https:\\\/\\\/www.carimatech.com\\\/fr\\\/achetez-en-toute-securite\\\/\",\"name\":\"Achetez en toute s\u00e9curit\u00e9 - Carima\",\"isPartOf\":{\"@id\":\"https:\\\/\\\/www.carimatech.com\\\/fr\\\/#website\"},\"primaryImageOfPage\":{\"@id\":\"https:\\\/\\\/www.carimatech.com\\\/fr\\\/achetez-en-toute-securite\\\/#primaryimage\"},\"image\":{\"@id\":\"https:\\\/\\\/www.carimatech.com\\\/fr\\\/achetez-en-toute-securite\\\/#primaryimage\"},\"thumbnailUrl\":\"https:\\\/\\\/www.carimatech.com\\\/app\\\/uploads\\\/2025\\\/06\\\/Conformite_Europeenne_logo-1024x732.png\",\"datePublished\":\"2024-11-27T13:45:45+00:00\",\"dateModified\":\"2025-11-19T14:04:29+00:00\",\"breadcrumb\":{\"@id\":\"https:\\\/\\\/www.carimatech.com\\\/fr\\\/achetez-en-toute-securite\\\/#breadcrumb\"},\"inLanguage\":\"fr-FR\",\"potentialAction\":[{\"@type\":\"ReadAction\",\"target\":[\"https:\\\/\\\/www.carimatech.com\\\/fr\\\/achetez-en-toute-securite\\\/\"]}]},{\"@type\":\"ImageObject\",\"inLanguage\":\"fr-FR\",\"@id\":\"https:\\\/\\\/www.carimatech.com\\\/fr\\\/achetez-en-toute-securite\\\/#primaryimage\",\"url\":\"https:\\\/\\\/www.carimatech.com\\\/app\\\/uploads\\\/2025\\\/06\\\/Conformite_Europeenne_logo-1024x732.png\",\"contentUrl\":\"https:\\\/\\\/www.carimatech.com\\\/app\\\/uploads\\\/2025\\\/06\\\/Conformite_Europeenne_logo-1024x732.png\"},{\"@type\":\"BreadcrumbList\",\"@id\":\"https:\\\/\\\/www.carimatech.com\\\/fr\\\/achetez-en-toute-securite\\\/#breadcrumb\",\"itemListElement\":[{\"@type\":\"ListItem\",\"position\":1,\"name\":\"Portada\",\"item\":\"https:\\\/\\\/www.carimatech.com\\\/fr\\\/home\\\/\"},{\"@type\":\"ListItem\",\"position\":2,\"name\":\"Achetez en toute s\u00e9curit\u00e9\"}]},{\"@type\":\"WebSite\",\"@id\":\"https:\\\/\\\/www.carimatech.com\\\/fr\\\/#website\",\"url\":\"https:\\\/\\\/www.carimatech.com\\\/fr\\\/\",\"name\":\"Carima\",\"description\":\"\",\"potentialAction\":[{\"@type\":\"SearchAction\",\"target\":{\"@type\":\"EntryPoint\",\"urlTemplate\":\"https:\\\/\\\/www.carimatech.com\\\/fr\\\/?s={search_term_string}\"},\"query-input\":{\"@type\":\"PropertyValueSpecification\",\"valueRequired\":true,\"valueName\":\"search_term_string\"}}],\"inLanguage\":\"fr-FR\"}]}<\/script>\n<!-- \/ Yoast SEO plugin. -->","yoast_head_json":{"title":"Achetez en toute s\u00e9curit\u00e9 - Carima","robots":{"index":"index","follow":"follow","max-snippet":"max-snippet:-1","max-image-preview":"max-image-preview:large","max-video-preview":"max-video-preview:-1"},"canonical":"https:\/\/www.carimatech.com\/fr\/achetez-en-toute-securite\/","og_locale":"fr_FR","og_type":"article","og_title":"Achetez en toute s\u00e9curit\u00e9 - Carima","og_description":"S\u00e9curit\u00e9 et engagement dans chaque solution Chez Carima, nous savons que concevoir des solutions de transfert n\u2019est pas seulement une question technique : c\u2019est une responsabilit\u00e9 envers les personnes. C\u2019est...","og_url":"https:\/\/www.carimatech.com\/fr\/achetez-en-toute-securite\/","og_site_name":"Carima","article_modified_time":"2025-11-19T14:04:29+00:00","og_image":[{"width":1280,"height":915,"url":"https:\/\/www.carimatech.com\/app\/uploads\/2025\/06\/Conformite_Europeenne_logo.png","type":"image\/png"}],"twitter_card":"summary_large_image","twitter_misc":{"Dur\u00e9e de lecture estim\u00e9e":"1 minute"},"schema":{"@context":"https:\/\/schema.org","@graph":[{"@type":"WebPage","@id":"https:\/\/www.carimatech.com\/fr\/achetez-en-toute-securite\/","url":"https:\/\/www.carimatech.com\/fr\/achetez-en-toute-securite\/","name":"Achetez en toute s\u00e9curit\u00e9 - Carima","isPartOf":{"@id":"https:\/\/www.carimatech.com\/fr\/#website"},"primaryImageOfPage":{"@id":"https:\/\/www.carimatech.com\/fr\/achetez-en-toute-securite\/#primaryimage"},"image":{"@id":"https:\/\/www.carimatech.com\/fr\/achetez-en-toute-securite\/#primaryimage"},"thumbnailUrl":"https:\/\/www.carimatech.com\/app\/uploads\/2025\/06\/Conformite_Europeenne_logo-1024x732.png","datePublished":"2024-11-27T13:45:45+00:00","dateModified":"2025-11-19T14:04:29+00:00","breadcrumb":{"@id":"https:\/\/www.carimatech.com\/fr\/achetez-en-toute-securite\/#breadcrumb"},"inLanguage":"fr-FR","potentialAction":[{"@type":"ReadAction","target":["https:\/\/www.carimatech.com\/fr\/achetez-en-toute-securite\/"]}]},{"@type":"ImageObject","inLanguage":"fr-FR","@id":"https:\/\/www.carimatech.com\/fr\/achetez-en-toute-securite\/#primaryimage","url":"https:\/\/www.carimatech.com\/app\/uploads\/2025\/06\/Conformite_Europeenne_logo-1024x732.png","contentUrl":"https:\/\/www.carimatech.com\/app\/uploads\/2025\/06\/Conformite_Europeenne_logo-1024x732.png"},{"@type":"BreadcrumbList","@id":"https:\/\/www.carimatech.com\/fr\/achetez-en-toute-securite\/#breadcrumb","itemListElement":[{"@type":"ListItem","position":1,"name":"Portada","item":"https:\/\/www.carimatech.com\/fr\/home\/"},{"@type":"ListItem","position":2,"name":"Achetez en toute s\u00e9curit\u00e9"}]},{"@type":"WebSite","@id":"https:\/\/www.carimatech.com\/fr\/#website","url":"https:\/\/www.carimatech.com\/fr\/","name":"Carima","description":"","potentialAction":[{"@type":"SearchAction","target":{"@type":"EntryPoint","urlTemplate":"https:\/\/www.carimatech.com\/fr\/?s={search_term_string}"},"query-input":{"@type":"PropertyValueSpecification","valueRequired":true,"valueName":"search_term_string"}}],"inLanguage":"fr-FR"}]}},"_links":{"self":[{"href":"https:\/\/www.carimatech.com\/fr\/wp-json\/wp\/v2\/pages\/4303","targetHints":{"allow":["GET"]}}],"collection":[{"href":"https:\/\/www.carimatech.com\/fr\/wp-json\/wp\/v2\/pages"}],"about":[{"href":"https:\/\/www.carimatech.com\/fr\/wp-json\/wp\/v2\/types\/page"}],"author":[{"embeddable":true,"href":"https:\/\/www.carimatech.com\/fr\/wp-json\/wp\/v2\/users\/1"}],"replies":[{"embeddable":true,"href":"https:\/\/www.carimatech.com\/fr\/wp-json\/wp\/v2\/comments?post=4303"}],"version-history":[{"count":1,"href":"https:\/\/www.carimatech.com\/fr\/wp-json\/wp\/v2\/pages\/4303\/revisions"}],"predecessor-version":[{"id":4304,"href":"https:\/\/www.carimatech.com\/fr\/wp-json\/wp\/v2\/pages\/4303\/revisions\/4304"}],"wp:attachment":[{"href":"https:\/\/www.carimatech.com\/fr\/wp-json\/wp\/v2\/media?parent=4303"}],"curies":[{"name":"wp","href":"https:\/\/api.w.org\/{rel}","templated":true}]}}