{"id":4305,"date":"2024-11-27T14:39:43","date_gmt":"2024-11-27T13:39:43","guid":{"rendered":"https:\/\/www.carimatech.com\/politique-de-confidentialite\/"},"modified":"2025-11-19T15:12:40","modified_gmt":"2025-11-19T14:12:40","slug":"politique-de-confidentialite","status":"publish","type":"page","link":"https:\/\/www.carimatech.com\/fr\/politique-de-confidentialite\/","title":{"rendered":"<b>Politique de confidentialit\u00e9<\/b>"},"content":{"rendered":"\t\t<div data-elementor-type=\"wp-page\" data-elementor-id=\"4305\" class=\"elementor elementor-4305 elementor-413\">\n\t\t\t\t<div class=\"elementor-element elementor-element-6e9d839 e-flex e-con-boxed e-con e-parent\" data-id=\"6e9d839\" data-element_type=\"container\" data-e-type=\"container\">\n\t\t\t\t\t<div class=\"e-con-inner\">\n\t\t<div class=\"elementor-element elementor-element-43280c3 e-con-full e-flex e-con e-child\" data-id=\"43280c3\" data-element_type=\"container\" data-e-type=\"container\">\n\t\t\t\t<div class=\"elementor-element elementor-element-55ee42f elementor-widget elementor-widget-text-editor\" data-id=\"55ee42f\" data-element_type=\"widget\" data-e-type=\"widget\" data-widget_type=\"text-editor.default\">\n\t\t\t\t<div class=\"elementor-widget-container\">\n\t\t\t\t\t\t\t\t\t<p class=\"p1\">Carima est une entreprise du Groupe Qinera.<\/p><p class=\"p1\">Conform\u00e9ment aux dispositions du R\u00e8glement (UE) 2016\/679 du Parlement europ\u00e9en et du Conseil du 27 avril 2016 relatif \u00e0 la protection des personnes physiques \u00e0 l\u2019\u00e9gard du traitement des donn\u00e9es \u00e0 caract\u00e8re personnel et \u00e0 la libre circulation de ces donn\u00e9es, ainsi qu\u2019\u00e0 la Loi Organique 3\/2018 du 5 d\u00e9cembre relative \u00e0 la Protection des Donn\u00e9es Personnelles et \u00e0 la garantie des droits num\u00e9riques, ainsi qu\u2019\u00e0 sa r\u00e9glementation de d\u00e9veloppement, nous vous fournissons les informations compl\u00e8tes dans la pr\u00e9sente Politique de Confidentialit\u00e9.<\/p>\t\t\t\t\t\t\t\t<\/div>\n\t\t\t\t<\/div>\n\t\t\t\t<\/div>\n\t\t<div class=\"elementor-element elementor-element-e665399 e-con-full e-flex e-con e-child\" data-id=\"e665399\" data-element_type=\"container\" data-e-type=\"container\">\n\t\t\t\t<\/div>\n\t\t\t\t\t<\/div>\n\t\t\t\t<\/div>\n\t\t<div class=\"elementor-element elementor-element-9225108 e-flex e-con-boxed e-con e-parent\" data-id=\"9225108\" data-element_type=\"container\" data-e-type=\"container\">\n\t\t\t\t\t<div class=\"e-con-inner\">\n\t\t<div class=\"elementor-element elementor-element-fece89d e-con-full e-flex e-con e-child\" data-id=\"fece89d\" data-element_type=\"container\" data-e-type=\"container\">\n\t\t\t\t<div class=\"elementor-element elementor-element-989611e elementor-widget elementor-widget-text-editor\" data-id=\"989611e\" data-element_type=\"widget\" data-e-type=\"widget\" data-widget_type=\"text-editor.default\">\n\t\t\t\t<div class=\"elementor-widget-container\">\n\t\t\t\t\t\t\t\t\t<p class=\"p1\"><b>Qui est le responsable du traitement de vos donn\u00e9es ?<\/b><\/p>\t\t\t\t\t\t\t\t<\/div>\n\t\t\t\t<\/div>\n\t\t\t\t<div class=\"elementor-element elementor-element-9a2ff65 elementor-widget elementor-widget-text-editor\" data-id=\"9a2ff65\" data-element_type=\"widget\" data-e-type=\"widget\" data-widget_type=\"text-editor.default\">\n\t\t\t\t<div class=\"elementor-widget-container\">\n\t\t\t\t\t\t\t\t\t<ul><li class=\"li1\"><b>Identit\u00e9:<\/b> CARIMA SOLUTIONS S.L.<\/li><li class=\"li1\"><b>Adresse postale: <\/b>Calle Iribar 1, B1 \u2013 20018 Donostia (Gipuzkoa)<\/li><li class=\"li1\"><b>T\u00e9l\u00e9phone:<\/b> 943 06 20 16<span class=\"Apple-converted-space\"> <\/span><\/li><li class=\"li1\"><b>Adresse \u00e9lectronique:<\/b> info@carimatech.com<\/li><\/ul>\t\t\t\t\t\t\t\t<\/div>\n\t\t\t\t<\/div>\n\t\t\t\t<\/div>\n\t\t<div class=\"elementor-element elementor-element-996987f e-con-full e-flex e-con e-child\" data-id=\"996987f\" data-element_type=\"container\" data-e-type=\"container\">\n\t\t\t\t<\/div>\n\t\t\t\t\t<\/div>\n\t\t\t\t<\/div>\n\t\t<div class=\"elementor-element elementor-element-ca25c54 e-flex e-con-boxed e-con e-parent\" data-id=\"ca25c54\" data-element_type=\"container\" data-e-type=\"container\">\n\t\t\t\t\t<div class=\"e-con-inner\">\n\t\t<div class=\"elementor-element elementor-element-4e2d9ce e-con-full e-flex e-con e-child\" data-id=\"4e2d9ce\" data-element_type=\"container\" data-e-type=\"container\">\n\t\t\t\t<div class=\"elementor-element elementor-element-3afc857 elementor-widget elementor-widget-text-editor\" data-id=\"3afc857\" data-element_type=\"widget\" data-e-type=\"widget\" data-widget_type=\"text-editor.default\">\n\t\t\t\t<div class=\"elementor-widget-container\">\n\t\t\t\t\t\t\t\t\t<p class=\"p1\"><b>\u00c0 quelles fins traitons-nous vos donn\u00e9es personnelles ?<\/b><\/p>\t\t\t\t\t\t\t\t<\/div>\n\t\t\t\t<\/div>\n\t\t\t\t<div class=\"elementor-element elementor-element-42aced8 elementor-widget elementor-widget-text-editor\" data-id=\"42aced8\" data-element_type=\"widget\" data-e-type=\"widget\" data-widget_type=\"text-editor.default\">\n\t\t\t\t<div class=\"elementor-widget-container\">\n\t\t\t\t\t\t\t\t\t<ul class=\"ul1\"><li class=\"li1\">Au sein du Groupe Qinera, nous traitons les informations fournies par les personnes int\u00e9ress\u00e9es afin de fournir les services et\/ou produits propos\u00e9s par notre organisation.<\/li><li class=\"li1\">Dans le cadre du service commercial et du service apr\u00e8s-vente, l\u2019image de l\u2019utilisateur peut \u00eatre visible, puisque la connexion s\u2019effectue via un acc\u00e8s \u00e0 distance en direct. Cette image ne sera ni enregistr\u00e9e ni trait\u00e9e ult\u00e9rieurement ; elle sera uniquement utilis\u00e9e pour le service apr\u00e8s-vente en temps r\u00e9el. La base l\u00e9gale de ce traitement est le consentement de la personne concern\u00e9e.  <\/li><li class=\"li1\">Aucune d\u00e9cision automatis\u00e9e ne sera prise \u00e0 partir des donn\u00e9es fournies.<\/li><li class=\"li1\">Les donn\u00e9es personnelles seront conserv\u00e9es pendant la dur\u00e9e strictement n\u00e9cessaire \u00e0 la prestation du service demand\u00e9 ou \u00e0 la commercialisation du produit, tant que l\u2019int\u00e9ress\u00e9 n\u2019en demande pas la suppression et pendant les d\u00e9lais l\u00e9galement \u00e9tablis.<\/li><\/ul>\t\t\t\t\t\t\t\t<\/div>\n\t\t\t\t<\/div>\n\t\t\t\t<\/div>\n\t\t<div class=\"elementor-element elementor-element-cf5d2a6 e-con-full e-flex e-con e-child\" data-id=\"cf5d2a6\" data-element_type=\"container\" data-e-type=\"container\">\n\t\t\t\t<\/div>\n\t\t\t\t\t<\/div>\n\t\t\t\t<\/div>\n\t\t<div class=\"elementor-element elementor-element-f302101 e-flex e-con-boxed e-con e-parent\" data-id=\"f302101\" data-element_type=\"container\" data-e-type=\"container\">\n\t\t\t\t\t<div class=\"e-con-inner\">\n\t\t<div class=\"elementor-element elementor-element-6a85d55 e-con-full e-flex e-con e-child\" data-id=\"6a85d55\" data-element_type=\"container\" data-e-type=\"container\">\n\t\t\t\t<div class=\"elementor-element elementor-element-cd3236a elementor-widget elementor-widget-text-editor\" data-id=\"cd3236a\" data-element_type=\"widget\" data-e-type=\"widget\" data-widget_type=\"text-editor.default\">\n\t\t\t\t<div class=\"elementor-widget-container\">\n\t\t\t\t\t\t\t\t\t<p class=\"p1\"><b>Combien de temps conserverons-nous vos donn\u00e9es ?<\/b><\/p>\t\t\t\t\t\t\t\t<\/div>\n\t\t\t\t<\/div>\n\t\t\t\t<div class=\"elementor-element elementor-element-4d868e8 elementor-widget elementor-widget-text-editor\" data-id=\"4d868e8\" data-element_type=\"widget\" data-e-type=\"widget\" data-widget_type=\"text-editor.default\">\n\t\t\t\t<div class=\"elementor-widget-container\">\n\t\t\t\t\t\t\t\t\t<div id=\"RNwMmMzB1Sq2tUPLhDWaL44AFyBmapb1\" class=\"widget widget-text\"><ul><li class=\"li1\">La base juridique du traitement de vos donn\u00e9es sera, selon les cas, le consentement de l\u2019int\u00e9ress\u00e9, l\u2019ex\u00e9cution d\u2019un contrat ou l\u2019int\u00e9r\u00eat l\u00e9gitime.<\/li><li class=\"li1\">La base l\u00e9gale pour le traitement des images est \u00e9galement le consentement de la personne concern\u00e9e.<\/li><li class=\"li1\">La base l\u00e9gale pour l\u2019acc\u00e8s \u00e0 distance dans le cadre du service apr\u00e8s-vente est le consentement de l\u2019utilisateur.<\/li><li class=\"li1\">Le traitement des donn\u00e9es destin\u00e9 \u00e0 l\u2019envoi de communications commerciales \u00e0 nos clients et contacts professionnels inscrits sur notre site web repose sur l\u2019int\u00e9r\u00eat l\u00e9gitime pr\u00e9vu par le R\u00e8glement europ\u00e9en et la Loi sur les Services de la Soci\u00e9t\u00e9 de l\u2019Information. Si vous pr\u00e9f\u00e9rez ne plus recevoir ces messages, vous pourrez exercer votre droit d\u2019opposition via les m\u00eames communications. <\/li><\/ul><\/div>\t\t\t\t\t\t\t\t<\/div>\n\t\t\t\t<\/div>\n\t\t\t\t<\/div>\n\t\t<div class=\"elementor-element elementor-element-f3260ef e-con-full e-flex e-con e-child\" data-id=\"f3260ef\" data-element_type=\"container\" data-e-type=\"container\">\n\t\t\t\t<\/div>\n\t\t\t\t\t<\/div>\n\t\t\t\t<\/div>\n\t\t<div class=\"elementor-element elementor-element-af37d30 e-flex e-con-boxed e-con e-parent\" data-id=\"af37d30\" data-element_type=\"container\" data-e-type=\"container\">\n\t\t\t\t\t<div class=\"e-con-inner\">\n\t\t<div class=\"elementor-element elementor-element-55489c4 e-con-full e-flex e-con e-child\" data-id=\"55489c4\" data-element_type=\"container\" data-e-type=\"container\">\n\t\t\t\t<div class=\"elementor-element elementor-element-9fc484c elementor-widget elementor-widget-text-editor\" data-id=\"9fc484c\" data-element_type=\"widget\" data-e-type=\"widget\" data-widget_type=\"text-editor.default\">\n\t\t\t\t<div class=\"elementor-widget-container\">\n\t\t\t\t\t\t\t\t\t<p class=\"p1\"><b>Quelle est la l\u00e9gitimation du traitement de vos donn\u00e9es ?<\/b><\/p>\t\t\t\t\t\t\t\t<\/div>\n\t\t\t\t<\/div>\n\t\t\t\t<div class=\"elementor-element elementor-element-130f80f elementor-widget elementor-widget-text-editor\" data-id=\"130f80f\" data-element_type=\"widget\" data-e-type=\"widget\" data-widget_type=\"text-editor.default\">\n\t\t\t\t<div class=\"elementor-widget-container\">\n\t\t\t\t\t\t\t\t\t<ul class=\"ul1\"><li class=\"li1\">Les donn\u00e9es ne seront pas communiqu\u00e9es \u00e0 des tiers, sauf obligation l\u00e9gale.<\/li><\/ul>\t\t\t\t\t\t\t\t<\/div>\n\t\t\t\t<\/div>\n\t\t\t\t<\/div>\n\t\t<div class=\"elementor-element elementor-element-90e30ce e-con-full e-flex e-con e-child\" data-id=\"90e30ce\" data-element_type=\"container\" data-e-type=\"container\">\n\t\t\t\t<\/div>\n\t\t\t\t\t<\/div>\n\t\t\t\t<\/div>\n\t\t<div class=\"elementor-element elementor-element-9f5bc33 e-flex e-con-boxed e-con e-parent\" data-id=\"9f5bc33\" data-element_type=\"container\" data-e-type=\"container\">\n\t\t\t\t\t<div class=\"e-con-inner\">\n\t\t<div class=\"elementor-element elementor-element-104361b e-con-full e-flex e-con e-child\" data-id=\"104361b\" data-element_type=\"container\" data-e-type=\"container\">\n\t\t\t\t<div class=\"elementor-element elementor-element-614f3bd elementor-widget elementor-widget-text-editor\" data-id=\"614f3bd\" data-element_type=\"widget\" data-e-type=\"widget\" data-widget_type=\"text-editor.default\">\n\t\t\t\t<div class=\"elementor-widget-container\">\n\t\t\t\t\t\t\t\t\t<p class=\"p1\"><b>\u00c0 quels destinataires vos donn\u00e9es seront-elles communiqu\u00e9es ?<\/b><\/p>\t\t\t\t\t\t\t\t<\/div>\n\t\t\t\t<\/div>\n\t\t\t\t<div class=\"elementor-element elementor-element-9aa4060 elementor-widget elementor-widget-text-editor\" data-id=\"9aa4060\" data-element_type=\"widget\" data-e-type=\"widget\" data-widget_type=\"text-editor.default\">\n\t\t\t\t<div class=\"elementor-widget-container\">\n\t\t\t\t\t\t\t\t\t<div id=\"hqT7AniuBmb5ZUym5lVwJSKNe59AkUR8\" class=\"widget widget-text\"><ul><li>Les donn\u00e9es ne seront pas communiqu\u00e9es \u00e0 des tiers, sauf obligation l\u00e9gale.<\/li><\/ul><\/div>\t\t\t\t\t\t\t\t<\/div>\n\t\t\t\t<\/div>\n\t\t\t\t<\/div>\n\t\t<div class=\"elementor-element elementor-element-8070c9c e-con-full e-flex e-con e-child\" data-id=\"8070c9c\" data-element_type=\"container\" data-e-type=\"container\">\n\t\t\t\t<\/div>\n\t\t\t\t\t<\/div>\n\t\t\t\t<\/div>\n\t\t<div class=\"elementor-element elementor-element-62eb5fb e-flex e-con-boxed e-con e-parent\" data-id=\"62eb5fb\" data-element_type=\"container\" data-e-type=\"container\">\n\t\t\t\t\t<div class=\"e-con-inner\">\n\t\t<div class=\"elementor-element elementor-element-206bccf e-con-full e-flex e-con e-child\" data-id=\"206bccf\" data-element_type=\"container\" data-e-type=\"container\">\n\t\t\t\t<div class=\"elementor-element elementor-element-b27cfde elementor-widget elementor-widget-text-editor\" data-id=\"b27cfde\" data-element_type=\"widget\" data-e-type=\"widget\" data-widget_type=\"text-editor.default\">\n\t\t\t\t<div class=\"elementor-widget-container\">\n\t\t\t\t\t\t\t\t\t<h4 class=\"p1\"><b>Transferts de donn\u00e9es vers des pays tiers<\/b><\/h4>\t\t\t\t\t\t\t\t<\/div>\n\t\t\t\t<\/div>\n\t\t\t\t<div class=\"elementor-element elementor-element-6c8c05a elementor-widget elementor-widget-text-editor\" data-id=\"6c8c05a\" data-element_type=\"widget\" data-e-type=\"widget\" data-widget_type=\"text-editor.default\">\n\t\t\t\t<div class=\"elementor-widget-container\">\n\t\t\t\t\t\t\t\t\t<p class=\"p1\"><b>Comment avons-nous obtenu vos donn\u00e9es ?<\/b><\/p>\t\t\t\t\t\t\t\t<\/div>\n\t\t\t\t<\/div>\n\t\t\t\t<div class=\"elementor-element elementor-element-5019d01 elementor-widget elementor-widget-text-editor\" data-id=\"5019d01\" data-element_type=\"widget\" data-e-type=\"widget\" data-widget_type=\"text-editor.default\">\n\t\t\t\t<div class=\"elementor-widget-container\">\n\t\t\t\t\t\t\t\t\t<div id=\"h8d18uGvp131HaFunBDzVBM6fmf6lsaT\" class=\"widget widget-text\"><ul><li class=\"li1\">Les donn\u00e9es proviennent de la personne concern\u00e9e, ou du p\u00e8re, de la m\u00e8re ou du tuteur l\u00e9gal en cas de mineurs de moins de 14 ans ou de personnes en situation de handicap. Dans certains cas, les donn\u00e9es sont fournies par les r\u00e9sidences ou centres sp\u00e9cialis\u00e9s eux-m\u00eames. <\/li><li class=\"li1\">Les cat\u00e9gories particuli\u00e8res de donn\u00e9es trait\u00e9es comprennent notamment des donn\u00e9es de sant\u00e9.<\/li><\/ul><\/div>\t\t\t\t\t\t\t\t<\/div>\n\t\t\t\t<\/div>\n\t\t\t\t<div class=\"elementor-element elementor-element-18c3aae elementor-widget elementor-widget-text-editor\" data-id=\"18c3aae\" data-element_type=\"widget\" data-e-type=\"widget\" data-widget_type=\"text-editor.default\">\n\t\t\t\t<div class=\"elementor-widget-container\">\n\t\t\t\t\t\t\t\t\t<p class=\"p1\"><b>Quels sont vos droits lorsque vous nous fournissez vos donn\u00e9es ?<\/b><\/p>\t\t\t\t\t\t\t\t<\/div>\n\t\t\t\t<\/div>\n\t\t\t\t<div class=\"elementor-element elementor-element-6f65e70 elementor-widget elementor-widget-text-editor\" data-id=\"6f65e70\" data-element_type=\"widget\" data-e-type=\"widget\" data-widget_type=\"text-editor.default\">\n\t\t\t\t<div class=\"elementor-widget-container\">\n\t\t\t\t\t\t\t\t\t<div id=\"h8d18uGvp131HaFunBDzVBM6fmf6lsaT\" class=\"widget widget-text\"><ul><li class=\"li1\">Toute personne a le droit d\u2019obtenir la confirmation que le Groupe Qinera traite ou non des donn\u00e9es personnelles la concernant.<\/li><li class=\"li1\">Les personnes int\u00e9ress\u00e9es ont le droit d\u2019acc\u00e9der \u00e0 leurs donn\u00e9es personnelles, de demander la rectification des donn\u00e9es inexactes, ou leur suppression lorsque les donn\u00e9es ne sont plus n\u00e9cessaires aux finalit\u00e9s pour lesquelles elles ont \u00e9t\u00e9 collect\u00e9es. Elles disposent \u00e9galement du droit \u00e0 la portabilit\u00e9 de leurs donn\u00e9es. <\/li><li class=\"li1\">Dans certaines circonstances, les personnes concern\u00e9es peuvent demander la limitation du traitement, auquel cas les donn\u00e9es seront uniquement conserv\u00e9es pour l\u2019exercice ou la d\u00e9fense de r\u00e9clamations.<\/li><li class=\"li1\">Pour des raisons tenant \u00e0 leur situation particuli\u00e8re, les int\u00e9ress\u00e9s peuvent s\u2019opposer au traitement. Dans ce cas, le Groupe Qinera cessera de traiter les donn\u00e9es, sauf motifs l\u00e9gitimes imp\u00e9rieux ou exercice\/d\u00e9fense de r\u00e9clamations \u00e9ventuelles. <\/li><li class=\"li1\">L\u2019exercice des droits doit se faire par e-mail adress\u00e9 \u00e0 <span class=\"s2\"><a href=\"mailto:info@carimatech.com\">info@carimatech.com<\/a><\/span>, en s\u2019identifiant correctement et en indiquant clairement le droit que l\u2019on souhaite exercer.<\/li><li class=\"li1\">Si vous avez donn\u00e9 votre consentement pour une finalit\u00e9 particuli\u00e8re, vous pouvez le retirer \u00e0 tout moment, sans affecter la lic\u00e9it\u00e9 du traitement effectu\u00e9 avant le retrait.<\/li><li class=\"li1\">Si vous estimez que vos droits ont \u00e9t\u00e9 viol\u00e9s, notamment si vous n\u2019avez pas obtenu satisfaction dans l\u2019exercice de vos droits, vous pouvez vous adresser au D\u00e9l\u00e9gu\u00e9 \u00e0 la Protection des Donn\u00e9es, s\u2019il en existe un, ou d\u00e9poser une r\u00e9clamation aupr\u00e8s de l\u2019Autorit\u00e9 de Contr\u00f4le comp\u00e9tente :<a href=\"https:\/\/www.carimatech.com\/www.aepd.es\"> www.aepd.es.<\/a><\/li><\/ul><\/div>\t\t\t\t\t\t\t\t<\/div>\n\t\t\t\t<\/div>\n\t\t\t\t<\/div>\n\t\t<div class=\"elementor-element elementor-element-fa089a8 e-con-full e-flex e-con e-child\" data-id=\"fa089a8\" data-element_type=\"container\" data-e-type=\"container\">\n\t\t\t\t<\/div>\n\t\t\t\t\t<\/div>\n\t\t\t\t<\/div>\n\t\t<div class=\"elementor-element elementor-element-581ca75 e-flex e-con-boxed e-con e-parent\" data-id=\"581ca75\" data-element_type=\"container\" data-e-type=\"container\">\n\t\t\t\t\t<div class=\"e-con-inner\">\n\t\t<div class=\"elementor-element elementor-element-31b6623 e-con-full e-flex e-con e-child\" data-id=\"31b6623\" data-element_type=\"container\" data-e-type=\"container\">\n\t\t\t\t<div class=\"elementor-element elementor-element-8c8fcdc elementor-widget elementor-widget-text-editor\" data-id=\"8c8fcdc\" data-element_type=\"widget\" data-e-type=\"widget\" data-widget_type=\"text-editor.default\">\n\t\t\t\t<div class=\"elementor-widget-container\">\n\t\t\t\t\t\t\t\t\t<p class=\"p1\"><b>Informations suppl\u00e9mentaires sur le traitement de vos donn\u00e9es<\/b><\/p>\t\t\t\t\t\t\t\t<\/div>\n\t\t\t\t<\/div>\n\t\t\t\t<div class=\"elementor-element elementor-element-7e072d5 elementor-widget elementor-widget-text-editor\" data-id=\"7e072d5\" data-element_type=\"widget\" data-e-type=\"widget\" data-widget_type=\"text-editor.default\">\n\t\t\t\t<div class=\"elementor-widget-container\">\n\t\t\t\t\t\t\t\t\t<ul><li class=\"li1\">Lorsque nous avons besoin d\u2019obtenir des informations de votre part, nous vous demanderons toujours de nous les fournir volontairement, en donnant votre consentement de mani\u00e8re explicite via les moyens pr\u00e9vus.<\/li><li class=\"li1\">Les donn\u00e9es collect\u00e9es par le biais des formulaires du site web ou par d\u2019autres moyens seront int\u00e9gr\u00e9es au Registre des Activit\u00e9s de Traitement dont le Groupe Qinera est responsable.<\/li><li class=\"li1\">Le Groupe Qinera traite les donn\u00e9es de mani\u00e8re confidentielle et met en \u0153uvre les mesures techniques et organisationnelles appropri\u00e9es pour garantir un niveau de s\u00e9curit\u00e9 adapt\u00e9, conform\u00e9ment au R\u00e8glement (UE) 2016\/679 et \u00e0 la r\u00e9glementation applicable en mati\u00e8re de protection des donn\u00e9es.<\/li><li class=\"li1\">Cependant, le Groupe Qinera ne peut garantir l\u2019invuln\u00e9rabilit\u00e9 absolue des syst\u00e8mes et ne saurait \u00eatre tenu responsable des dommages d\u00e9coulant d\u2019\u00e9ventuelles alt\u00e9rations provoqu\u00e9es par des tiers dans les syst\u00e8mes informatiques, documents \u00e9lectroniques ou fichiers de l\u2019utilisateur.<\/li><li class=\"li1\">Si vous quittez notre site via des liens vers des sites web n\u2019appartenant pas \u00e0 notre organisation, le Groupe Qinera ne sera pas responsable des politiques de confidentialit\u00e9 de ces sites ni des cookies qu\u2019ils peuvent installer sur votre ordinateur.<\/li><\/ul>\t\t\t\t\t\t\t\t<\/div>\n\t\t\t\t<\/div>\n\t\t\t\t<\/div>\n\t\t<div class=\"elementor-element elementor-element-29bed01 e-con-full e-flex e-con e-child\" data-id=\"29bed01\" data-element_type=\"container\" data-e-type=\"container\">\n\t\t\t\t<\/div>\n\t\t\t\t\t<\/div>\n\t\t\t\t<\/div>\n\t\t\t\t<\/div>\n\t\t","protected":false},"excerpt":{"rendered":"<p>Carima est une entreprise du Groupe Qinera.<\/p>\n","protected":false},"author":1,"featured_media":0,"parent":0,"menu_order":0,"comment_status":"closed","ping_status":"closed","template":"","meta":{"_acf_changed":false,"footnotes":""},"class_list":["post-4305","page","type-page","status-publish","hentry"],"acf":[],"yoast_head":"<!-- This site is optimized with the Yoast SEO plugin v27.5 - https:\/\/yoast.com\/product\/yoast-seo-wordpress\/ -->\n<title>Politique de confidentialit\u00e9 - Carima<\/title>\n<meta name=\"robots\" content=\"index, follow, max-snippet:-1, max-image-preview:large, max-video-preview:-1\" \/>\n<link rel=\"canonical\" href=\"https:\/\/www.carimatech.com\/fr\/politique-de-confidentialite\/\" \/>\n<meta property=\"og:locale\" content=\"fr_FR\" \/>\n<meta property=\"og:type\" content=\"article\" \/>\n<meta property=\"og:title\" content=\"Politique de confidentialit\u00e9 - Carima\" \/>\n<meta property=\"og:description\" content=\"Carima est une entreprise du Groupe Qinera.\" \/>\n<meta property=\"og:url\" content=\"https:\/\/www.carimatech.com\/fr\/politique-de-confidentialite\/\" \/>\n<meta property=\"og:site_name\" content=\"Carima\" \/>\n<meta property=\"article:modified_time\" content=\"2025-11-19T14:12:40+00:00\" \/>\n<meta name=\"twitter:card\" content=\"summary_large_image\" \/>\n<meta name=\"twitter:label1\" content=\"Dur\u00e9e de lecture estim\u00e9e\" \/>\n\t<meta name=\"twitter:data1\" content=\"5 minutes\" \/>\n<script type=\"application\/ld+json\" class=\"yoast-schema-graph\">{\"@context\":\"https:\\\/\\\/schema.org\",\"@graph\":[{\"@type\":\"WebPage\",\"@id\":\"https:\\\/\\\/www.carimatech.com\\\/fr\\\/politique-de-confidentialite\\\/\",\"url\":\"https:\\\/\\\/www.carimatech.com\\\/fr\\\/politique-de-confidentialite\\\/\",\"name\":\"Politique de confidentialit\u00e9 - Carima\",\"isPartOf\":{\"@id\":\"https:\\\/\\\/www.carimatech.com\\\/fr\\\/#website\"},\"datePublished\":\"2024-11-27T13:39:43+00:00\",\"dateModified\":\"2025-11-19T14:12:40+00:00\",\"breadcrumb\":{\"@id\":\"https:\\\/\\\/www.carimatech.com\\\/fr\\\/politique-de-confidentialite\\\/#breadcrumb\"},\"inLanguage\":\"fr-FR\",\"potentialAction\":[{\"@type\":\"ReadAction\",\"target\":[\"https:\\\/\\\/www.carimatech.com\\\/fr\\\/politique-de-confidentialite\\\/\"]}]},{\"@type\":\"BreadcrumbList\",\"@id\":\"https:\\\/\\\/www.carimatech.com\\\/fr\\\/politique-de-confidentialite\\\/#breadcrumb\",\"itemListElement\":[{\"@type\":\"ListItem\",\"position\":1,\"name\":\"Portada\",\"item\":\"https:\\\/\\\/www.carimatech.com\\\/fr\\\/home\\\/\"},{\"@type\":\"ListItem\",\"position\":2,\"name\":\"Politique de confidentialit\u00e9\"}]},{\"@type\":\"WebSite\",\"@id\":\"https:\\\/\\\/www.carimatech.com\\\/fr\\\/#website\",\"url\":\"https:\\\/\\\/www.carimatech.com\\\/fr\\\/\",\"name\":\"Carima\",\"description\":\"\",\"potentialAction\":[{\"@type\":\"SearchAction\",\"target\":{\"@type\":\"EntryPoint\",\"urlTemplate\":\"https:\\\/\\\/www.carimatech.com\\\/fr\\\/?s={search_term_string}\"},\"query-input\":{\"@type\":\"PropertyValueSpecification\",\"valueRequired\":true,\"valueName\":\"search_term_string\"}}],\"inLanguage\":\"fr-FR\"}]}<\/script>\n<!-- \/ Yoast SEO plugin. -->","yoast_head_json":{"title":"Politique de confidentialit\u00e9 - Carima","robots":{"index":"index","follow":"follow","max-snippet":"max-snippet:-1","max-image-preview":"max-image-preview:large","max-video-preview":"max-video-preview:-1"},"canonical":"https:\/\/www.carimatech.com\/fr\/politique-de-confidentialite\/","og_locale":"fr_FR","og_type":"article","og_title":"Politique de confidentialit\u00e9 - Carima","og_description":"Carima est une entreprise du Groupe Qinera.","og_url":"https:\/\/www.carimatech.com\/fr\/politique-de-confidentialite\/","og_site_name":"Carima","article_modified_time":"2025-11-19T14:12:40+00:00","twitter_card":"summary_large_image","twitter_misc":{"Dur\u00e9e de lecture estim\u00e9e":"5 minutes"},"schema":{"@context":"https:\/\/schema.org","@graph":[{"@type":"WebPage","@id":"https:\/\/www.carimatech.com\/fr\/politique-de-confidentialite\/","url":"https:\/\/www.carimatech.com\/fr\/politique-de-confidentialite\/","name":"Politique de confidentialit\u00e9 - Carima","isPartOf":{"@id":"https:\/\/www.carimatech.com\/fr\/#website"},"datePublished":"2024-11-27T13:39:43+00:00","dateModified":"2025-11-19T14:12:40+00:00","breadcrumb":{"@id":"https:\/\/www.carimatech.com\/fr\/politique-de-confidentialite\/#breadcrumb"},"inLanguage":"fr-FR","potentialAction":[{"@type":"ReadAction","target":["https:\/\/www.carimatech.com\/fr\/politique-de-confidentialite\/"]}]},{"@type":"BreadcrumbList","@id":"https:\/\/www.carimatech.com\/fr\/politique-de-confidentialite\/#breadcrumb","itemListElement":[{"@type":"ListItem","position":1,"name":"Portada","item":"https:\/\/www.carimatech.com\/fr\/home\/"},{"@type":"ListItem","position":2,"name":"Politique de confidentialit\u00e9"}]},{"@type":"WebSite","@id":"https:\/\/www.carimatech.com\/fr\/#website","url":"https:\/\/www.carimatech.com\/fr\/","name":"Carima","description":"","potentialAction":[{"@type":"SearchAction","target":{"@type":"EntryPoint","urlTemplate":"https:\/\/www.carimatech.com\/fr\/?s={search_term_string}"},"query-input":{"@type":"PropertyValueSpecification","valueRequired":true,"valueName":"search_term_string"}}],"inLanguage":"fr-FR"}]}},"_links":{"self":[{"href":"https:\/\/www.carimatech.com\/fr\/wp-json\/wp\/v2\/pages\/4305","targetHints":{"allow":["GET"]}}],"collection":[{"href":"https:\/\/www.carimatech.com\/fr\/wp-json\/wp\/v2\/pages"}],"about":[{"href":"https:\/\/www.carimatech.com\/fr\/wp-json\/wp\/v2\/types\/page"}],"author":[{"embeddable":true,"href":"https:\/\/www.carimatech.com\/fr\/wp-json\/wp\/v2\/users\/1"}],"replies":[{"embeddable":true,"href":"https:\/\/www.carimatech.com\/fr\/wp-json\/wp\/v2\/comments?post=4305"}],"version-history":[{"count":1,"href":"https:\/\/www.carimatech.com\/fr\/wp-json\/wp\/v2\/pages\/4305\/revisions"}],"predecessor-version":[{"id":4306,"href":"https:\/\/www.carimatech.com\/fr\/wp-json\/wp\/v2\/pages\/4305\/revisions\/4306"}],"wp:attachment":[{"href":"https:\/\/www.carimatech.com\/fr\/wp-json\/wp\/v2\/media?parent=4305"}],"curies":[{"name":"wp","href":"https:\/\/api.w.org\/{rel}","templated":true}]}}